{"id":699116,"date":"2025-12-22T17:57:48","date_gmt":"2025-12-22T14:57:48","guid":{"rendered":"https:\/\/nbg.eu\/product\/paket-puskar-ii\/"},"modified":"2026-04-15T14:09:43","modified_gmt":"2026-04-15T11:09:43","slug":"paket-puskar-ii","status":"publish","type":"product","link":"https:\/\/nbg.eu\/hr\/proizvod\/paket-puskar-ii\/","title":{"rendered":"Eberlestock Ruksak G2 Gunslinger II"},"content":{"rendered":"<h2>Gunslinger II\u2122 Takti\u010dka Torba<\/h2>\n<p>Gunslinger II\u2122 je srednja veli\u010dine takti\u010dka torba s punom \u0161irinom tuljka za smje\u0161taj oru\u017eja s ve\u0107im popre\u010dnim presjekom ili voluminozne oprike. \u0160iroki tuljak tako\u0111er omogu\u0107uje da slu\u017ei kao odli\u010dan spremnik za prijenosno ra\u010dunalo ili vojni radio. \u010cak i kada je tuljak sklopljen, u nju \u0107e stati ve\u0107ina kratkih cijevi. Gunslinger II ima kapacitet od 2100 kubi\u010dnih in\u010da i dolazi standardno s na\u0161im Intex-II\u2122 tubularnim nosivim sustavom, potpuno podesivim naramenicama i jastu\u010dastim pojasem.<\/p>\n<h2>Dimenzije<\/h2>\n<p>Volumen torbe: 2.100 c.i. \/ 34,41 L<br \/>\nVolumen tuljka: 600 c.i.<br \/>\n-Ukupni volumen: 44 litara \/ 2.700 c.i.<br \/>\n-Te\u017eina: 6 funti i 8 unci.<br \/>\n-Dimenzije glavne torbe: 22&#8243;v x 10&#8243;\u0161 x 8&#8243;d<br \/>\n-Dimenzije tuljka: 34&#8243;D x 10&#8243;\u0160 x 3&#8243;V, s otvorom obujma 26&#8243;. GSTC pokrov omogu\u0107uje zatvoreni prijevoz oru\u017eja do 60&#8243;.<br \/>\n-Stvarna te\u017eina: 6,5 funti (s GSTC).<\/p>\n<h2>Zna\u010dajke<\/h2>\n<p>Gornji d\u017eep poklopca<br \/>\n-Nosivi panel<br \/>\n-D\u017eepovi za boce s vodom<br \/>\n-Integrirani tuljak za pu\u0161ku<br \/>\n-Grapple stezni remeni<br \/>\n-Gornji vezni zatvara\u010d i prednji patentni zatvara\u010d<br \/>\n-Intex II tubularni okvir<\/p>\n","protected":false},"excerpt":{"rendered":"<p>Gunslinger II\u2122 je takti\u010dka ruksak srednje veli\u010dine s punom \u0161irinom korice za bolje smje\u0161tanje oru\u017eja s ve\u0107im popre\u010dnim presjekom ili voluminoznih opti\u010dkih ure\u0111aja.<\/p>\n","protected":false},"featured_media":699147,"template":"","meta":{"_acf_changed":false},"product_brand":[15140],"product_cat":[13513],"product_tag":[],"class_list":{"0":"post-699116","1":"product","2":"type-product","3":"status-publish","4":"has-post-thumbnail","6":"product_brand-eberlestock","7":"product_cat-ruksaci","9":"first","10":"instock","11":"taxable","12":"shipping-taxable","13":"purchasable","14":"product-type-variable","15":"wvs-archive-product-wrapper"},"acf":[],"_links":{"self":[{"href":"https:\/\/nbg.eu\/hr\/wp-json\/wp\/v2\/product\/699116","targetHints":{"allow":["GET"]}}],"collection":[{"href":"https:\/\/nbg.eu\/hr\/wp-json\/wp\/v2\/product"}],"about":[{"href":"https:\/\/nbg.eu\/hr\/wp-json\/wp\/v2\/types\/product"}],"wp:featuredmedia":[{"embeddable":true,"href":"https:\/\/nbg.eu\/hr\/wp-json\/wp\/v2\/media\/699147"}],"wp:attachment":[{"href":"https:\/\/nbg.eu\/hr\/wp-json\/wp\/v2\/media?parent=699116"}],"wp:term":[{"taxonomy":"product_brand","embeddable":true,"href":"https:\/\/nbg.eu\/hr\/wp-json\/wp\/v2\/product_brand?post=699116"},{"taxonomy":"product_cat","embeddable":true,"href":"https:\/\/nbg.eu\/hr\/wp-json\/wp\/v2\/product_cat?post=699116"},{"taxonomy":"product_tag","embeddable":true,"href":"https:\/\/nbg.eu\/hr\/wp-json\/wp\/v2\/product_tag?post=699116"}],"curies":[{"name":"wp","href":"https:\/\/api.w.org\/{rel}","templated":true}]}}