{"id":699641,"date":"2025-12-22T18:02:07","date_gmt":"2025-12-22T15:02:07","guid":{"rendered":"https:\/\/nbg.eu\/product\/kisobran\/"},"modified":"2026-04-15T14:09:40","modified_gmt":"2026-04-15T11:09:40","slug":"kisobran","status":"publish","type":"product","link":"https:\/\/nbg.eu\/hr\/proizvod\/kisobran\/","title":{"rendered":"Eberlestock Navlaka za Dalekozor Recon"},"content":{"rendered":"<h2>Bino Rain Fly: Kompaktna i lagana za\u0161tita za va\u0161e opti\u010dke instrumente<\/h2>\n<p>Bino Rain Fly je versatilno i kompaktno rje\u0161enje za odr\u017eavanje va\u0161ih dalekozora suhima i za\u0161ti\u0107enima od vremenskih uvjeta. Dizajniran za besprijekornu integraciju s Recon Bino Harness-om, ova ki\u0161na za\u0161tita pru\u017ea pouzdano pokrivanje i prakti\u010dnost.<\/p>\n<p>Izra\u0111en od izdr\u017eljivih, lakih materijala, Bino Rain Fly se stapa u prilo\u017eenu navlaku, \u010dine\u0107i ga lakim za no\u0161enje i dostupnim kada je potrebno. 10 mm Hangar remen omogu\u0107uje vam da sigurno pri\u010dvrstite ki\u0161nu za\u0161titu na va\u0161 pribor, osiguravaju\u0107i da va\u0161i dalekozori ostanu za\u0161ti\u0107eni od ki\u0161e, snijega i drugih vremenskih uvjeta.<\/p>\n<p>S njegovim dizajnom za puno pokrivanje, Bino Rain Fly u potpunosti obavija Recon Bino Harness, pru\u017eaju\u0107i sveobuhvatnu za\u0161titu za va\u0161e opti\u010dke instrumente. Ostanite usredoto\u010deni na svoja vanjska istra\u017eivanja bez brige da \u0107e elementi kompromitirati va\u0161e iskustvo gledanja.<\/p>\n<p>Bilo da promatrate ptice, lovite ili istra\u017eujete vanjski prostor, Bino Rain Fly je nezaobilazan dodatak za odr\u017eavanje va\u0161ih dalekozora suhima i u vrhunskom stanju. Kompaktan, lagan i lako za uporabu, savr\u0161en je pratilac za svakog ljubitelja vanjskih aktivnosti.<\/p>\n","protected":false},"excerpt":{"rendered":"<p>Kompaktan, lagan ki\u0161ni prekriva\u010d koji \u0161titi va\u0161 Recon Bino Harness.<\/p>\n","protected":false},"featured_media":700029,"template":"","meta":{"_acf_changed":false},"product_brand":[15140],"product_cat":[15226],"product_tag":[],"class_list":{"0":"post-699641","1":"product","2":"type-product","3":"status-publish","4":"has-post-thumbnail","6":"product_brand-eberlestock","7":"product_cat-binocular-harnesses-hr","9":"first","10":"instock","11":"taxable","12":"shipping-taxable","13":"purchasable","14":"product-type-variable","15":"wvs-archive-product-wrapper"},"acf":[],"_links":{"self":[{"href":"https:\/\/nbg.eu\/hr\/wp-json\/wp\/v2\/product\/699641","targetHints":{"allow":["GET"]}}],"collection":[{"href":"https:\/\/nbg.eu\/hr\/wp-json\/wp\/v2\/product"}],"about":[{"href":"https:\/\/nbg.eu\/hr\/wp-json\/wp\/v2\/types\/product"}],"wp:featuredmedia":[{"embeddable":true,"href":"https:\/\/nbg.eu\/hr\/wp-json\/wp\/v2\/media\/700029"}],"wp:attachment":[{"href":"https:\/\/nbg.eu\/hr\/wp-json\/wp\/v2\/media?parent=699641"}],"wp:term":[{"taxonomy":"product_brand","embeddable":true,"href":"https:\/\/nbg.eu\/hr\/wp-json\/wp\/v2\/product_brand?post=699641"},{"taxonomy":"product_cat","embeddable":true,"href":"https:\/\/nbg.eu\/hr\/wp-json\/wp\/v2\/product_cat?post=699641"},{"taxonomy":"product_tag","embeddable":true,"href":"https:\/\/nbg.eu\/hr\/wp-json\/wp\/v2\/product_tag?post=699641"}],"curies":[{"name":"wp","href":"https:\/\/api.w.org\/{rel}","templated":true}]}}