{"id":700393,"date":"2025-12-22T18:10:47","date_gmt":"2025-12-22T15:10:47","guid":{"rendered":"https:\/\/nbg.eu\/product\/molle-panel\/"},"modified":"2026-04-15T14:09:36","modified_gmt":"2026-04-15T11:09:36","slug":"molle-panel","status":"publish","type":"product","link":"https:\/\/nbg.eu\/hr\/proizvod\/molle-panel\/","title":{"rendered":"Eberlestock MOLLE Panel Recon"},"content":{"rendered":"<h2>MOLLE plo\u010da za izvi\u0111anje &#8211; Vi\u0161enamjenska oprema za va\u0161 dr\u017ea\u010d za dvogled<\/h2>\n<p>MOLLE plo\u010da za izvi\u0111anje je jednostavan, a ipak vi\u0161enamjenska dodatna oprema za va\u0161 dr\u017ea\u010d za dvogled. Pru\u017ea prakti\u010dan na\u010din pri\u010dvr\u0161\u0107ivanja razli\u010ditih pretinaca, poput pretinca za sprej za medvjeda ili pretinca za daljinomjer, vodoravno ispod pretinca za dvogled. Ova plo\u010da tako\u0111er slu\u017ei kao sigurna platforma za MOLLE-kompatibilne futrole, \u0161to vam omogu\u0107uje da sigurno i ugodno nosite pi\u0161tolj na svom dr\u017ea\u010du za dvogled.<\/p>\n<p>Dimenzija 6 in\u010da \u0161irine i 3,25 in\u010da visine, MOLLE plo\u010da za izvi\u0111anje nudi kompaktan i ujedna\u010den dizajn koji ne\u0107e dodati nepotrebnu veli\u010dinu va\u0161oj opremi. Njegova MOLLE-kompatibilna konstrukcija osigurava kompatibilnost s \u0161irokim rasponom dodataka, daju\u0107i vam fleksibilnost da prilagodite svoj postav kako biste zadovoljili va\u0161e specifi\u010dne potrebe.<\/p>\n","protected":false},"excerpt":{"rendered":"<p>Vi\u0161enamjenski MOLLE panel za pri\u010dvr\u0161\u0107ivanje torbica i no\u0161enje pi\u0161tolja na remen za dvogled.<\/p>\n","protected":false},"featured_media":700456,"template":"","meta":{"_acf_changed":false},"product_brand":[15140],"product_cat":[13567],"product_tag":[],"class_list":{"0":"post-700393","1":"product","2":"type-product","3":"status-publish","4":"has-post-thumbnail","6":"product_brand-eberlestock","7":"product_cat-torbice","9":"first","10":"instock","11":"taxable","12":"shipping-taxable","13":"purchasable","14":"product-type-variable","15":"wvs-archive-product-wrapper"},"acf":[],"_links":{"self":[{"href":"https:\/\/nbg.eu\/hr\/wp-json\/wp\/v2\/product\/700393","targetHints":{"allow":["GET"]}}],"collection":[{"href":"https:\/\/nbg.eu\/hr\/wp-json\/wp\/v2\/product"}],"about":[{"href":"https:\/\/nbg.eu\/hr\/wp-json\/wp\/v2\/types\/product"}],"wp:featuredmedia":[{"embeddable":true,"href":"https:\/\/nbg.eu\/hr\/wp-json\/wp\/v2\/media\/700456"}],"wp:attachment":[{"href":"https:\/\/nbg.eu\/hr\/wp-json\/wp\/v2\/media?parent=700393"}],"wp:term":[{"taxonomy":"product_brand","embeddable":true,"href":"https:\/\/nbg.eu\/hr\/wp-json\/wp\/v2\/product_brand?post=700393"},{"taxonomy":"product_cat","embeddable":true,"href":"https:\/\/nbg.eu\/hr\/wp-json\/wp\/v2\/product_cat?post=700393"},{"taxonomy":"product_tag","embeddable":true,"href":"https:\/\/nbg.eu\/hr\/wp-json\/wp\/v2\/product_tag?post=700393"}],"curies":[{"name":"wp","href":"https:\/\/api.w.org\/{rel}","templated":true}]}}