{"id":700825,"date":"2025-12-22T18:16:35","date_gmt":"2025-12-22T15:16:35","guid":{"rendered":"https:\/\/nbg.eu\/product\/pouzdan-pretinac\/"},"modified":"2026-04-15T14:09:33","modified_gmt":"2026-04-15T11:09:33","slug":"pouzdan-pretinac","status":"publish","type":"product","link":"https:\/\/nbg.eu\/hr\/proizvod\/pouzdan-pretinac\/","title":{"rendered":"Eberlestock Futrola za Daljinomjer Recon"},"content":{"rendered":"<h2>Recon Rangefinder Pouch: Za\u0161titite svoju opremu, pobolj\u0161ajte preciznost<\/h2>\n<p>Unaprijedite svoje outdoor avanture s Recon Rangefinder Pouch, dizajniranim za za\u0161titu va\u0161e osnovne opreme za mjerenje udaljenosti. Izra\u0111en s velikom pa\u017enjom na detalje, ova torbica nudi neprevladanu za\u0161titu i prakti\u010dnost, osiguravaju\u0107i da va\u0161a oprema ostane sigurna i lako dostupna.<\/p>\n<p>S magnetskom prednjom poklopcem, Recon Rangefinder Pouch dr\u017ei pra\u0161inu i ne\u010disto\u0107e podalje, odr\u017eavaju\u0107i staklo va\u0161eg daljinomjera u besprijekornom stanju. Pri\u010dvr\u0161\u0107enje s elasti\u010dnom uzicom vam omogu\u0107ava da lako spustite svoj ure\u0111aj bez brige od pucanja ili gubitka, dr\u017ee\u0107i va\u0161e ruke slobodne za va\u017enije zadatke.<\/p>\n<p>S kompaktnim dimenzijama od 1,75&#8243; D x 3,25&#8243; \u0160 x 5&#8243; V, Recon Rangefinder Pouch se glatko integrira s va\u0161om outdoor opremom, pru\u017eaju\u0107i diskretno i zgusnuto rje\u0161enje za pohranu. Bilo da ste strastveni lovac, posve\u0107eni planinac ili strastveni strijelac, ova vi\u0161enamjenska torbica je savr\u0161en pratilac za za\u0161titu va\u0161e vrijedne opreme za mjerenje udaljenosti.<\/p>\n<p>Unaprijedite svoje outdoor iskustvo s Recon Rangefinder Pouch, ultimativnim dodatkom za zahtjevnog avanturista koji tra\u017ei najbolju za\u0161titu i prakti\u010dnost opreme.<\/p>\n","protected":false},"excerpt":{"rendered":"<p>Torbica za dalekozor Recon \u0161titi va\u0161 ure\u0111aj magnetskim poklopcem i elasti\u010dnom uzmicom za sigurno i prakti\u010dno no\u0161enje.<\/p>\n","protected":false},"featured_media":700837,"template":"","meta":{"_acf_changed":false},"product_brand":[15140],"product_cat":[13567],"product_tag":[],"class_list":{"0":"post-700825","1":"product","2":"type-product","3":"status-publish","4":"has-post-thumbnail","6":"product_brand-eberlestock","7":"product_cat-torbice","9":"first","10":"instock","11":"taxable","12":"shipping-taxable","13":"purchasable","14":"product-type-variable","15":"wvs-archive-product-wrapper"},"acf":[],"_links":{"self":[{"href":"https:\/\/nbg.eu\/hr\/wp-json\/wp\/v2\/product\/700825","targetHints":{"allow":["GET"]}}],"collection":[{"href":"https:\/\/nbg.eu\/hr\/wp-json\/wp\/v2\/product"}],"about":[{"href":"https:\/\/nbg.eu\/hr\/wp-json\/wp\/v2\/types\/product"}],"wp:featuredmedia":[{"embeddable":true,"href":"https:\/\/nbg.eu\/hr\/wp-json\/wp\/v2\/media\/700837"}],"wp:attachment":[{"href":"https:\/\/nbg.eu\/hr\/wp-json\/wp\/v2\/media?parent=700825"}],"wp:term":[{"taxonomy":"product_brand","embeddable":true,"href":"https:\/\/nbg.eu\/hr\/wp-json\/wp\/v2\/product_brand?post=700825"},{"taxonomy":"product_cat","embeddable":true,"href":"https:\/\/nbg.eu\/hr\/wp-json\/wp\/v2\/product_cat?post=700825"},{"taxonomy":"product_tag","embeddable":true,"href":"https:\/\/nbg.eu\/hr\/wp-json\/wp\/v2\/product_tag?post=700825"}],"curies":[{"name":"wp","href":"https:\/\/api.w.org\/{rel}","templated":true}]}}