{"id":701129,"date":"2025-12-22T18:40:25","date_gmt":"2025-12-22T15:40:25","guid":{"rendered":"https:\/\/nbg.eu\/product\/brza-slucaj\/"},"modified":"2026-04-15T14:09:30","modified_gmt":"2026-04-15T11:09:30","slug":"brza-slucaj","status":"publish","type":"product","link":"https:\/\/nbg.eu\/hr\/proizvod\/brza-slucaj\/","title":{"rendered":"Eberlestock Futrola Recon Quickcase"},"content":{"rendered":"<h2>Quickcase: Va\u0161 kompaktni suputnik za pre\u017eivljavanje<\/h2>\n<p>Quickcase je vi\u0161enamjenska zip torba dizajnirana za besprijekornu integraciju s Recon Modular Bino naramenicama. Ovaj kompaktni dodatak pru\u017ea savr\u0161eno rje\u0161enje za pohranu i osiguravanje va\u0161eg osnovnog opreme za pre\u017eivljavanje, osiguravaju\u0107i vam da uvijek budete spremni na neo\u010dekivano.<\/p>\n<p>Mjerenjem samo prave veli\u010dine, Quickcase nudi obilno prostora za malu opremu za pre\u017eivljavanje, \u010dine\u0107i ga nezamjenjivim suputnikom ako se ikada odvojite od svoje glavne torbe. Njegova izdr\u017eljiva konstrukcija i sigurna zatvaranja na patentni zatvara\u010d dr\u017ee va\u0161e kriti\u010dne predmete sigurnima i dostupnima kada su vam najpotrebniji.<\/p>\n<p>Me\u0111utim, korisnost Quickcase-a nadilazi samo pripreme za pre\u017eivljavanje. Koristite ga kao prakti\u010dnu pohranu za male predmete, odr\u017eavaju\u0107i ih organiziranima i lako dostupnima dok ste u pokretu. Bilo da se radi o planinarenju, kampiranju ili bilo kojoj drugoj aktivnosti na otvorenom, ovaj vi\u0161enamjenski dodatak postat \u0107e neizostavan dio va\u0161e opreme.<\/p>\n<p>Dizajniran za besprijekornu integraciju s Recon Modular Bino naramenicama, Quickcase se sigurno pri\u010dvr\u0161\u0107uje na \u010di\u010dak patentni zatvara\u010d na pole\u0111ini naramenica. Ova integracija vam omogu\u0107uje da dr\u017eite svoje osnovne predmete pri ruci, osloba\u0111aju\u0107i prostor u va\u0161oj glavnoj torbi i osiguravaju\u0107i da imate sve \u0161to vam je potrebno u dohvatu ruke.<\/p>\n","protected":false},"excerpt":{"rendered":"<p>Mali zatvoreni zipom spremnik koji se pri\u010dvr\u0161\u0107uje na Recon Modularni Bino remen za pribor za pre\u017eivljavanje ili spremanje malih predmeta.<\/p>\n","protected":false},"featured_media":701179,"template":"","meta":{"_acf_changed":false},"product_brand":[15140],"product_cat":[13567],"product_tag":[],"class_list":{"0":"post-701129","1":"product","2":"type-product","3":"status-publish","4":"has-post-thumbnail","6":"product_brand-eberlestock","7":"product_cat-torbice","9":"first","10":"instock","11":"taxable","12":"shipping-taxable","13":"purchasable","14":"product-type-variable","15":"wvs-archive-product-wrapper"},"acf":[],"_links":{"self":[{"href":"https:\/\/nbg.eu\/hr\/wp-json\/wp\/v2\/product\/701129","targetHints":{"allow":["GET"]}}],"collection":[{"href":"https:\/\/nbg.eu\/hr\/wp-json\/wp\/v2\/product"}],"about":[{"href":"https:\/\/nbg.eu\/hr\/wp-json\/wp\/v2\/types\/product"}],"wp:featuredmedia":[{"embeddable":true,"href":"https:\/\/nbg.eu\/hr\/wp-json\/wp\/v2\/media\/701179"}],"wp:attachment":[{"href":"https:\/\/nbg.eu\/hr\/wp-json\/wp\/v2\/media?parent=701129"}],"wp:term":[{"taxonomy":"product_brand","embeddable":true,"href":"https:\/\/nbg.eu\/hr\/wp-json\/wp\/v2\/product_brand?post=701129"},{"taxonomy":"product_cat","embeddable":true,"href":"https:\/\/nbg.eu\/hr\/wp-json\/wp\/v2\/product_cat?post=701129"},{"taxonomy":"product_tag","embeddable":true,"href":"https:\/\/nbg.eu\/hr\/wp-json\/wp\/v2\/product_tag?post=701129"}],"curies":[{"name":"wp","href":"https:\/\/api.w.org\/{rel}","templated":true}]}}