{"id":701810,"date":"2025-12-23T11:39:12","date_gmt":"2025-12-23T08:39:12","guid":{"rendered":"https:\/\/nbg.eu\/product\/grijalica-za-ruke\/"},"modified":"2026-04-15T14:09:26","modified_gmt":"2026-04-15T11:09:26","slug":"grijalica-za-ruke","status":"publish","type":"product","link":"https:\/\/nbg.eu\/hr\/proizvod\/grijalica-za-ruke\/","title":{"rendered":"Eberlestock Grija\u010d za Ruke Recon"},"content":{"rendered":"<h2>Recon ru\u010dni grija\u010d: Nenaporna toplina za vanjske avanture<\/h2>\n<p>Dr\u017eanje ruku toplima bez naru\u0161avanja spretnosti nikad nije bilo lak\u0161e s Recon ru\u010dnim grija\u010dem. Ovaj inovativni dodatak se besprijekorno pri\u010dvr\u0161\u0107uje na Recon modularni dr\u017ea\u010d dvogrubskopa, omogu\u0107uju\u0107i vam da zadr\u017eite optimalan polo\u017eaj ruke za udobnost bez obzira sjedite li ili stojite. Recon ru\u010dni grija\u010d eliminira potrebu za glomaznim rukavicama, osiguravaju\u0107i da i dalje mo\u017eete obavljati fine motorne zadatke s lako\u0107om.<\/p>\n<p>Za dodatnu pogodnost, Recon ru\u010dni grija\u010d ima prednji patentni zatvara\u010d u kojem mo\u017eete spremiti dodatne ru\u010dne grija\u010de aktivirane zrakom. To vam omogu\u0107uje da koristite ru\u010dni grija\u010d neovisno o Recon modularnom dr\u017ea\u010du dvogrubskopa, pru\u017eaju\u0107i vam pouzdani izvor topline bez obzira na aktivnost ili okolinu. Uklju\u010deni pojas oko struka osigurava siguran i udoban prianjanje, dr\u017ee\u0107i va\u0161e ruke u savr\u0161enom polo\u017eaju za maksimalnu u\u010dinkovitost i udobnost.<\/p>\n<p>Bilo da promatrate ptice, lovite ili jednostavno u\u017eivate u otvorenom prostoru, Recon ru\u010dni grija\u010d je savr\u0161eni pratitelj za dr\u017eanje va\u0161ih ruku toplima i prstiju pokretljivima. Do\u017eivite krajnju udobnost i pogodnost na otvorenom s ovim svestranim i inovativnim dodatkom.<\/p>\n","protected":false},"excerpt":{"rendered":"<p>Grija\u010d za ruke Recon odr\u017eava ruke toplima bez rukavica, pri\u010dvr\u0161\u0107uje se na Recon Harness.<\/p>\n","protected":false},"featured_media":701857,"template":"","meta":{"_acf_changed":false},"product_brand":[15140],"product_cat":[13577],"product_tag":[],"class_list":{"0":"post-701810","1":"product","2":"type-product","3":"status-publish","4":"has-post-thumbnail","6":"product_brand-eberlestock","7":"product_cat-oprema","9":"first","10":"instock","11":"taxable","12":"shipping-taxable","13":"purchasable","14":"product-type-variable","15":"wvs-archive-product-wrapper"},"acf":[],"_links":{"self":[{"href":"https:\/\/nbg.eu\/hr\/wp-json\/wp\/v2\/product\/701810","targetHints":{"allow":["GET"]}}],"collection":[{"href":"https:\/\/nbg.eu\/hr\/wp-json\/wp\/v2\/product"}],"about":[{"href":"https:\/\/nbg.eu\/hr\/wp-json\/wp\/v2\/types\/product"}],"wp:featuredmedia":[{"embeddable":true,"href":"https:\/\/nbg.eu\/hr\/wp-json\/wp\/v2\/media\/701857"}],"wp:attachment":[{"href":"https:\/\/nbg.eu\/hr\/wp-json\/wp\/v2\/media?parent=701810"}],"wp:term":[{"taxonomy":"product_brand","embeddable":true,"href":"https:\/\/nbg.eu\/hr\/wp-json\/wp\/v2\/product_brand?post=701810"},{"taxonomy":"product_cat","embeddable":true,"href":"https:\/\/nbg.eu\/hr\/wp-json\/wp\/v2\/product_cat?post=701810"},{"taxonomy":"product_tag","embeddable":true,"href":"https:\/\/nbg.eu\/hr\/wp-json\/wp\/v2\/product_tag?post=701810"}],"curies":[{"name":"wp","href":"https:\/\/api.w.org\/{rel}","templated":true}]}}