{"id":702143,"date":"2025-12-23T11:44:19","date_gmt":"2025-12-23T08:44:19","guid":{"rendered":"https:\/\/nbg.eu\/product\/bravo-modularni-bino-pakiranje-veliko\/"},"modified":"2026-04-15T14:09:23","modified_gmt":"2026-04-15T11:09:23","slug":"bravo-modularni-bino-pakiranje-veliko","status":"publish","type":"product","link":"https:\/\/nbg.eu\/hr\/proizvod\/bravo-modularni-bino-pakiranje-veliko\/","title":{"rendered":"Eberlestock Ruksak za Dalekozor Bravo Modular, Large"},"content":{"rendered":"<h2>Bravo Modularni Bino Pack-Veliki: Prilagodljivi nosa\u010d optike za va\u0161e outdoor avanture<\/h2>\n<p>Dizajniran s modularno\u0161\u0107u na prvom mjestu, BRAVO MODULARNI BINO PACK je izgra\u0111en na platformi prsnog remena koja se prilago\u0111ava va\u0161im potrebama uz dodatne dodatke. Ima magnetski slobodan pristup unaprijed do pretinca za dvogled, prostrani prednji patentni d\u017eep i elasti\u010dni bo\u010dni d\u017eepovi. Unutarnje tegle za dvogled dr\u017ee va\u0161e dvogled sigurno, dok niskoprofilna MOLLE-kompatibilna krila i stra\u017enji panel vam omogu\u0107uju da jednostavno pri\u010dvrstite d\u017eepove i dodatke.<\/p>\n<p>Izra\u0111en od izdr\u017eljivog 500D Ripstop najlona i N140D materijala, Bravo Modularni Bino Pack-Veliki nudi pouzdane performanse u vanjskom okru\u017eenju. Te\u017eine svega 14 oz, ovaj svestrani ruksak pru\u017ea udobno i prilagodljivo rje\u0161enje za no\u0161enje va\u0161ih opti\u010dkih ure\u0111aja i osnovne opreme.<\/p>\n<p>S unutarnjim dimenzijama od 9&#8243;V x 5,5&#8243;\u0160 x 2,5&#8243;D i vanjskim dimenzijama od 9,5&#8243;V x 6,25&#8243;\u0160 x 3,5&#8243;D, Bravo Modularni Bino Pack-Veliki pru\u017ea dovoljno prostora za smje\u0161taj va\u0161eg dvogled i druge osnovne predmete. Prilagodljivi prednji rameni remen i niskoprofilna MOLLE-kompatibilna krila osiguravaju siguran i prilago\u0111en dosjed, \u0161to vam omogu\u0107uje da prilagodite ruksak svojim potrebama.<\/p>\n<p>Unaprijedite svoje outdoor iskustvo s Bravo Modularnim Bino Pack-Velikim, svestranim i prilagodljivim rje\u0161enjem za no\u0161enje va\u0161eg dvogled i osnovne opreme. Istra\u017eite dostupne dodatke za prilagodbu va\u0161eg ruksaka i maksimalizaciju njegove funkcionalnosti, \u010dine\u0107i ga savr\u0161enim pratiocem za va\u0161u sljede\u0107u avanturu.<\/p>\n","protected":false},"excerpt":{"rendered":"<p>Modularni prsni ruksak s d\u017eepom za dalekozor bez magneta, prednjim d\u017eepom, elasti\u010dnim stranama.<\/p>\n","protected":false},"featured_media":702214,"template":"","meta":{"_acf_changed":false},"product_brand":[15140],"product_cat":[15226],"product_tag":[],"class_list":{"0":"post-702143","1":"product","2":"type-product","3":"status-publish","4":"has-post-thumbnail","6":"product_brand-eberlestock","7":"product_cat-binocular-harnesses-hr","9":"first","10":"instock","11":"taxable","12":"shipping-taxable","13":"purchasable","14":"product-type-variable","15":"wvs-archive-product-wrapper"},"acf":[],"_links":{"self":[{"href":"https:\/\/nbg.eu\/hr\/wp-json\/wp\/v2\/product\/702143","targetHints":{"allow":["GET"]}}],"collection":[{"href":"https:\/\/nbg.eu\/hr\/wp-json\/wp\/v2\/product"}],"about":[{"href":"https:\/\/nbg.eu\/hr\/wp-json\/wp\/v2\/types\/product"}],"wp:featuredmedia":[{"embeddable":true,"href":"https:\/\/nbg.eu\/hr\/wp-json\/wp\/v2\/media\/702214"}],"wp:attachment":[{"href":"https:\/\/nbg.eu\/hr\/wp-json\/wp\/v2\/media?parent=702143"}],"wp:term":[{"taxonomy":"product_brand","embeddable":true,"href":"https:\/\/nbg.eu\/hr\/wp-json\/wp\/v2\/product_brand?post=702143"},{"taxonomy":"product_cat","embeddable":true,"href":"https:\/\/nbg.eu\/hr\/wp-json\/wp\/v2\/product_cat?post=702143"},{"taxonomy":"product_tag","embeddable":true,"href":"https:\/\/nbg.eu\/hr\/wp-json\/wp\/v2\/product_tag?post=702143"}],"curies":[{"name":"wp","href":"https:\/\/api.w.org\/{rel}","templated":true}]}}