{"id":702942,"date":"2025-12-23T11:50:14","date_gmt":"2025-12-23T08:50:14","guid":{"rendered":"https:\/\/nbg.eu\/product\/bravo-modularna-bino-torba-mala\/"},"modified":"2026-04-15T14:09:19","modified_gmt":"2026-04-15T11:09:19","slug":"bravo-modularna-bino-torba-mala","status":"publish","type":"product","link":"https:\/\/nbg.eu\/hr\/proizvod\/bravo-modularna-bino-torba-mala\/","title":{"rendered":"Eberlestock Ruksak za Dalekozor Bravo Modular, Small"},"content":{"rendered":"<h2>Bravo Modularni Bino Pack-Mali: Vi\u0161enamjenska i sigurna pohrana dvogreda<\/h2>\n<p>Dizajniran s modularno\u0161\u0107u na prvom mjestu, BRAVO MODULARNI BINO PACK izgra\u0111en je na platformi prsne opruge koja se prilago\u0111ava va\u0161im potrebama uz niz dodatnih dodataka. Ima magnetski slobodan prednji povla\u010dni pristup d\u017eepu za dvogled, prostrani prednji d\u017eep s patent-zatvara\u010dem i bo\u010dne d\u017eepove od rastezljivog materijala. Unutarnje vezice za dvogled dr\u017ee va\u0161e dvogled sigurne, dok niskopofilne MOLLE-kompatibilne krila i stra\u017enja plo\u010da omogu\u0107uju vam da jednostavno pri\u010dvrstite d\u017eepove i dodatke.<\/p>\n<p>Izra\u0111en od trajnog najlona 500D Ripstop i tkanine N140D, Bravo Modularni Bino Pack-Mali nudi lagano i izdr\u017eljivo rje\u0161enje za ljubitelje prirode, lovce i takti\u010dke operatore.<\/p>\n<p>Klju\u010dne zna\u010dajke uklju\u010duju zatvaranje bez magnetnog zatvara\u010da za brzi pristup, kompatibilnost s osam dostupnih dodataka, veliki prednji d\u017eep na patentni zatvara\u010d, dva bo\u010dna d\u017eepa od rastezljivog materijala, podesivi prednji remenski remen i niskopofilna MOLLE-kompatibilna krila za prilagodbu va\u0161eg kompleta opreme. Bilo da promatrate ptice, planinaite ili sudjelujete u takti\u010dkim operacijama, Bravo Modularni Bino Pack-Mali nudi vi\u0161enamjensko i sigurno rje\u0161enje za pohranu va\u0161ih dvogreda.<\/p>\n","protected":false},"excerpt":{"rendered":"<p>Modularni binokl paket s magnetskim zatvara\u010dem, MOLLE-kompatibilnim krilcima i podesivim remenjem.<\/p>\n","protected":false},"featured_media":702997,"template":"","meta":{"_acf_changed":false},"product_brand":[15140],"product_cat":[15226],"product_tag":[],"class_list":{"0":"post-702942","1":"product","2":"type-product","3":"status-publish","4":"has-post-thumbnail","6":"product_brand-eberlestock","7":"product_cat-binocular-harnesses-hr","9":"first","10":"instock","11":"taxable","12":"shipping-taxable","13":"purchasable","14":"product-type-variable","15":"wvs-archive-product-wrapper"},"acf":[],"_links":{"self":[{"href":"https:\/\/nbg.eu\/hr\/wp-json\/wp\/v2\/product\/702942","targetHints":{"allow":["GET"]}}],"collection":[{"href":"https:\/\/nbg.eu\/hr\/wp-json\/wp\/v2\/product"}],"about":[{"href":"https:\/\/nbg.eu\/hr\/wp-json\/wp\/v2\/types\/product"}],"wp:featuredmedia":[{"embeddable":true,"href":"https:\/\/nbg.eu\/hr\/wp-json\/wp\/v2\/media\/702997"}],"wp:attachment":[{"href":"https:\/\/nbg.eu\/hr\/wp-json\/wp\/v2\/media?parent=702942"}],"wp:term":[{"taxonomy":"product_brand","embeddable":true,"href":"https:\/\/nbg.eu\/hr\/wp-json\/wp\/v2\/product_brand?post=702942"},{"taxonomy":"product_cat","embeddable":true,"href":"https:\/\/nbg.eu\/hr\/wp-json\/wp\/v2\/product_cat?post=702942"},{"taxonomy":"product_tag","embeddable":true,"href":"https:\/\/nbg.eu\/hr\/wp-json\/wp\/v2\/product_tag?post=702942"}],"curies":[{"name":"wp","href":"https:\/\/api.w.org\/{rel}","templated":true}]}}