{"id":703290,"date":"2025-12-23T12:02:01","date_gmt":"2025-12-23T09:02:01","guid":{"rendered":"https:\/\/nbg.eu\/product\/bando-torba-xl\/"},"modified":"2026-04-15T14:09:15","modified_gmt":"2026-04-15T11:09:15","slug":"bando-torba-xl","status":"publish","type":"product","link":"https:\/\/nbg.eu\/hr\/proizvod\/bando-torba-xl\/","title":{"rendered":"Eberlestock Torba Bando XL"},"content":{"rendered":"<h2>Bando Bag-XL: Vi\u0161enamjenski i prakti\u010dan EDC nosa\u010d<\/h2>\n<p>Bando Bag-XL je lagana i prakti\u010dna opcija za prijevoz va\u0161ih svakodnevnih predmeta (EDC). Stra\u017enji d\u017eep na patent zatvara\u010d na Bando Bag-XL mjeri 6&#8243;h x 11&#8243;w x 3&#8243;d, dovoljno velik za smje\u0161taj ve\u0107ine poluautomatskih pi\u0161tolja i manjih vatrenog oru\u017eja. Glavni odjeljak ima unutarnji mre\u017easti d\u017eep na patent zatvara\u010d i dva d\u017eepa bez zatvara\u010da za dodatnu organizaciju, dok je mali prednji d\u017eep na patent zatvara\u010d idealan za klju\u010deve, kablove ili druge male predmete.<\/p>\n<p>Prilagodljivi pojas na struku na Bando Bag-XL omogu\u0107uje prilago\u0111en dosjed, u rasponu od 31.5&#8243; do 44&#8243; u duljini. Bando Bag-XL tako\u0111er \u0107e uklju\u010divati integriranu navlaku za prakti\u010dan prijevoz \u0161kara za spa\u0161avanje ispod gornjeg poklopca glavnog odjeljka, omogu\u0107uju\u0107i lagan pristup ovoj va\u017enoj opremi za hitne slu\u010dajeve.<\/p>\n<h2>Klju\u010dne zna\u010dajke:<\/h2>\n<ul>\n<li>-Stra\u017enji d\u017eep na patent zatvara\u010d (6&#8243;h x 11&#8243;w x 3&#8243;d) za pohranu pi\u0161tolja<\/li>\n<li>-Unutarnji mre\u017easti d\u017eep na patent zatvara\u010d i dva d\u017eepa bez zatvara\u010da za organizaciju<\/li>\n<li>-Mali prednji d\u017eep na patent zatvara\u010d za klju\u010deve, kablove i druge male predmete<\/li>\n<li>-Prilagodljivi pojas na struku (31.5&#8243;-44&#8243;)<\/li>\n<li>-Integrirana navlaka za prijevoz \u0161kara za spa\u0161avanje<\/li>\n<\/ul>\n","protected":false},"excerpt":{"rendered":"<p>Lagana, cjelokupna EDC torba sa d\u017eepom veli\u010dine 6&#8243;v x 11&#8243;\u0161 x 3&#8243;d za smje\u0161taj pu\u0161aka punog formata.<\/p>\n","protected":false},"featured_media":703350,"template":"","meta":{"_acf_changed":false},"product_brand":[15140],"product_cat":[13509],"product_tag":[],"class_list":{"0":"post-703290","1":"product","2":"type-product","3":"status-publish","4":"has-post-thumbnail","6":"product_brand-eberlestock","7":"product_cat-torbe-za-streljanu","9":"first","10":"instock","11":"taxable","12":"shipping-taxable","13":"purchasable","14":"product-type-variable","15":"wvs-archive-product-wrapper"},"acf":[],"_links":{"self":[{"href":"https:\/\/nbg.eu\/hr\/wp-json\/wp\/v2\/product\/703290","targetHints":{"allow":["GET"]}}],"collection":[{"href":"https:\/\/nbg.eu\/hr\/wp-json\/wp\/v2\/product"}],"about":[{"href":"https:\/\/nbg.eu\/hr\/wp-json\/wp\/v2\/types\/product"}],"wp:featuredmedia":[{"embeddable":true,"href":"https:\/\/nbg.eu\/hr\/wp-json\/wp\/v2\/media\/703350"}],"wp:attachment":[{"href":"https:\/\/nbg.eu\/hr\/wp-json\/wp\/v2\/media?parent=703290"}],"wp:term":[{"taxonomy":"product_brand","embeddable":true,"href":"https:\/\/nbg.eu\/hr\/wp-json\/wp\/v2\/product_brand?post=703290"},{"taxonomy":"product_cat","embeddable":true,"href":"https:\/\/nbg.eu\/hr\/wp-json\/wp\/v2\/product_cat?post=703290"},{"taxonomy":"product_tag","embeddable":true,"href":"https:\/\/nbg.eu\/hr\/wp-json\/wp\/v2\/product_tag?post=703290"}],"curies":[{"name":"wp","href":"https:\/\/api.w.org\/{rel}","templated":true}]}}