{"id":704051,"date":"2025-12-23T12:03:47","date_gmt":"2025-12-23T09:03:47","guid":{"rendered":"https:\/\/nbg.eu\/product\/bando-torba\/"},"modified":"2026-04-15T14:09:12","modified_gmt":"2026-04-15T11:09:12","slug":"bando-torba","status":"publish","type":"product","link":"https:\/\/nbg.eu\/hr\/proizvod\/bando-torba\/","title":{"rendered":"Eberlestock Torba Bando"},"content":{"rendered":"<h2>Bando torba: prikladna i lagana EDC torbica<\/h2>\n<p>Bando torba je lagana i prakti\u010dna metoda za no\u0161enje va\u0161ih EDC predmeta. Stra\u017enji d\u017eep Banda s punim zatvara\u010dem mjeri 5.5&#8243;h x 9.5&#8243;w x 1&#8243;d, dovoljno velik za smje\u0161taj ve\u0107ine kompaktnih i poluautomatskih pi\u0161tolja poput Glock-19 i sli\u010dnih veli\u010dina. Glavni odjeljak ima unutarnji mre\u017easti zatvoreni d\u017eep i dva d\u017eepa za dodatno organiziranje. Mali zatvoreni prednji d\u017eep idealan je za klju\u010deve, kablove ili druge male predmete. Du\u017eina remena za struk mo\u017ee se prilagoditi od 31.5&#8243; do 44&#8243;.<\/p>\n<h2>Klju\u010dne zna\u010dajke<\/h2>\n<ul>\n<li>Stra\u017enji d\u017eep s punim zatvara\u010dem<\/li>\n<li>Unutarnji mre\u017easti zatvoreni d\u017eep<\/li>\n<li>Dva unutarnja d\u017eepa za odlaganje<\/li>\n<li>Mali zatvoreni prednji d\u017eep<\/li>\n<li>Prilagodljiv remen za struk (31.5&#8243;-44&#8243;)<\/li>\n<li>Integrirana dr\u0161ka za prakti\u010dno no\u0161enje turniketa<\/li>\n<\/ul>\n","protected":false},"excerpt":{"rendered":"<p>Bando Torba lagana je i prakti\u010dna metoda za transport va\u0161ih EDC predmeta. Odgovara ve\u0107ini kompaktnih do punoveli\u0107inskih bo\u010dnih oru\u017eja.<\/p>\n","protected":false},"featured_media":704077,"template":"","meta":{"_acf_changed":false},"product_brand":[15140],"product_cat":[13509],"product_tag":[],"class_list":{"0":"post-704051","1":"product","2":"type-product","3":"status-publish","4":"has-post-thumbnail","6":"product_brand-eberlestock","7":"product_cat-torbe-za-streljanu","9":"first","10":"instock","11":"taxable","12":"shipping-taxable","13":"purchasable","14":"product-type-variable","15":"wvs-archive-product-wrapper"},"acf":[],"_links":{"self":[{"href":"https:\/\/nbg.eu\/hr\/wp-json\/wp\/v2\/product\/704051","targetHints":{"allow":["GET"]}}],"collection":[{"href":"https:\/\/nbg.eu\/hr\/wp-json\/wp\/v2\/product"}],"about":[{"href":"https:\/\/nbg.eu\/hr\/wp-json\/wp\/v2\/types\/product"}],"wp:featuredmedia":[{"embeddable":true,"href":"https:\/\/nbg.eu\/hr\/wp-json\/wp\/v2\/media\/704077"}],"wp:attachment":[{"href":"https:\/\/nbg.eu\/hr\/wp-json\/wp\/v2\/media?parent=704051"}],"wp:term":[{"taxonomy":"product_brand","embeddable":true,"href":"https:\/\/nbg.eu\/hr\/wp-json\/wp\/v2\/product_brand?post=704051"},{"taxonomy":"product_cat","embeddable":true,"href":"https:\/\/nbg.eu\/hr\/wp-json\/wp\/v2\/product_cat?post=704051"},{"taxonomy":"product_tag","embeddable":true,"href":"https:\/\/nbg.eu\/hr\/wp-json\/wp\/v2\/product_tag?post=704051"}],"curies":[{"name":"wp","href":"https:\/\/api.w.org\/{rel}","templated":true}]}}