{"id":704239,"date":"2025-12-23T12:08:03","date_gmt":"2025-12-23T09:08:03","guid":{"rendered":"https:\/\/nbg.eu\/product\/razbojnicki-ruksak\/"},"modified":"2026-04-24T15:09:30","modified_gmt":"2026-04-24T12:09:30","slug":"razbojnicki-ruksak","status":"publish","type":"product","link":"https:\/\/nbg.eu\/hr\/proizvod\/razbojnicki-ruksak\/","title":{"rendered":"Eberlestock Bandit Ruksak"},"content":{"rendered":"<h2>Bandit ruksak &#8211; Svestrani pratitelj za cjelodnevna avanturalna putovanja<\/h2>\n<p>Najsvestraniji ruksak u na\u0161oj kolekciji svakodnevnog no\u0161enja, Bandit\u2122 je konstruiran s namjenom za cjelodnevne lovove i planinarenja. Vanjska platnena pregrada ima laserski izrezanu MOLLE mre\u017eu koja omogu\u0107uje pri\u010dvr\u0161\u0107ivanje kompatibilnog pribora i pretinaca, te no\u0161enje jakne ili opreme za brzi pristup. Bo\u010dni elasti\u010dni pretinci mogu dr\u017eati boce s vodom i dulje predmete poput trono\u0161ca, monokulara ili planinarske palice.<\/p>\n<p>Remeni platnene pregrade \u0107e sigurno pri\u010dvrstiti opremu sa strane, ili pomo\u0107i u kompresiji napola napunjenog ruksaka. Unutar gornjeg poklopca nalaze se organizatori za sitne predmete poput mre\u017eastog patentnog pretinca i pretinac za \u010dasopis.<\/p>\n<p>Kompatibilan je s na\u0161im Standardnim pojasnim remenom koji poma\u017ee u raspodjeli te\u017eine kod te\u017eih optere\u0107enja.<\/p>\n<h2>Dimenzije<\/h2>\n<p>Obujam: 835 c.i. \/ 13.68L<br \/>\nTe\u017eina: 2.50 lbs<br \/>\nDimenzije: 18.25V x 7\u0160 x 6.5D<\/p>\n<h2>Zna\u010dajke<\/h2>\n<p>Laserski izrezana MOLLE platnena pregrada na prednjem dijelu za pri\u010dvr\u0161\u0107ivanje vanjske opreme<br \/>\nGornji organizacijski poklopac s mre\u017eastim pretincem za pribor<br \/>\nPodesiv ramenski remen<br \/>\nUtor za prilagodljivi pojasni remen za no\u0161enje dodatne te\u017eine<br \/>\nGlavni pretinac se otvara odozgo prema dolje kako bi se omogu\u0107io puni pristup<br \/>\nUnutarnji vez za pri\u010dvr\u0161\u0107ivanje hidracijskih vre\u0107ica od 2L ili 3L Source\u00ae<\/p>\n","protected":false},"excerpt":{"rendered":"<p>Najsvestranije pakiranje u na\u0161oj svakodnevnoj liniji, Bandit\u2122 je izra\u0111en za dnevne lovi i \u0161etnje. Panel s vanjske strane sadr\u017ei laserski izrezanu MOLLE mre\u017eu za pri\u010dvr\u0161\u0107ivanje kompatibilnog pribora i vre\u0107ica te no\u0161enje jakne ili opreme za brzi pristup. Bo\u010dni rastezljivi d\u017eepovi mogu dr\u017eati boce s vodom i dulje predmete poput trono\u0161ca, monokulara ili planinarske palice.<\/p>\n","protected":false},"featured_media":704273,"template":"","meta":{"_acf_changed":false},"product_brand":[15140],"product_cat":[13513],"product_tag":[],"class_list":{"0":"post-704239","1":"product","2":"type-product","3":"status-publish","4":"has-post-thumbnail","6":"product_brand-eberlestock","7":"product_cat-ruksaci","9":"first","10":"instock","11":"taxable","12":"shipping-taxable","13":"purchasable","14":"product-type-variable","15":"wvs-archive-product-wrapper"},"acf":[],"_links":{"self":[{"href":"https:\/\/nbg.eu\/hr\/wp-json\/wp\/v2\/product\/704239","targetHints":{"allow":["GET"]}}],"collection":[{"href":"https:\/\/nbg.eu\/hr\/wp-json\/wp\/v2\/product"}],"about":[{"href":"https:\/\/nbg.eu\/hr\/wp-json\/wp\/v2\/types\/product"}],"wp:featuredmedia":[{"embeddable":true,"href":"https:\/\/nbg.eu\/hr\/wp-json\/wp\/v2\/media\/704273"}],"wp:attachment":[{"href":"https:\/\/nbg.eu\/hr\/wp-json\/wp\/v2\/media?parent=704239"}],"wp:term":[{"taxonomy":"product_brand","embeddable":true,"href":"https:\/\/nbg.eu\/hr\/wp-json\/wp\/v2\/product_brand?post=704239"},{"taxonomy":"product_cat","embeddable":true,"href":"https:\/\/nbg.eu\/hr\/wp-json\/wp\/v2\/product_cat?post=704239"},{"taxonomy":"product_tag","embeddable":true,"href":"https:\/\/nbg.eu\/hr\/wp-json\/wp\/v2\/product_tag?post=704239"}],"curies":[{"name":"wp","href":"https:\/\/api.w.org\/{rel}","templated":true}]}}