{"id":704600,"date":"2025-12-23T12:15:29","date_gmt":"2025-12-23T09:15:29","guid":{"rendered":"https:\/\/nbg.eu\/product\/switchblade-pack\/"},"modified":"2026-04-15T14:09:08","modified_gmt":"2026-04-15T11:09:08","slug":"switchblade-pack","status":"publish","type":"product","link":"https:\/\/nbg.eu\/hr\/proizvod\/switchblade-pack\/","title":{"rendered":"Eberlestock Ruksak Switchblade"},"content":{"rendered":"<h2>Switchblade ruksak: Maksimalan prostor i diskretan prijenos<\/h2>\n<p>Switchblade\u2122 ruksak dizajniran je da ostane diskretan dok nudi maksimalan prostor i organizaciju. Otvorite gornji poklopac d\u017eepa da biste pristupili dvama spremnicima za spremnike i drugim malim organizacijskim zna\u010dajkama. Unutra \u0107ete na\u0107i pregradnik za dokumente savr\u0161en za iPad, prijenosno ra\u010dunalo ili \u010dak kratku cijev pu\u0161ke.<\/p>\n<p>Prednja strana ruksaka ima veliki d\u017eep za brzi pristup va\u017enim predmetima. Sa svake strane nalaze se po dva d\u017eepa sa zateznom vrpcom za dr\u017ea\u010de \u0161alica, kao i ravni d\u017eep sa strane s patentnim zatvara\u010dem. Ruksak tako\u0111er ima skriveni, magnetski otvoreni, d\u017eep za brzi pristup za diskretan prikriveni prijenos.<\/p>\n<p>S ukupnim volumenom od 1.785 kubi\u010dnih in\u010da (29,3 L) i te\u017einom od samo 3,60 funti, Switchblade\u2122 nudi obiljan prostor i prenosivost. Glavne dimenzije torbe iznose 20,5 visine x 12 \u0161irine x 8 dubine in\u010da, \u0161to ga \u010dini fleksibilnim izborom za svakodnevnu upotrebu ili takti\u010dke operacije.<\/p>\n<p>Klju\u010dne zna\u010dajke uklju\u010duju rijetko-zemljane magnetske otvore za brzi pristup torbama za prikriveni prijenos oru\u017eja, petlje i \u010di\u010dak PALS mre\u017eu za pri\u010dvr\u0161\u0107ivanje MOLLE ili \u010di\u010dak dodataka, te unutarnje d\u017eepove za hidracijski mjehur, spremnike i organizatore za male predmete. Odvojiva uprta i kompatibilnost s pojasem pove\u0107avaju prilagodljivost ruksaka.<\/p>\n<p>Switchblade\u2122 tako\u0111er ima novu MOLLE-10 mre\u017eu, koja nudi u\u0161tedu u te\u017eini od 60% u odnosu na standardnu MOLLE mre\u017eu od 25 mm, te ambidekstri\u010dki prikriveni dr\u017ea\u010d prikladan za ve\u0107inu pi\u0161tolja, uklju\u010duju\u0107i punoautomatske. Za za\u0161titu od vremenskih uvjeta koristite na\u0161 mali reverzibilni ki\u0161ni pokriva\u010d.<\/p>\n","protected":false},"excerpt":{"rendered":"<p>Switchblade\u2122 ima diskretan izgled, s maksimalnim prostorom i organizacijom. Otvorite gornji d\u017eep na poklopcu i na\u0107i \u0107ete dva d\u017eepa za \u010dasopise i druge male organizacijske zna\u010dajke. Unutra \u0107ete prona\u0107i pregradnik za dokumente za iPad, prijenosno ra\u010dunalo ili \u010dak kratku cijev. Sprijeda na torbi nalaze se veliki d\u017eepovi za brzi pristup va\u017enim predmetima. S obje strane nalaze se po dva d\u017eepa s uzicama za \u0161alice, kao i ravni d\u017eep sa strane s patent zatvara\u010dem. Tako\u0111er ima skriveni magnetski brzi pristupni d\u017eep za no\u0161enje oru\u017eja.<\/p>\n","protected":false},"featured_media":704630,"template":"","meta":{"_acf_changed":false},"product_brand":[15140],"product_cat":[13513],"product_tag":[],"class_list":{"0":"post-704600","1":"product","2":"type-product","3":"status-publish","4":"has-post-thumbnail","6":"product_brand-eberlestock","7":"product_cat-ruksaci","9":"first","10":"instock","11":"taxable","12":"shipping-taxable","13":"purchasable","14":"product-type-variable","15":"wvs-archive-product-wrapper"},"acf":[],"_links":{"self":[{"href":"https:\/\/nbg.eu\/hr\/wp-json\/wp\/v2\/product\/704600","targetHints":{"allow":["GET"]}}],"collection":[{"href":"https:\/\/nbg.eu\/hr\/wp-json\/wp\/v2\/product"}],"about":[{"href":"https:\/\/nbg.eu\/hr\/wp-json\/wp\/v2\/types\/product"}],"wp:featuredmedia":[{"embeddable":true,"href":"https:\/\/nbg.eu\/hr\/wp-json\/wp\/v2\/media\/704630"}],"wp:attachment":[{"href":"https:\/\/nbg.eu\/hr\/wp-json\/wp\/v2\/media?parent=704600"}],"wp:term":[{"taxonomy":"product_brand","embeddable":true,"href":"https:\/\/nbg.eu\/hr\/wp-json\/wp\/v2\/product_brand?post=704600"},{"taxonomy":"product_cat","embeddable":true,"href":"https:\/\/nbg.eu\/hr\/wp-json\/wp\/v2\/product_cat?post=704600"},{"taxonomy":"product_tag","embeddable":true,"href":"https:\/\/nbg.eu\/hr\/wp-json\/wp\/v2\/product_tag?post=704600"}],"curies":[{"name":"wp","href":"https:\/\/api.w.org\/{rel}","templated":true}]}}