{"id":719772,"date":"2026-01-26T13:11:03","date_gmt":"2026-01-26T10:11:03","guid":{"rendered":"https:\/\/nbg.eu\/product\/manly-peak-orange-14c28n\/"},"modified":"2026-05-13T16:03:01","modified_gmt":"2026-05-13T13:03:01","slug":"manly-peak-orange-14c28n","status":"publish","type":"product","link":"https:\/\/nbg.eu\/hr\/proizvod\/manly-peak-orange-14c28n\/","title":{"rendered":"Manly PEAK ORANGE 14C28N"},"content":{"rendered":"<h2>O\u0161triji PEAK ORANGE 14C28N rasklopivi no\u017e<\/h2>\n<p>O\u0161triji PEAK ORANGE 14C28N rasklopivi no\u017e ima okretnu kva\u010dicu, \u010dine\u0107i ga dostupnim i za ljevake i de\u0161njake. Sa svojim izdr\u017eljivim Backlock sigurnosnim mehanizmom, ovaj no\u017e pru\u017ea sigurne i pouzdane performanse.<\/p>\n<p>Izra\u0111en s precizno\u0161\u0107u, PEAK ORANGE 14C28N ima o\u0161tricu od \u010delika 14C28N du\u017eine 9,4 cm i izdr\u017eljivu ru\u010dku od G10 materijala, osiguravaju\u0107i udoban i pouzdan hvat. Ukupna du\u017eina od 22 cm \u010dini ga svestranim izborom za razne zadatke. Te\u017eine 115 g, ovaj no\u017e je dobro uravnote\u017een i lako se njime rukuje.<\/p>\n<p>Mehanizam Nail Nick omogu\u0107uje jednostavno jednoru\u010dno otvaranje, dok sigurnosni sustav Backlock dr\u017ei o\u0161tricu \u010dvrsto na mjestu tijekom uporabe. Sa svojim elegantnim naran\u010dastim bojama, PEAK ORANGE 14C28N dodaje dodir stila va\u0161em svakodnevnom no\u0161enju.<\/p>\n","protected":false},"excerpt":{"rendered":"<p>Reverzibilni klip, ambideksterski. Zatvaranje na klju\u010d. PEAK ORANGE 14C28N.<\/p>\n","protected":false},"featured_media":719817,"template":"","meta":{"_acf_changed":false},"product_brand":[15075],"product_cat":[15382,15359],"product_tag":[],"class_list":{"0":"post-719772","1":"product","2":"type-product","3":"status-publish","4":"has-post-thumbnail","6":"product_brand-manly-knives","7":"product_cat-folding-knives-hr","8":"product_cat-knives-hr","10":"first","11":"outofstock","12":"taxable","13":"shipping-taxable","14":"purchasable","15":"product-type-simple"},"acf":[],"_links":{"self":[{"href":"https:\/\/nbg.eu\/hr\/wp-json\/wp\/v2\/product\/719772","targetHints":{"allow":["GET"]}}],"collection":[{"href":"https:\/\/nbg.eu\/hr\/wp-json\/wp\/v2\/product"}],"about":[{"href":"https:\/\/nbg.eu\/hr\/wp-json\/wp\/v2\/types\/product"}],"wp:featuredmedia":[{"embeddable":true,"href":"https:\/\/nbg.eu\/hr\/wp-json\/wp\/v2\/media\/719817"}],"wp:attachment":[{"href":"https:\/\/nbg.eu\/hr\/wp-json\/wp\/v2\/media?parent=719772"}],"wp:term":[{"taxonomy":"product_brand","embeddable":true,"href":"https:\/\/nbg.eu\/hr\/wp-json\/wp\/v2\/product_brand?post=719772"},{"taxonomy":"product_cat","embeddable":true,"href":"https:\/\/nbg.eu\/hr\/wp-json\/wp\/v2\/product_cat?post=719772"},{"taxonomy":"product_tag","embeddable":true,"href":"https:\/\/nbg.eu\/hr\/wp-json\/wp\/v2\/product_tag?post=719772"}],"curies":[{"name":"wp","href":"https:\/\/api.w.org\/{rel}","templated":true}]}}