{"id":720862,"date":"2024-08-18T12:16:47","date_gmt":"2024-08-18T09:16:47","guid":{"rendered":"https:\/\/nbg.eu\/product\/okidac-kmr-l\/"},"modified":"2026-05-13T16:02:00","modified_gmt":"2026-05-13T13:02:00","slug":"okidac-kmr-l","status":"publish","type":"product","link":"https:\/\/nbg.eu\/hr\/proizvod\/okidac-kmr-l\/","title":{"rendered":"KMR Udarnik L"},"content":{"rendered":"<h2>Paljenje Spaljiva\u010da KMR L: Pouzdan izbor za precizno ga\u0111anje<\/h2>\n<p>Predstavljamo Paljenje Spaljiva\u010da KMR L, vrhunsku komponentu dizajniranu za ozbiljne strijelce. Izra\u0111en s precizno\u0161\u0107u i pa\u017enjom do detalja, ovaj spaljiva\u010d dostupan je u razli\u010ditim modelima kako bi zadovoljio va\u0161e specifi\u010dne potrebe.<\/p>\n<p>Dizajniran za izdr\u017eljivost, Paljenje Spaljiva\u010da KMR L ima robusnu konstrukciju koja mo\u017ee izdr\u017eati zahtjeve \u010deste upotrebe. Njegova besprijekorna integracija osigurava mek, pouzdan okida\u010d, omogu\u0107avaju\u0107i vam da postignete precizne ciljeve s pouzdanjem. Osmi\u0161ljen da radi u skladu s va\u0161im vatrenim oru\u017ejem, ovaj spaljiva\u010d savr\u0161eno je unapre\u0111enje za one koji \u017eele pobolj\u0161ati svoje iskustvo ga\u0111anja.<\/p>\n<p>Unaprijedite svoje vatreno oru\u017eje danas i dovedite svoje ga\u0111anje na novu razinu.<\/p>\n","protected":false},"excerpt":{"rendered":"<p>Upalja\u010d KMR L: Vi\u0161enamjenski upalja\u010d za vatreno oru\u017eje serije KMR L.<\/p>\n","protected":false},"featured_media":30312,"template":"","meta":{"_acf_changed":false},"product_brand":[11491],"product_cat":[13519,14760],"product_tag":[],"class_list":{"0":"post-720862","1":"product","2":"type-product","3":"status-publish","4":"has-post-thumbnail","6":"product_brand-kmr-precision","7":"product_cat-kmr-dijelovi","8":"product_cat-udarne-igle","10":"first","11":"outofstock","12":"taxable","13":"shipping-taxable","14":"product-type-simple"},"acf":[],"_links":{"self":[{"href":"https:\/\/nbg.eu\/hr\/wp-json\/wp\/v2\/product\/720862","targetHints":{"allow":["GET"]}}],"collection":[{"href":"https:\/\/nbg.eu\/hr\/wp-json\/wp\/v2\/product"}],"about":[{"href":"https:\/\/nbg.eu\/hr\/wp-json\/wp\/v2\/types\/product"}],"wp:featuredmedia":[{"embeddable":true,"href":"https:\/\/nbg.eu\/hr\/wp-json\/wp\/v2\/media\/30312"}],"wp:attachment":[{"href":"https:\/\/nbg.eu\/hr\/wp-json\/wp\/v2\/media?parent=720862"}],"wp:term":[{"taxonomy":"product_brand","embeddable":true,"href":"https:\/\/nbg.eu\/hr\/wp-json\/wp\/v2\/product_brand?post=720862"},{"taxonomy":"product_cat","embeddable":true,"href":"https:\/\/nbg.eu\/hr\/wp-json\/wp\/v2\/product_cat?post=720862"},{"taxonomy":"product_tag","embeddable":true,"href":"https:\/\/nbg.eu\/hr\/wp-json\/wp\/v2\/product_tag?post=720862"}],"curies":[{"name":"wp","href":"https:\/\/api.w.org\/{rel}","templated":true}]}}