{"id":721224,"date":"2024-08-18T11:07:42","date_gmt":"2024-08-18T08:07:42","guid":{"rendered":"https:\/\/nbg.eu\/product\/stezni-vijak-m35-torx-kmr\/"},"modified":"2026-04-16T16:05:50","modified_gmt":"2026-04-16T13:05:50","slug":"stezni-vijak-m35-torx-kmr","status":"publish","type":"product","link":"https:\/\/nbg.eu\/hr\/proizvod\/stezni-vijak-m35-torx-kmr\/","title":{"rendered":"KMR Vijak za Rukohvat M3.5 Torx"},"content":{"rendered":"<h2>Vijak za zahvat M3,5 Torx KMR<\/h2>\n<p>Konstruiran s precizno\u0161\u0107u i pa\u017enjom na detalje, ovaj vijak za zahvat osigurava siguran i pouzdan zahvat, pobolj\u0161avaju\u0107i ukupne performanse i funkcionalnost va\u0161eg Weapons KMR. Odlikuju\u0107i se Torx dizajnom, pru\u017ea sigurnu i konzistentnu vezu, sprje\u010davaju\u0107i ne\u017eeljeno popu\u0161tanje ili pomicanje tijekom uporabe.<\/p>\n<p>Bilo da ste iskusni strijelac ili takti\u010dki entuzijast, ovaj je dodatak neophodan za odr\u017eavanje integriteta i pouzdanosti va\u0161eg Weapons KMR. Unaprijedite svoje iskustvo ga\u0111anja s ovom bitnom komponentom, dizajniranom za jednostavnu integraciju s va\u0161im preferiranim KMR modelom.<\/p>\n<\/p>\n<p>Za Weapons KMR:<\/p>\n<\/p>\n<p>KMR L-02 EMIQ<\/p>\n<\/p>\n<p>KMR L-02 EMIQ (OR)<\/p>\n<\/p>\n<p>KMR L-02 ORCA OD 2024.<\/p>\n<\/p>\n<p>KMR L-02 ORCA DO 2023.<\/p>\n<\/p>\n<p>KMR L-02 SPECTRA OD 2024.<\/p>\n<\/p>\n<p>KMR L-02 SPECTRA DO 2023.<\/p>\n<\/p>\n<p>KMR L-02 UMBRA (OR) SR<\/p>\n<\/p>\n<p>KMR S-01 LANCE (OR)<\/p>\n<\/p>\n<p>KMR S-02 OD 2024.<\/p>\n<\/p>\n<p>KMR S-02 DO 2023.<\/p>\n<\/p>\n<p>KMR W-02 CUDA (OR)<\/p>\n<\/p>\n<p>KMR W-02 UMBRA<\/p>\n<\/p>\n<p>KMR W-02 UMBRA (OR)<\/p>\n","protected":false},"excerpt":{"rendered":"<p>Vijak za hvatanje M3,5 Torx KMR za oru\u017eje, kompatibilan s KMR modelima.<\/p>\n","protected":false},"featured_media":25282,"template":"","meta":{"_acf_changed":false},"product_brand":[11491],"product_cat":[13519,14869],"product_tag":[],"class_list":{"0":"post-721224","1":"product","2":"type-product","3":"status-publish","4":"has-post-thumbnail","6":"product_brand-kmr-precision","7":"product_cat-kmr-dijelovi","8":"product_cat-pistol-grips-hr","10":"first","11":"instock","12":"taxable","13":"shipping-taxable","14":"product-type-simple"},"acf":[],"_links":{"self":[{"href":"https:\/\/nbg.eu\/hr\/wp-json\/wp\/v2\/product\/721224","targetHints":{"allow":["GET"]}}],"collection":[{"href":"https:\/\/nbg.eu\/hr\/wp-json\/wp\/v2\/product"}],"about":[{"href":"https:\/\/nbg.eu\/hr\/wp-json\/wp\/v2\/types\/product"}],"wp:featuredmedia":[{"embeddable":true,"href":"https:\/\/nbg.eu\/hr\/wp-json\/wp\/v2\/media\/25282"}],"wp:attachment":[{"href":"https:\/\/nbg.eu\/hr\/wp-json\/wp\/v2\/media?parent=721224"}],"wp:term":[{"taxonomy":"product_brand","embeddable":true,"href":"https:\/\/nbg.eu\/hr\/wp-json\/wp\/v2\/product_brand?post=721224"},{"taxonomy":"product_cat","embeddable":true,"href":"https:\/\/nbg.eu\/hr\/wp-json\/wp\/v2\/product_cat?post=721224"},{"taxonomy":"product_tag","embeddable":true,"href":"https:\/\/nbg.eu\/hr\/wp-json\/wp\/v2\/product_tag?post=721224"}],"curies":[{"name":"wp","href":"https:\/\/api.w.org\/{rel}","templated":true}]}}