{"id":721285,"date":"2026-01-19T18:48:08","date_gmt":"2026-01-19T15:48:08","guid":{"rendered":"https:\/\/nbg.eu\/product\/rh-crocy-gizmo-adapter\/"},"modified":"2026-02-27T16:25:19","modified_gmt":"2026-02-27T13:25:19","slug":"rh-crocy-gizmo-adapter","status":"publish","type":"product","link":"https:\/\/nbg.eu\/hr\/proizvod\/rh-crocy-gizmo-adapter\/","title":{"rendered":"RH Crocy Gizmo adapter"},"content":{"rendered":"<h2>RH Crocy Gizmo adapter<\/h2>\n<p>Crocy Gizmo je spojni element dizajniran za sustav futrola RH Crocy AIWB. Omogu\u0107uje pri\u010dvr\u0161\u0107ivanje futrole za spremnik izravno na futrolu za potpunu konfiguraciju no\u0161enja na trbuhu.<\/p>\n<h3>Klju\u010dne zna\u010dajke:<\/h3>\n<ul>\n<li>Spaja futrolu za spremnik Crocy s futrolom Crocy AIWB<\/li>\n<li>Kydex konstrukcija za izdr\u017eljivost<\/li>\n<li>Omogu\u0107uje modularnu AIWB konfiguraciju<\/li>\n<li>Lagani i niski profil<\/li>\n<\/ul>\n","protected":false},"excerpt":{"rendered":"<p>RH Crocy Gizmo: Spojni element za pri\u010dvr\u0161\u0107ivanje futrole za spremnik na Crocy AIWB futrolu.<\/p>\n","protected":false},"featured_media":721286,"template":"","meta":{"_acf_changed":false},"product_brand":[11629],"product_cat":[13550],"product_tag":[],"class_list":{"0":"post-721285","1":"product","2":"type-product","3":"status-publish","4":"has-post-thumbnail","6":"product_brand-rh-holsters","7":"product_cat-dodaci-za-futrole","9":"first","10":"instock","11":"taxable","12":"shipping-taxable","13":"purchasable","14":"product-type-simple"},"acf":[],"_links":{"self":[{"href":"https:\/\/nbg.eu\/hr\/wp-json\/wp\/v2\/product\/721285","targetHints":{"allow":["GET"]}}],"collection":[{"href":"https:\/\/nbg.eu\/hr\/wp-json\/wp\/v2\/product"}],"about":[{"href":"https:\/\/nbg.eu\/hr\/wp-json\/wp\/v2\/types\/product"}],"wp:featuredmedia":[{"embeddable":true,"href":"https:\/\/nbg.eu\/hr\/wp-json\/wp\/v2\/media\/721286"}],"wp:attachment":[{"href":"https:\/\/nbg.eu\/hr\/wp-json\/wp\/v2\/media?parent=721285"}],"wp:term":[{"taxonomy":"product_brand","embeddable":true,"href":"https:\/\/nbg.eu\/hr\/wp-json\/wp\/v2\/product_brand?post=721285"},{"taxonomy":"product_cat","embeddable":true,"href":"https:\/\/nbg.eu\/hr\/wp-json\/wp\/v2\/product_cat?post=721285"},{"taxonomy":"product_tag","embeddable":true,"href":"https:\/\/nbg.eu\/hr\/wp-json\/wp\/v2\/product_tag?post=721285"}],"curies":[{"name":"wp","href":"https:\/\/api.w.org\/{rel}","templated":true}]}}