{"id":721331,"date":"2026-01-19T18:48:05","date_gmt":"2026-01-19T15:48:05","guid":{"rendered":"https:\/\/nbg.eu\/product\/rh-crocy-dodatna-kuka\/"},"modified":"2026-02-27T16:26:14","modified_gmt":"2026-02-27T13:26:14","slug":"rh-crocy-dodatna-kuka","status":"publish","type":"product","link":"https:\/\/nbg.eu\/hr\/proizvod\/rh-crocy-dodatna-kuka\/","title":{"rendered":"RH Crocy dodatna kuka"},"content":{"rendered":"<h2>RH Crocy dodatna kuka<\/h2>\n<p>RH Crocy dodatna kuka pru\u017ea dodatno pri\u010dvr\u0161\u0107ivanje za remen za sustav futrola Crocy AIWB, pobolj\u0161avaju\u0107i stabilnost i raspodjelu te\u017eine tijekom no\u0161enja na trbuhu.<\/p>\n<h3>Klju\u010dne zna\u010dajke:<\/h3>\n<ul>\n<li>\u010celi\u010dna konstrukcija za izdr\u017eljivost<\/li>\n<li>Kompatibilnost s remenom od 40 mm<\/li>\n<li>Dodaje drugu to\u010dku pri\u010dvr\u0161\u0107ivanja sustavu Crocy<\/li>\n<li>Pobolj\u0161ava stabilnost futrole i smanjuje pomicanje<\/li>\n<li>Jednostavna instalacija na futrolu Crocy<\/li>\n<\/ul>\n","protected":false},"excerpt":{"rendered":"<p>RH Crocy dodatna kuka: \u010celi\u010dna kuka za pobolj\u0161anu stabilnost sustava Crocy AIWB.<\/p>\n","protected":false},"featured_media":721332,"template":"","meta":{"_acf_changed":false},"product_brand":[11629],"product_cat":[13550],"product_tag":[],"class_list":{"0":"post-721331","1":"product","2":"type-product","3":"status-publish","4":"has-post-thumbnail","6":"product_brand-rh-holsters","7":"product_cat-dodaci-za-futrole","9":"first","10":"instock","11":"taxable","12":"shipping-taxable","13":"purchasable","14":"product-type-simple"},"acf":[],"_links":{"self":[{"href":"https:\/\/nbg.eu\/hr\/wp-json\/wp\/v2\/product\/721331","targetHints":{"allow":["GET"]}}],"collection":[{"href":"https:\/\/nbg.eu\/hr\/wp-json\/wp\/v2\/product"}],"about":[{"href":"https:\/\/nbg.eu\/hr\/wp-json\/wp\/v2\/types\/product"}],"wp:featuredmedia":[{"embeddable":true,"href":"https:\/\/nbg.eu\/hr\/wp-json\/wp\/v2\/media\/721332"}],"wp:attachment":[{"href":"https:\/\/nbg.eu\/hr\/wp-json\/wp\/v2\/media?parent=721331"}],"wp:term":[{"taxonomy":"product_brand","embeddable":true,"href":"https:\/\/nbg.eu\/hr\/wp-json\/wp\/v2\/product_brand?post=721331"},{"taxonomy":"product_cat","embeddable":true,"href":"https:\/\/nbg.eu\/hr\/wp-json\/wp\/v2\/product_cat?post=721331"},{"taxonomy":"product_tag","embeddable":true,"href":"https:\/\/nbg.eu\/hr\/wp-json\/wp\/v2\/product_tag?post=721331"}],"curies":[{"name":"wp","href":"https:\/\/api.w.org\/{rel}","templated":true}]}}