{"id":722073,"date":"2026-03-06T17:36:32","date_gmt":"2026-03-06T14:36:32","guid":{"rendered":"https:\/\/nbg.eu\/product\/eberlestock-mag-free-torbica-za-daljinomjer\/"},"modified":"2026-04-15T14:08:50","modified_gmt":"2026-04-15T11:08:50","slug":"eberlestock-mag-free-torbica-za-daljinomjer","status":"publish","type":"product","link":"https:\/\/nbg.eu\/hr\/proizvod\/eberlestock-mag-free-torbica-za-daljinomjer\/","title":{"rendered":"Eberlestock Futrola za Daljinomjer Mag-Free"},"content":{"rendered":"<h2>Eberlestock Mag-Free torbica za daljinomjer<\/h2>\n<p>Posebno dizajnirana za lovce i takti\u010dke profesionalce, Mag-Free torbica za daljinomjer pru\u017ea sigurno, vremenski otporno spremanje za va\u0161 daljinomjer s brzim pristupom jednom rukom. Kompaktan dizajn besprijekorno se integrira s Eberlestock sustavima prsnog remena.<\/p>\n<h3>Vremenski otporna konstrukcija<\/h3>\n<p>Izra\u0111ena od visoko\u010dvrste 500D Cordure s krutom HDPE stra\u017enjom stjenkom, torbica pru\u017ea pouzdanu za\u0161titu pri kretanju kroz gustu vegetaciju ili te\u0161ke vremenske uvjete.<\/p>\n<h3>Tiho otvaranje jednom rukom<\/h3>\n<p>Mehanizam na izvla\u010denje u kombinaciji s ugra\u0111enom cijevi u poklopcu stvara kruto, tiho otvaranje. Podesivi poklopac prima razli\u010dite veli\u010dine daljinomjera i sigurno ih dr\u017ei u zam\u0161anoj unutra\u0161njosti.<\/p>\n<h3>Modularna kompatibilnost<\/h3>\n<p>Dvostruke laserski izrezane MOLLE trake pove\u0107avaju sigurnost i svestranost, \u010dine\u0107i torbicu potpuno kompatibilnom s Eberlestock Bravo Bino Pack i Recon Modular Harness sustavima. To\u010dke za vezanje vrpce s obje strane i odvojiva spiralna elasti\u010dna vrpca pru\u017eaju dodatnu sigurnost.<\/p>\n<table>\n<thead>\n<tr>\n<th>Specifikacija<\/th>\n<th>Detalj<\/th>\n<\/tr>\n<\/thead>\n<tbody>\n<tr>\n<td>Dimenzije<\/td>\n<td>4.85&#8243; H x 3.25&#8243; W x 1.75&#8243; D<\/td>\n<\/tr>\n<tr>\n<td>Materijal<\/td>\n<td>500D Cordura \/ HDPE<\/td>\n<\/tr>\n<tr>\n<td>Unutra\u0161njost<\/td>\n<td>Zam\u0161ana podstava<\/td>\n<\/tr>\n<tr>\n<td>Pri\u010dvr\u0161\u0107enje<\/td>\n<td>Dual laser-cut MOLLE<\/td>\n<\/tr>\n<tr>\n<td>Kompatibilnost<\/td>\n<td>Bravo Bino Pack, Recon Modular Harness<\/td>\n<\/tr>\n<\/tbody>\n<\/table>\n","protected":false},"excerpt":{"rendered":"<p>Eberlestock Mag-Free Rangefinder Pouch ima vremenski otpornu konstrukciju od 500D Cordure s HDPE stra\u017enjom stjenkom, tihi sustav otvaranja na izvla\u010denje i dvostruko laserski izrezano MOLLE pri\u010dvr\u0161\u0107enje. Kompatibilan s Bravo Bino Pack i Recon Modular Harness.<\/p>\n","protected":false},"featured_media":722074,"template":"","meta":{"_acf_changed":false},"product_brand":[15140],"product_cat":[13577,13567],"product_tag":[],"class_list":{"0":"post-722073","1":"product","2":"type-product","3":"status-publish","4":"has-post-thumbnail","6":"product_brand-eberlestock","7":"product_cat-oprema","8":"product_cat-torbice","10":"first","11":"instock","12":"taxable","13":"shipping-taxable","14":"purchasable","15":"product-type-variable","16":"wvs-archive-product-wrapper"},"acf":[],"_links":{"self":[{"href":"https:\/\/nbg.eu\/hr\/wp-json\/wp\/v2\/product\/722073","targetHints":{"allow":["GET"]}}],"collection":[{"href":"https:\/\/nbg.eu\/hr\/wp-json\/wp\/v2\/product"}],"about":[{"href":"https:\/\/nbg.eu\/hr\/wp-json\/wp\/v2\/types\/product"}],"wp:featuredmedia":[{"embeddable":true,"href":"https:\/\/nbg.eu\/hr\/wp-json\/wp\/v2\/media\/722074"}],"wp:attachment":[{"href":"https:\/\/nbg.eu\/hr\/wp-json\/wp\/v2\/media?parent=722073"}],"wp:term":[{"taxonomy":"product_brand","embeddable":true,"href":"https:\/\/nbg.eu\/hr\/wp-json\/wp\/v2\/product_brand?post=722073"},{"taxonomy":"product_cat","embeddable":true,"href":"https:\/\/nbg.eu\/hr\/wp-json\/wp\/v2\/product_cat?post=722073"},{"taxonomy":"product_tag","embeddable":true,"href":"https:\/\/nbg.eu\/hr\/wp-json\/wp\/v2\/product_tag?post=722073"}],"curies":[{"name":"wp","href":"https:\/\/api.w.org\/{rel}","templated":true}]}}