{"id":723850,"date":"2026-03-10T16:14:33","date_gmt":"2026-03-10T13:14:33","guid":{"rendered":"https:\/\/nbg.eu\/product\/area-419-can-koozie-navlaka-za-nocno-gledanje\/"},"modified":"2026-03-10T17:16:52","modified_gmt":"2026-03-10T14:16:52","slug":"area-419-can-koozie-navlaka-za-nocno-gledanje","status":"publish","type":"product","link":"https:\/\/nbg.eu\/hr\/proizvod\/area-419-can-koozie-navlaka-za-nocno-gledanje\/","title":{"rendered":"Area 419 Can Koozie \/ Navlaka za No\u0107no Gledanje"},"content":{"rendered":"<h2>Area 419 Can Koozie \/ Clip-on \u0160titnik za No\u0107no Gledanje<\/h2>\n<p>Dizajnirana od Area 419, ova neoprenska navlaka ima takti\u010dku svrhu: pri\u010dvrstite je na objektiv optike kako bi premostila razmak izme\u0111u optike i clip-on ure\u0111aja za no\u0107no gledanje, blokiraju\u0107i pra\u0161inu i parazitno svjetlo.<\/p>\n<h3>Clip-on Navlaka za No\u0107no Gledanje<\/h3>\n<p>Navlaka se raste\u017ee preko objektiva optike i pru\u017ea \u010dvrst, svjetlonepropustan most za va\u0161 clip-on NV ure\u0111aj \u2014 eliminiraju\u0107i razmak kroz koji prodire okolno svjetlo i pra\u0161ina. Strijelci je koriste i kao u\u010dinkovito sjenilo za uklanjanje odsjaja objektiva bez Velcro traka ili glomaznih dodataka.<\/p>\n<h3>Specifikacije<\/h3>\n<table>\n<tbody>\n<tr>\n<td><strong>Materijal<\/strong><\/td>\n<td>Neoprene<\/td>\n<\/tr>\n<tr>\n<td><strong>Te\u017eina<\/strong><\/td>\n<td>0.1 lbs<\/td>\n<\/tr>\n<tr>\n<td><strong>Dimenzije<\/strong><\/td>\n<td>2 x 2 x 0.5 in<\/td>\n<\/tr>\n<tr>\n<td><strong>Proizvedeno u<\/strong><\/td>\n<td>SAD<\/td>\n<\/tr>\n<\/tbody>\n<\/table>\n","protected":false},"excerpt":{"rendered":"<p>Neoprenska clip-on navlaka dizajnirana za premo\u0161\u0107ivanje razmaka izme\u0111u objektiva optike i clip-on ure\u0111aja za no\u0107no gledanje. Blokira pra\u0161inu, parazitno svjetlo i eliminira odsjaj objektiva. Funkcionira i kao u\u010dinkovito sjenilo za dnevno pucanje.<\/p>\n","protected":false},"featured_media":723851,"template":"","meta":{"_acf_changed":false},"product_brand":[11030],"product_cat":[13545,13577],"product_tag":[],"class_list":{"0":"post-723850","1":"product","2":"type-product","3":"status-publish","4":"has-post-thumbnail","6":"product_brand-area-419","7":"product_cat-dodaci-za-nisanjenje","8":"product_cat-oprema","10":"first","11":"instock","12":"taxable","13":"shipping-taxable","14":"purchasable","15":"product-type-simple"},"acf":[],"_links":{"self":[{"href":"https:\/\/nbg.eu\/hr\/wp-json\/wp\/v2\/product\/723850","targetHints":{"allow":["GET"]}}],"collection":[{"href":"https:\/\/nbg.eu\/hr\/wp-json\/wp\/v2\/product"}],"about":[{"href":"https:\/\/nbg.eu\/hr\/wp-json\/wp\/v2\/types\/product"}],"wp:featuredmedia":[{"embeddable":true,"href":"https:\/\/nbg.eu\/hr\/wp-json\/wp\/v2\/media\/723851"}],"wp:attachment":[{"href":"https:\/\/nbg.eu\/hr\/wp-json\/wp\/v2\/media?parent=723850"}],"wp:term":[{"taxonomy":"product_brand","embeddable":true,"href":"https:\/\/nbg.eu\/hr\/wp-json\/wp\/v2\/product_brand?post=723850"},{"taxonomy":"product_cat","embeddable":true,"href":"https:\/\/nbg.eu\/hr\/wp-json\/wp\/v2\/product_cat?post=723850"},{"taxonomy":"product_tag","embeddable":true,"href":"https:\/\/nbg.eu\/hr\/wp-json\/wp\/v2\/product_tag?post=723850"}],"curies":[{"name":"wp","href":"https:\/\/api.w.org\/{rel}","templated":true}]}}