{"id":732110,"date":"2026-03-13T17:33:16","date_gmt":"2026-03-13T14:33:16","guid":{"rendered":"https:\/\/nbg.eu\/product\/microtech-dirac-delta-d-e-dlc-shadow-signature-series-2\/"},"modified":"2026-03-30T15:45:37","modified_gmt":"2026-03-30T12:45:37","slug":"microtech-dirac-delta-d-e-dlc-shadow-signature-series-2","status":"publish","type":"product","link":"https:\/\/nbg.eu\/hr\/proizvod\/microtech-dirac-delta-d-e-dlc-shadow-signature-series-2\/","title":{"rendered":"Microtech Dirac Delta D\/E DLC Shadow Signature serija"},"content":{"rendered":"<h2>Pregled<\/h2>\n<p>Microtech Dirac Delta D\/E DLC Shadow varijanta je serije Signature Microtechovog inovativnog top-fire OTF automatika. Po uzoru na pionir Dirac, Delta ima istu ergonomsku \u0161asiju i inovativni unutarnji mehanizam u robusnijoj veli\u010dini, a ovo Shadow izdanje ima kompletan DLC (Diamond-Like Carbon) premaz na o\u0161trici bode\u017ea M390MK, aluminijskoj dr\u0161ci, hardveru i kop\u010di za d\u017eep. Definiraju\u0107a gornja tipka za paljenje omogu\u0107uje intuitivno, obostrano raspore\u0111ivanje i uvla\u010denje o\u0161trice prirodnim pokretom palca.<\/p>\n<h3>Gumb za paljenje na vrhu<\/h3>\n<p>Za razliku od OTF no\u017eeva sa bo\u010dnim paljenjem, Dirac Delta gumb na poklopcu omogu\u0107uje prirodan, intuitivan pritisak palcem za pomicanje i uvla\u010denje o\u0161trice. Dizajn omogu\u0107uje rad s obje ruke bez pomicanja ruke.<\/p>\n<h3>Ergonomsko ku\u0107i\u0161te inspirirano HALO<\/h3>\n<p>\u0160asija Dirac Delta ima zakrivljene linije inspirirane legendarnim Microtech HALO-om, stvaraju\u0107i prepoznatljiv osje\u0107aj u ruci koji ga izdvaja od tradicionalnih OTF dizajna s ravnim stranicama.<\/p>\n<h3>DLC Shadow Finish<\/h3>\n<p>Kompletan dijamantni karbonski premaz na svim povr\u0161inama pru\u017ea iznimnu tvrdo\u0107u, otpornost na habanje i elegantnu zatamnjenu estetiku. DLC zavr\u0161ni sloj tako\u0111er dodaje sloj za\u0161tite od korozije izvan ve\u0107 otpornog \u010delika M390MK.<\/p>\n<h3>Premijum komponente<\/h3>\n<ul>\n<li>Bohler M390MK dvostruka o\u0161trica bode\u017ea s DLC premazom<\/li>\n<li>6061-T6 aluminijska ru\u010dka s DLC Shadow zavr\u0161etkom<\/li>\n<li>DLC presvu\u010den hardver i d\u017eepna kop\u010da<\/li>\n<li>Gumb za paljenje postavljen na vrhu za rad s obje ruke<\/li>\n<li>Integrirani razbija\u010d stakla<\/li>\n<li>Oznaka serije potpisa<\/li>\n<\/ul>\n<h3>Specifikacije<\/h3>\n<table class=\"shop_attributes\">\n<tbody>\n<tr>\n<td><strong>Vrsta<\/strong><\/td>\n<td>Automatski sprijeda<\/td>\n<\/tr>\n<tr>\n<td><strong>Duljina o\u0161trice<\/strong><\/td>\n<td>3,79&#8243;<\/td>\n<\/tr>\n<tr>\n<td><strong>Ukupna duljina<\/strong><\/td>\n<td>9,40&#8243;<\/td>\n<\/tr>\n<tr>\n<td><strong>Duljina ru\u010dke<\/strong><\/td>\n<td>5,50&#8243;<\/td>\n<\/tr>\n<tr>\n<td><strong>\u010celik za o\u0161trice<\/strong><\/td>\n<td>Bohler M390MK (DLC presvu\u010den)<\/td>\n<\/tr>\n<tr>\n<td><strong>Materijal ru\u010dke<\/strong><\/td>\n<td>6061-T6 Aluminij (DLC Shadow)<\/td>\n<\/tr>\n<tr>\n<td><strong>Te\u017eina<\/strong><\/td>\n<td>4,60 oz<\/td>\n<\/tr>\n<tr>\n<td><strong>Stil o\u0161trice<\/strong><\/td>\n<td>Bode\u017e\/dvostruka o\u0161trica (D\/E)<\/td>\n<\/tr>\n<tr>\n<td><strong>Zavr\u0161na obrada o\u0161trice<\/strong><\/td>\n<td>DLC Shadow<\/td>\n<\/tr>\n<tr>\n<td><strong>Hardver<\/strong><\/td>\n<td>DLC presvu\u010den<\/td>\n<\/tr>\n<tr>\n<td><strong>Vrsta ruba<\/strong><\/td>\n<td>Obi\u010dan<\/td>\n<\/tr>\n<tr>\n<td><strong>Serija<\/strong><\/td>\n<td>Serija potpisa<\/td>\n<\/tr>\n<tr>\n<td><strong>Zemlja podrijetla<\/strong><\/td>\n<td>SAD<\/td>\n<\/tr>\n<\/tbody>\n<\/table>\n","protected":false},"excerpt":{"rendered":"<p>Dirac Delta Signature Series OTF automatski s potpunom DLC Shadow zavr\u0161nom obradom \u2013 DLC presvu\u010dena M390MK o\u0161trica bode\u017ea s dvostrukom o\u0161tricom i DLC aluminijska ru\u010dka. Gornji gumb za paljenje. O\u0161trica 3,79 in\u010da, ukupno 9,40 in\u010da, 4,6 oz.<\/p>\n","protected":false},"featured_media":730890,"template":"","meta":{"_acf_changed":false},"product_brand":[15519],"product_cat":[15359,15996],"product_tag":[],"class_list":{"0":"post-732110","1":"product","2":"type-product","3":"status-publish","4":"has-post-thumbnail","6":"product_brand-microtech","7":"product_cat-knives-hr","8":"product_cat-otf-knives-hr","10":"first","11":"outofstock","12":"taxable","13":"shipping-taxable","14":"purchasable","15":"product-type-simple"},"acf":[],"_links":{"self":[{"href":"https:\/\/nbg.eu\/hr\/wp-json\/wp\/v2\/product\/732110","targetHints":{"allow":["GET"]}}],"collection":[{"href":"https:\/\/nbg.eu\/hr\/wp-json\/wp\/v2\/product"}],"about":[{"href":"https:\/\/nbg.eu\/hr\/wp-json\/wp\/v2\/types\/product"}],"wp:featuredmedia":[{"embeddable":true,"href":"https:\/\/nbg.eu\/hr\/wp-json\/wp\/v2\/media\/730890"}],"wp:attachment":[{"href":"https:\/\/nbg.eu\/hr\/wp-json\/wp\/v2\/media?parent=732110"}],"wp:term":[{"taxonomy":"product_brand","embeddable":true,"href":"https:\/\/nbg.eu\/hr\/wp-json\/wp\/v2\/product_brand?post=732110"},{"taxonomy":"product_cat","embeddable":true,"href":"https:\/\/nbg.eu\/hr\/wp-json\/wp\/v2\/product_cat?post=732110"},{"taxonomy":"product_tag","embeddable":true,"href":"https:\/\/nbg.eu\/hr\/wp-json\/wp\/v2\/product_tag?post=732110"}],"curies":[{"name":"wp","href":"https:\/\/api.w.org\/{rel}","templated":true}]}}