{"id":733838,"date":"2026-03-24T13:40:01","date_gmt":"2026-03-24T10:40:01","guid":{"rendered":"https:\/\/nbg.eu\/product\/bergara-b14-wild-sierra-20-6-5-creedmoor\/"},"modified":"2026-04-02T14:31:33","modified_gmt":"2026-04-02T11:31:33","slug":"bergara-b14-wild-sierra-20-6-5-creedmoor","status":"publish","type":"product","link":"https:\/\/nbg.eu\/hr\/proizvod\/bergara-b14-wild-sierra-20-6-5-creedmoor\/","title":{"rendered":"Bergara B14 Wild Sierra 20&#8243; 6.5 Creedmoor"},"content":{"rendered":"<h2>Bergara B14 Wild Sierra 20&#8243; 6.5 Creedmoor<\/h2>\n<p>Bergara B14 Wild Sierra u kalibru 6.5 Creedmoor s cijevi 20&#8243; je repetirna pu\u0161ka za lovnog i takti\u010dkog strijelca. Kalibar 6.5 CM je pogodan za visok balisti\u010dki koeficijent i ravnu putanju.<\/p>\n<h3>Inovativna podesiva kundak<\/h3>\n<p>Kundak ima podesivi obraznik i le\u017ei\u0161te za magazin tipa AICS za pouzdanu i brzu izmjenu. Ergonomski dizajn osigurava udobnost pri ga\u0111anju u razli\u010ditim polo\u017eajima.<\/p>\n<h3>Cerakote za\u0161titni premaz<\/h3>\n<p>Cijev i zatvara\u010d imaju Graphite Black Cerakote premaz koji pru\u017ea iznimnu otpornost na koroziju i habanje. Premaz je otporan na ekstremne klimatske uvjete.<\/p>\n<h3>Unaprijed montirana Omni ko\u010dnica trzaja<\/h3>\n<p>Pu\u0161ka se isporu\u010duje s unaprijed montiranom Omni ko\u010dnicom trzaja na navoju 5\/8-24 UNEF, \u0161to zna\u010dajno smanjuje trzaj i pove\u0107ava to\u010dnost pri brzom ga\u0111anju.<\/p>\n<table>\n<tbody>\n<tr>\n<td>Kalibar<\/td>\n<td>6.5 Creedmoor<\/td>\n<\/tr>\n<tr>\n<td>Mehanizam<\/td>\n<td>Bolt Action (B14)<\/td>\n<\/tr>\n<tr>\n<td>Materijal cijevi<\/td>\n<td>4140 CrMo Steel, Graphite Black Cerakote<\/td>\n<\/tr>\n<tr>\n<td>Duljina cijevi<\/td>\n<td>20&#8243; (51 cm)<\/td>\n<\/tr>\n<tr>\n<td>Promjer cijevi<\/td>\n<td>17.5 mm<\/td>\n<\/tr>\n<tr>\n<td>Korak navoja<\/td>\n<td>1:8&#8243;<\/td>\n<\/tr>\n<tr>\n<td>Navoj usta<\/td>\n<td>5\/8-24 UNEF<\/td>\n<\/tr>\n<tr>\n<td>Ukupna duljina<\/td>\n<td>103 cm<\/td>\n<\/tr>\n<tr>\n<td>Te\u017eina<\/td>\n<td>3.2 kg<\/td>\n<\/tr>\n<tr>\n<td>Spremnik<\/td>\n<td>5-round AICS detachable<\/td>\n<\/tr>\n<tr>\n<td>Ure\u0111aj na ustima<\/td>\n<td>Omni Muzzle Brake (included)<\/td>\n<\/tr>\n<tr>\n<td>Proizvo\u0111a\u010d<\/td>\n<td>Bergara, Spain<\/td>\n<\/tr>\n<\/tbody>\n<\/table>\n","protected":false},"excerpt":{"rendered":"<p>Bergara B14 Wild Sierra u 6.5 Creedmoor nudi ravnu putanju i duga\u010dki domet u kompaktnom paketu otpornom na vremenske uvjete. 20&#8243; cijev s Cerakote, uspon 1:8&#8243; optimiziran za te\u0161ke metke i AICS sustav spremnika.<\/p>\n","protected":false},"featured_media":733839,"template":"","meta":{"_acf_changed":false},"product_brand":[16016],"product_cat":[13569,16039],"product_tag":[],"class_list":{"0":"post-733838","1":"product","2":"type-product","3":"status-publish","4":"has-post-thumbnail","6":"product_brand-bergara","7":"product_cat-puska","8":"product_cat-bolt-action-rifles-hr","10":"first","11":"instock","12":"taxable","13":"shipping-taxable","14":"product-type-simple"},"acf":[],"_links":{"self":[{"href":"https:\/\/nbg.eu\/hr\/wp-json\/wp\/v2\/product\/733838","targetHints":{"allow":["GET"]}}],"collection":[{"href":"https:\/\/nbg.eu\/hr\/wp-json\/wp\/v2\/product"}],"about":[{"href":"https:\/\/nbg.eu\/hr\/wp-json\/wp\/v2\/types\/product"}],"wp:featuredmedia":[{"embeddable":true,"href":"https:\/\/nbg.eu\/hr\/wp-json\/wp\/v2\/media\/733839"}],"wp:attachment":[{"href":"https:\/\/nbg.eu\/hr\/wp-json\/wp\/v2\/media?parent=733838"}],"wp:term":[{"taxonomy":"product_brand","embeddable":true,"href":"https:\/\/nbg.eu\/hr\/wp-json\/wp\/v2\/product_brand?post=733838"},{"taxonomy":"product_cat","embeddable":true,"href":"https:\/\/nbg.eu\/hr\/wp-json\/wp\/v2\/product_cat?post=733838"},{"taxonomy":"product_tag","embeddable":true,"href":"https:\/\/nbg.eu\/hr\/wp-json\/wp\/v2\/product_tag?post=733838"}],"curies":[{"name":"wp","href":"https:\/\/api.w.org\/{rel}","templated":true}]}}