{"id":74137,"date":"2024-10-18T22:52:52","date_gmt":"2024-10-18T19:52:52","guid":{"rendered":"https:\/\/nbg.eu\/product\/mag-release-button-kmr-black\/"},"modified":"2026-04-16T16:02:50","modified_gmt":"2026-04-16T13:02:50","slug":"mag-gumb-za-otpustanje-kmr-crni","status":"publish","type":"product","link":"https:\/\/nbg.eu\/hr\/proizvod\/mag-gumb-za-otpustanje-kmr-crni\/","title":{"rendered":"KMR Tipka za Spremnik Standardna Crni"},"content":{"rendered":"<h2>Mag Release Button KMR &#8211; Crna<\/h2>\n<p>Mag Release Button KMR je bitan dodatak za va\u0161e oru\u017eane sustave, dizajniran kako bi osigurao siguran i pouzdan mehanizam za otpu\u0161tanje spremnika.<\/p>\n<p>S elegantnom crnom zavr\u0161nom obradom, Mag Release Button KMR ne samo da je funkcionalan, ve\u0107 i dodaje takti\u010dku eleganciju va\u0161em oru\u017eju. Izra\u0111en od izdr\u017eljivih materijala, ovaj gumb osigurava glatko i pouzdano otpu\u0161tanje spremnika svaki put, \u0161to omogu\u0107uje brzo ponovno punjenje i besprijekornu tranziciju izme\u0111u hitaca.<\/p>\n<p>Bilo da ste profesionalni strijelac ili tek po\u010dinjete, Mag Release Button KMR jest bitan dodatak koji mo\u017ee pobolj\u0161ati performanse i pouzdanost va\u0161eg oru\u017eanog sustava. Zahvaljuju\u0107i svojoj svestranoj kompatibilnosti i robusnom dizajnu, ovaj gumb je neizostavan za svakog ozbiljnog entuzijasta vatrenog oru\u017eja.<\/p>\n<p>Za oru\u017eja KMR:<\/p>\n<p>KMR L-02 EMIQ<\/p>\n<p>KMR L-02 EMIQ (OR)<\/p>\n<p>KMR L-02 ORCA DO 2023<\/p>\n<p>KMR L-02 SPECTRA OD 2024<\/p>\n<p>KMR L-02 SPECTRA DO 2023<\/p>\n<p>KMR L-02 UMBRA OD 2024<\/p>\n<p>KMR L-02 UMBRA DO 2023<\/p>\n<p>KMR S-01 LANCE (OR)<\/p>\n<p>KMR S-02 DO 2023<\/p>\n<p>KMR W-02 CUDA OD 2024<\/p>\n<p>KMR W-02 CUDA DO 2023<\/p>\n<p>KMR W-02 UMBRA<\/p>\n<p>KMR W-02 UMBRA (OR)<\/p>\n<p>Oznaka 0180-00801-0101<\/p>\n","protected":false},"excerpt":{"rendered":"<p>Crno dugme za otpu\u0161tanje \u0161ar\u017eera za KMR oru\u017eje.<\/p>\n","protected":false},"featured_media":72233,"template":"","meta":{"_acf_changed":false},"product_brand":[11491],"product_cat":[13519],"product_tag":[],"class_list":{"0":"post-74137","1":"product","2":"type-product","3":"status-publish","4":"has-post-thumbnail","6":"product_brand-kmr-precision","7":"product_cat-kmr-dijelovi","9":"first","10":"instock","11":"taxable","12":"shipping-taxable","13":"purchasable","14":"product-type-simple"},"acf":[],"_links":{"self":[{"href":"https:\/\/nbg.eu\/hr\/wp-json\/wp\/v2\/product\/74137","targetHints":{"allow":["GET"]}}],"collection":[{"href":"https:\/\/nbg.eu\/hr\/wp-json\/wp\/v2\/product"}],"about":[{"href":"https:\/\/nbg.eu\/hr\/wp-json\/wp\/v2\/types\/product"}],"wp:featuredmedia":[{"embeddable":true,"href":"https:\/\/nbg.eu\/hr\/wp-json\/wp\/v2\/media\/72233"}],"wp:attachment":[{"href":"https:\/\/nbg.eu\/hr\/wp-json\/wp\/v2\/media?parent=74137"}],"wp:term":[{"taxonomy":"product_brand","embeddable":true,"href":"https:\/\/nbg.eu\/hr\/wp-json\/wp\/v2\/product_brand?post=74137"},{"taxonomy":"product_cat","embeddable":true,"href":"https:\/\/nbg.eu\/hr\/wp-json\/wp\/v2\/product_cat?post=74137"},{"taxonomy":"product_tag","embeddable":true,"href":"https:\/\/nbg.eu\/hr\/wp-json\/wp\/v2\/product_tag?post=74137"}],"curies":[{"name":"wp","href":"https:\/\/api.w.org\/{rel}","templated":true}]}}