{"id":74203,"date":"2024-10-18T23:28:40","date_gmt":"2024-10-18T20:28:40","guid":{"rendered":"https:\/\/nbg.eu\/product\/extractor-l-02-40sw-kmr\/"},"modified":"2026-04-16T16:02:47","modified_gmt":"2026-04-16T13:02:47","slug":"ekstraktor-l-02-40sw-kmr","status":"publish","type":"product","link":"https:\/\/nbg.eu\/hr\/proizvod\/ekstraktor-l-02-40sw-kmr\/","title":{"rendered":"KMR Ekstraktor L-02 .40 S&amp;W"},"content":{"rendered":"<div class=\"product-description\">\n<h2>Izbaciva\u010d L-02 .40SW &#8211; KMR<\/h2>\n<p>Ovaj izbaciva\u010d je dizajniran za KMR L-02 pi\u0161tolj kalibra .40 S&amp;W. Slu\u017ei kao zamjenski dio koji osigurava pouzdano izbacivanje \u010dahura i glatko funkcioniranje. Izra\u0111en je od izdr\u017eljivih materijala za dugotrajnu uporabu. Ovaj dio je va\u017ean za to\u010dnost i pouzdanost oru\u017eja.<\/p>\n<\/div>\n","protected":false},"excerpt":{"rendered":"<p>Precizni ekstraktor kalibra 40 S&amp;W za KMR L-02 pi\u0161tolj.<\/p>\n","protected":false},"featured_media":72582,"template":"","meta":{"_acf_changed":false},"product_brand":[11491],"product_cat":[13519],"product_tag":[],"class_list":{"0":"post-74203","1":"product","2":"type-product","3":"status-publish","4":"has-post-thumbnail","6":"product_brand-kmr-precision","7":"product_cat-kmr-dijelovi","9":"first","10":"instock","11":"taxable","12":"shipping-taxable","13":"purchasable","14":"product-type-simple"},"acf":[],"_links":{"self":[{"href":"https:\/\/nbg.eu\/hr\/wp-json\/wp\/v2\/product\/74203","targetHints":{"allow":["GET"]}}],"collection":[{"href":"https:\/\/nbg.eu\/hr\/wp-json\/wp\/v2\/product"}],"about":[{"href":"https:\/\/nbg.eu\/hr\/wp-json\/wp\/v2\/types\/product"}],"wp:featuredmedia":[{"embeddable":true,"href":"https:\/\/nbg.eu\/hr\/wp-json\/wp\/v2\/media\/72582"}],"wp:attachment":[{"href":"https:\/\/nbg.eu\/hr\/wp-json\/wp\/v2\/media?parent=74203"}],"wp:term":[{"taxonomy":"product_brand","embeddable":true,"href":"https:\/\/nbg.eu\/hr\/wp-json\/wp\/v2\/product_brand?post=74203"},{"taxonomy":"product_cat","embeddable":true,"href":"https:\/\/nbg.eu\/hr\/wp-json\/wp\/v2\/product_cat?post=74203"},{"taxonomy":"product_tag","embeddable":true,"href":"https:\/\/nbg.eu\/hr\/wp-json\/wp\/v2\/product_tag?post=74203"}],"curies":[{"name":"wp","href":"https:\/\/api.w.org\/{rel}","templated":true}]}}