{"id":745434,"date":"2026-04-03T17:00:37","date_gmt":"2026-04-03T14:00:37","guid":{"rendered":"https:\/\/nbg.eu\/product\/turan-9x19mm-luger-fmj-124-gr-streljivo\/"},"modified":"2026-04-03T17:09:18","modified_gmt":"2026-04-03T14:09:18","slug":"turan-9x19mm-luger-fmj-124-gr-streljivo","status":"publish","type":"product","link":"https:\/\/nbg.eu\/hr\/proizvod\/turan-9x19mm-luger-fmj-124-gr-streljivo\/","title":{"rendered":"Turan 9x19mm Luger FMJ 124 gr streljivo"},"content":{"rendered":"<h2>Turan 9x19mm Luger FMJ 124 gr streljivo<\/h2>\n<p>Turan 9x19mm Luger FMJ streljivo, 124 grana. Mjedena \u010dahura, Boxer kapisla, nemagneti\u010dni FMJ projektil. Proizvedeno u Turskoj po NATO specifikacijama. Po\u010detna brzina 370 m\/s. Za trening, ciljanje i na<\/p>\n<h3>Konzistentne performanse<\/h3>\n<p>S po\u010detnom brzinom 1214 fps (370 m\/s) i energijom 339 ft-lbs (460 J), ovi meci pru\u017eaju konzistentnu balistiku za to\u010dan trening i natjecanje. Te\u017eina 124 grana je NATO standard za 9mm, nude\u0107i balans izme\u0111u kontroliranog trzaja i pouzdanog rada u raznim pi\u0161toljima.<\/p>\n<h3>Prakti\u010dno streljivo za trening<\/h3>\n<p>Turan 9x19mm dizajniran je kao streljivo za trening velikog volumena po pristupa\u010dnoj cijeni. Kombinacija kvalitetne proizvodnje, NATO konzistencije i konkurentnih cijena \u010dini ga izvrsnim izborom za programe obuke, strelja\u010dke klubove i individualnu praksu.<\/p>\n<table>\n<tbody>\n<tr>\n<td>Kalibar<\/td>\n<td>9x19mm Luger \/ Parabellum<\/td>\n<\/tr>\n<tr>\n<td>Te\u017eina zrna<\/td>\n<td>124 gr (8.0 g)<\/td>\n<\/tr>\n<tr>\n<td>Tip zrna<\/td>\n<td>Full Metal Jacket (FMJ)<\/td>\n<\/tr>\n<tr>\n<td>Po\u010detna brzina<\/td>\n<td>1,214 fps (370 m\/s)<\/td>\n<\/tr>\n<tr>\n<td>Po\u010detna energija<\/td>\n<td>339 ft-lbs (460 J)<\/td>\n<\/tr>\n<tr>\n<td>Materijal \u010dahure<\/td>\n<td>Mjed, nova<\/td>\n<\/tr>\n<tr>\n<td>Kapisla<\/td>\n<td>Boxer<\/td>\n<\/tr>\n<tr>\n<td>Magneti\u010dan<\/td>\n<td>Ne<\/td>\n<\/tr>\n<tr>\n<td>Za ponovno punjenje<\/td>\n<td>Da<\/td>\n<\/tr>\n<tr>\n<td>Proizvo\u0111a\u010d<\/td>\n<td>Turan, Turkey<\/td>\n<\/tr>\n<\/tbody>\n<\/table>\n","protected":false},"excerpt":{"rendered":"<p>Turan 9x19mm Luger FMJ streljivo, 124 grana. Mjedena \u010dahura, Boxer kapisla, nemagneti\u010dni FMJ projektil. Proizvedeno u Turskoj po NATO specifikacijama. Po\u010detna brzina 370 m\/s. Za trening, ciljanje i natjecanje. Prodaje se po komadu.<\/p>\n","protected":false},"featured_media":745435,"template":"","meta":{"_acf_changed":false},"product_brand":[],"product_cat":[13572,13562],"product_tag":[],"class_list":{"0":"post-745434","1":"product","2":"type-product","3":"status-publish","4":"has-post-thumbnail","6":"product_cat-streljivo","7":"product_cat-streljivo-za-pistolje","9":"first","10":"instock","11":"taxable","12":"shipping-taxable","13":"product-type-simple"},"acf":[],"_links":{"self":[{"href":"https:\/\/nbg.eu\/hr\/wp-json\/wp\/v2\/product\/745434","targetHints":{"allow":["GET"]}}],"collection":[{"href":"https:\/\/nbg.eu\/hr\/wp-json\/wp\/v2\/product"}],"about":[{"href":"https:\/\/nbg.eu\/hr\/wp-json\/wp\/v2\/types\/product"}],"wp:featuredmedia":[{"embeddable":true,"href":"https:\/\/nbg.eu\/hr\/wp-json\/wp\/v2\/media\/745435"}],"wp:attachment":[{"href":"https:\/\/nbg.eu\/hr\/wp-json\/wp\/v2\/media?parent=745434"}],"wp:term":[{"taxonomy":"product_brand","embeddable":true,"href":"https:\/\/nbg.eu\/hr\/wp-json\/wp\/v2\/product_brand?post=745434"},{"taxonomy":"product_cat","embeddable":true,"href":"https:\/\/nbg.eu\/hr\/wp-json\/wp\/v2\/product_cat?post=745434"},{"taxonomy":"product_tag","embeddable":true,"href":"https:\/\/nbg.eu\/hr\/wp-json\/wp\/v2\/product_tag?post=745434"}],"curies":[{"name":"wp","href":"https:\/\/api.w.org\/{rel}","templated":true}]}}