{"id":749218,"date":"2026-04-24T11:17:23","date_gmt":"2026-04-24T08:17:23","guid":{"rendered":"https:\/\/nbg.eu\/product\/eberlestock-wrs-retention-strap\/"},"modified":"2026-04-24T11:58:19","modified_gmt":"2026-04-24T08:58:19","slug":"eberlestock-wrs-retention-strap","status":"publish","type":"product","link":"https:\/\/nbg.eu\/hr\/proizvod\/eberlestock-wrs-retention-strap\/","title":{"rendered":"Eberlestock WRS-Retention Strap"},"content":{"rendered":"<h2>Eberlestock WRS-Retention Strap<\/h2>\n<p>Eberlestock WRS Retention Strap je jednostavan, ali izuzetno u\u010dinkovit dodatak dizajniran za pobolj\u0161anje kontrole i prilagodljivosti va\u0161eg sustava za no\u0161enje. Dostupan u vi\u0161e boja koje odgovaraju va\u0161oj postoje\u0107oj Eberlestock opremi, ovaj lagani remen korisnicima pru\u017ea ve\u0107u fleksibilnost pri pri\u010dvr\u0161\u0107ivanju oru\u017eja, opreme i dodataka na MOLLE-kompatibilne platforme.<\/p>\n<h3>Klju\u010dne zna\u010dajke<\/h3>\n<ul>\n<li>Univerzalno MOLLE-kompatibilno pri\u010dvr\u0161\u0107ivanje za upotrebu s Eberlestock ruksacima i priborom<\/li>\n<li>Dizajniran za zadr\u017eavanje oru\u017eja i op\u0107enito pri\u010dvr\u0161\u0107ivanje opreme<\/li>\n<li>Dizajn niskog profila koji se besprijekorno integrira s postoje\u0107im konfiguracijama<\/li>\n<li>Funkcija brzog pode\u0161avanja za brzo raspore\u0111ivanje i spremanje<\/li>\n<li>Dostupan u vi\u0161e boja: Dry Earth, Military Green, Coyote Brown i Multicam<\/li>\n<li>Pokriveno do\u017eivotnim jamstvom Eberlestock<\/li>\n<\/ul>\n<h3>Specifikacije<\/h3>\n<table>\n<tr>\n<td><strong>SKU-ovi<\/strong><\/td>\n<td>WRSME (Dry Earth), WRSMJ (Military Green), WRSMC (Coyote Brown), WRSMM (Multicam)<\/td>\n<\/tr>\n<tr>\n<td><strong>Te\u017eina<\/strong><\/td>\n<td>4 oz<\/td>\n<\/tr>\n<tr>\n<td><strong>Kompatibilnost<\/strong><\/td>\n<td>MOLLE \/ PALS<\/td>\n<\/tr>\n<tr>\n<td><strong>Proizvo\u0111a\u010d<\/strong><\/td>\n<td>Eberlestock (Veteranska tvrtka)<\/td>\n<\/tr>\n<\/table>\n","protected":false},"excerpt":{"rendered":"<p>Eberlestock WRS Retention Strap je jednostavan, ali izuzetno u\u010dinkovit dodatak dizajniran za pobolj\u0161anje kontrole i prilagodljivosti va\u0161eg sustava za no\u0161enje. Dostupan u vi\u0161e boja koje odgovaraju va\u0161oj postoje\u0107oj Eberlestock opremi, ovaj lagani remen korisnicima pru\u017ea ve\u0107u fleksibilnost pri pri\u010dvr\u0161\u0107ivanju oru\u017eja, opreme i dodataka na MOLLE-kompatibilne platforme.<\/p>\n","protected":false},"featured_media":749219,"template":"","meta":{"_acf_changed":false},"product_brand":[15140],"product_cat":[13577],"product_tag":[],"class_list":{"0":"post-749218","1":"product","2":"type-product","3":"status-publish","4":"has-post-thumbnail","6":"product_brand-eberlestock","7":"product_cat-oprema","9":"first","10":"outofstock","11":"taxable","12":"shipping-taxable","13":"purchasable","14":"product-type-variable","15":"wvs-archive-product-wrapper"},"acf":[],"_links":{"self":[{"href":"https:\/\/nbg.eu\/hr\/wp-json\/wp\/v2\/product\/749218","targetHints":{"allow":["GET"]}}],"collection":[{"href":"https:\/\/nbg.eu\/hr\/wp-json\/wp\/v2\/product"}],"about":[{"href":"https:\/\/nbg.eu\/hr\/wp-json\/wp\/v2\/types\/product"}],"wp:featuredmedia":[{"embeddable":true,"href":"https:\/\/nbg.eu\/hr\/wp-json\/wp\/v2\/media\/749219"}],"wp:attachment":[{"href":"https:\/\/nbg.eu\/hr\/wp-json\/wp\/v2\/media?parent=749218"}],"wp:term":[{"taxonomy":"product_brand","embeddable":true,"href":"https:\/\/nbg.eu\/hr\/wp-json\/wp\/v2\/product_brand?post=749218"},{"taxonomy":"product_cat","embeddable":true,"href":"https:\/\/nbg.eu\/hr\/wp-json\/wp\/v2\/product_cat?post=749218"},{"taxonomy":"product_tag","embeddable":true,"href":"https:\/\/nbg.eu\/hr\/wp-json\/wp\/v2\/product_tag?post=749218"}],"curies":[{"name":"wp","href":"https:\/\/api.w.org\/{rel}","templated":true}]}}