{"id":749636,"date":"2026-04-24T11:17:35","date_gmt":"2026-04-24T08:17:35","guid":{"rendered":"https:\/\/nbg.eu\/product\/eberlestock-freefall-3000-ruksak\/"},"modified":"2026-04-24T12:00:17","modified_gmt":"2026-04-24T09:00:17","slug":"eberlestock-freefall-3000-ruksak","status":"publish","type":"product","link":"https:\/\/nbg.eu\/hr\/proizvod\/eberlestock-freefall-3000-ruksak\/","title":{"rendered":"Eberlestock FreeFall 3000 Ruksak"},"content":{"rendered":"<h2>Eberlestock FreeFall 3000 Ruksak<\/h2>\n<p>Eberlestock FreeFall 3000 je ve\u0107i brat iz serije FreeFall, koji nudi 3000 kubi\u010dnih in\u010da kapaciteta za produ\u017eene misije u divljini i vi\u0161ednevne operacije. S istim provjerenim dizajnom s robusnim aluminijskim okvirom, sedam unutarnjih d\u017eepova i sveobuhvatnom organizacijom, ovaj ruksak s lako\u0107om podnosi te\u017ee terete.<\/p>\n<h3>Klju\u010dne zna\u010dajke<\/h3>\n<ul>\n<li>3000 c.i. \/ 49.2L capacity<\/li>\n<li>Spacious top lid<\/li>\n<li>Seven interior pockets<\/li>\n<li>Water bladder sleeve<\/li>\n<li>Compression straps<\/li>\n<li>Hip-belt pockets<\/li>\n<li>Aluminum frame<\/li>\n<li>Eberlestock Lifetime Warranty<\/li>\n<\/ul>\n<h3>Specifikacije<\/h3>\n<table>\n<tr>\n<td><strong>Volumen<\/strong><\/td>\n<td>3000 c.i. \/ 49.2L<\/td>\n<\/tr>\n<tr>\n<td><strong>Te\u017eina<\/strong><\/td>\n<td>5 lbs 1 oz<\/td>\n<\/tr>\n<tr>\n<td><strong>Okvir<\/strong><\/td>\n<td>Aluminum<\/td>\n<\/tr>\n<tr>\n<td><strong>SKU-ovi<\/strong><\/td>\n<td>V8MC, V8GY, V8MB, V8ME, V8MJ, V8MM<\/td>\n<\/tr>\n<tr>\n<td><strong>Proizvo\u0111a\u010d<\/strong><\/td>\n<td>Eberlestock (Veteranska tvrtka)<\/td>\n<\/tr>\n<\/table>\n","protected":false},"excerpt":{"rendered":"<p>Eberlestock FreeFall 3000 je ve\u0107i brat iz serije FreeFall, koji nudi 3000 kubi\u010dnih in\u010da kapaciteta za produ\u017eene misije u divljini i vi\u0161ednevne operacije. S istim provjerenim dizajnom s robusnim aluminijskim okvirom, sedam unutarnjih d\u017eepova i sveobuhvatnom organizacijom, ovaj ruksak s lako\u0107om podnosi te\u017ee terete.<\/p>\n","protected":false},"featured_media":749637,"template":"","meta":{"_acf_changed":false},"product_brand":[15140],"product_cat":[13513],"product_tag":[],"class_list":{"0":"post-749636","1":"product","2":"type-product","3":"status-publish","4":"has-post-thumbnail","6":"product_brand-eberlestock","7":"product_cat-ruksaci","9":"first","10":"outofstock","11":"taxable","12":"shipping-taxable","13":"purchasable","14":"product-type-variable","15":"wvs-archive-product-wrapper"},"acf":[],"_links":{"self":[{"href":"https:\/\/nbg.eu\/hr\/wp-json\/wp\/v2\/product\/749636","targetHints":{"allow":["GET"]}}],"collection":[{"href":"https:\/\/nbg.eu\/hr\/wp-json\/wp\/v2\/product"}],"about":[{"href":"https:\/\/nbg.eu\/hr\/wp-json\/wp\/v2\/types\/product"}],"wp:featuredmedia":[{"embeddable":true,"href":"https:\/\/nbg.eu\/hr\/wp-json\/wp\/v2\/media\/749637"}],"wp:attachment":[{"href":"https:\/\/nbg.eu\/hr\/wp-json\/wp\/v2\/media?parent=749636"}],"wp:term":[{"taxonomy":"product_brand","embeddable":true,"href":"https:\/\/nbg.eu\/hr\/wp-json\/wp\/v2\/product_brand?post=749636"},{"taxonomy":"product_cat","embeddable":true,"href":"https:\/\/nbg.eu\/hr\/wp-json\/wp\/v2\/product_cat?post=749636"},{"taxonomy":"product_tag","embeddable":true,"href":"https:\/\/nbg.eu\/hr\/wp-json\/wp\/v2\/product_tag?post=749636"}],"curies":[{"name":"wp","href":"https:\/\/api.w.org\/{rel}","templated":true}]}}