{"id":750094,"date":"2026-04-24T11:17:44","date_gmt":"2026-04-24T08:17:44","guid":{"rendered":"https:\/\/nbg.eu\/product\/eberlestock-spectre-ruksak-multicam\/"},"modified":"2026-04-24T12:02:11","modified_gmt":"2026-04-24T09:02:11","slug":"eberlestock-spectre-ruksak-multicam","status":"publish","type":"product","link":"https:\/\/nbg.eu\/hr\/proizvod\/eberlestock-spectre-ruksak-multicam\/","title":{"rendered":"Eberlestock Spectre Ruksak &#8211; Multicam"},"content":{"rendered":"<h2>Eberlestock Spectre Ruksak<\/h2>\n<p>Eberlestock Spectre je najinovativniji i najsvestraniji snajperski ruksak u Eberlestock ponudi, koji redefinira mogu\u0107nosti preciznog takti\u010dkog opremanja. S kapacitetom od 3100 k.i., integriranim koricama za pu\u0161ku i sveobuhvatnim organizacijskim zna\u010dajkama, Spectre je napravljen za operatere koji zahtijevaju najvi\u0161u razinu performansi od svoje opreme.<\/p>\n<h3>Klju\u010dne zna\u010dajke<\/h3>\n<ul>\n<li>3,100 c.i. \/ 50.8L capacity<\/li>\n<li>Integrated rifle scabbard (34&#8243;)<\/li>\n<li>Full MOLLE\/PALS webbing<\/li>\n<li>Adjustable torso length<\/li>\n<li>Hydration compatible<\/li>\n<li>Eberlestock Lifetime Warranty<\/li>\n<\/ul>\n<h3>Specifikacije<\/h3>\n<table>\n<tr>\n<td><strong>Kapacitet<\/strong><\/td>\n<td>3,100 c.i. \/ 50.8L<\/td>\n<\/tr>\n<tr>\n<td><strong>Te\u017eina<\/strong><\/td>\n<td>6 lbs 6 oz<\/td>\n<\/tr>\n<tr>\n<td><strong>Dimenzije<\/strong><\/td>\n<td>23&#8243; x 12&#8243; (Scabbard: 34&#8243;)<\/td>\n<\/tr>\n<tr>\n<td><strong>SKU-ovi<\/strong><\/td>\n<td>W2MM, W2ME, W2MC, W2MJ<\/td>\n<\/tr>\n<tr>\n<td><strong>Proizvo\u0111a\u010d<\/strong><\/td>\n<td>Eberlestock (Veteranska tvrtka)<\/td>\n<\/tr>\n<\/table>\n","protected":false},"excerpt":{"rendered":"<p>Eberlestock Spectre je najinovativniji i najsvestraniji snajperski ruksak u Eberlestock ponudi, koji redefinira mogu\u0107nosti preciznog takti\u010dkog opremanja. S kapacitetom od 3100 k.i., integriranim koricama za pu\u0161ku i sveobuhvatnim organizacijskim zna\u010dajkama, Spectre je napravljen za operatere koji zahtijevaju najvi\u0161u razinu performansi od svoje opreme.<\/p>\n","protected":false},"featured_media":750095,"template":"","meta":{"_acf_changed":false},"product_brand":[15140],"product_cat":[13513],"product_tag":[],"class_list":{"0":"post-750094","1":"product","2":"type-product","3":"status-publish","4":"has-post-thumbnail","6":"product_brand-eberlestock","7":"product_cat-ruksaci","9":"first","10":"outofstock","11":"taxable","12":"shipping-taxable","13":"purchasable","14":"product-type-simple"},"acf":[],"_links":{"self":[{"href":"https:\/\/nbg.eu\/hr\/wp-json\/wp\/v2\/product\/750094","targetHints":{"allow":["GET"]}}],"collection":[{"href":"https:\/\/nbg.eu\/hr\/wp-json\/wp\/v2\/product"}],"about":[{"href":"https:\/\/nbg.eu\/hr\/wp-json\/wp\/v2\/types\/product"}],"wp:featuredmedia":[{"embeddable":true,"href":"https:\/\/nbg.eu\/hr\/wp-json\/wp\/v2\/media\/750095"}],"wp:attachment":[{"href":"https:\/\/nbg.eu\/hr\/wp-json\/wp\/v2\/media?parent=750094"}],"wp:term":[{"taxonomy":"product_brand","embeddable":true,"href":"https:\/\/nbg.eu\/hr\/wp-json\/wp\/v2\/product_brand?post=750094"},{"taxonomy":"product_cat","embeddable":true,"href":"https:\/\/nbg.eu\/hr\/wp-json\/wp\/v2\/product_cat?post=750094"},{"taxonomy":"product_tag","embeddable":true,"href":"https:\/\/nbg.eu\/hr\/wp-json\/wp\/v2\/product_tag?post=750094"}],"curies":[{"name":"wp","href":"https:\/\/api.w.org\/{rel}","templated":true}]}}