{"id":750715,"date":"2026-04-24T11:17:50","date_gmt":"2026-04-24T08:17:50","guid":{"rendered":"https:\/\/nbg.eu\/product\/eberlestock-brooks-7000-dry-earth\/"},"modified":"2026-04-24T12:04:54","modified_gmt":"2026-04-24T09:04:54","slug":"eberlestock-brooks-7000-dry-earth","status":"publish","type":"product","link":"https:\/\/nbg.eu\/hr\/proizvod\/eberlestock-brooks-7000-dry-earth\/","title":{"rendered":"Eberlestock Brooks 7000 &#8211; Dry Earth"},"content":{"rendered":"<h2>Eberlestock Brooks 7000<\/h2>\n<p>Kada vas lov odvede duboko u divljinu na dane ili tjedne, Eberlestock Brooks 7000 je ruksak koji \u017eelite na svom okviru. Ovaj ekspedicijski ruksak pru\u017ea masivan kapacitet od 7000 k.i. (114L), iznimnu izdr\u017eljivost i organizacijske zna\u010dajke potrebne za udaljene, samodostatne lovove.<\/p>\n<h3>Klju\u010dne zna\u010dajke<\/h3>\n<ul>\n<li>7000 c.i. \/ 114L capacity<\/li>\n<li>Modframe compatible<\/li>\n<li>Extended backcountry hunts<\/li>\n<li>Ultralight at 2 lbs 14 oz<\/li>\n<li>Eberlestock Lifetime Warranty<\/li>\n<\/ul>\n<h3>Specifikacije<\/h3>\n<table>\n<tr>\n<td><strong>Volumen<\/strong><\/td>\n<td>7000 c.i. \/ 114L<\/td>\n<\/tr>\n<tr>\n<td><strong>Te\u017eina<\/strong><\/td>\n<td>2 lbs 14 oz<\/td>\n<\/tr>\n<tr>\n<td><strong>Dimenzije<\/strong><\/td>\n<td>44&#8243;H x 12&#8243;W x 12&#8243;D<\/td>\n<\/tr>\n<tr>\n<td><strong>SKU-ovi<\/strong><\/td>\n<td>BS70ME, BS70MJ, BS70AM, BS70AR, BS70AS<\/td>\n<\/tr>\n<tr>\n<td><strong>Proizvo\u0111a\u010d<\/strong><\/td>\n<td>Eberlestock (Veteranska tvrtka)<\/td>\n<\/tr>\n<\/table>\n","protected":false},"excerpt":{"rendered":"<p>Kada vas lov odvede duboko u divljinu na dane ili tjedne, Eberlestock Brooks 7000 je ruksak koji \u017eelite na svom okviru. Ovaj ekspedicijski ruksak pru\u017ea masivan kapacitet od 7000 k.i. (114L), iznimnu izdr\u017eljivost i organizacijske zna\u010dajke potrebne za udaljene, samodostatne lovove.<\/p>\n","protected":false},"featured_media":750716,"template":"","meta":{"_acf_changed":false},"product_brand":[15140],"product_cat":[13513],"product_tag":[],"class_list":{"0":"post-750715","1":"product","2":"type-product","3":"status-publish","4":"has-post-thumbnail","6":"product_brand-eberlestock","7":"product_cat-ruksaci","9":"first","10":"outofstock","11":"taxable","12":"shipping-taxable","13":"purchasable","14":"product-type-simple"},"acf":[],"_links":{"self":[{"href":"https:\/\/nbg.eu\/hr\/wp-json\/wp\/v2\/product\/750715","targetHints":{"allow":["GET"]}}],"collection":[{"href":"https:\/\/nbg.eu\/hr\/wp-json\/wp\/v2\/product"}],"about":[{"href":"https:\/\/nbg.eu\/hr\/wp-json\/wp\/v2\/types\/product"}],"wp:featuredmedia":[{"embeddable":true,"href":"https:\/\/nbg.eu\/hr\/wp-json\/wp\/v2\/media\/750716"}],"wp:attachment":[{"href":"https:\/\/nbg.eu\/hr\/wp-json\/wp\/v2\/media?parent=750715"}],"wp:term":[{"taxonomy":"product_brand","embeddable":true,"href":"https:\/\/nbg.eu\/hr\/wp-json\/wp\/v2\/product_brand?post=750715"},{"taxonomy":"product_cat","embeddable":true,"href":"https:\/\/nbg.eu\/hr\/wp-json\/wp\/v2\/product_cat?post=750715"},{"taxonomy":"product_tag","embeddable":true,"href":"https:\/\/nbg.eu\/hr\/wp-json\/wp\/v2\/product_tag?post=750715"}],"curies":[{"name":"wp","href":"https:\/\/api.w.org\/{rel}","templated":true}]}}