{"id":750922,"date":"2026-04-24T11:17:52","date_gmt":"2026-04-24T08:17:52","guid":{"rendered":"https:\/\/nbg.eu\/product\/eberlestock-mission-lid-multicam\/"},"modified":"2026-04-24T12:05:48","modified_gmt":"2026-04-24T09:05:48","slug":"eberlestock-mission-lid-multicam","status":"publish","type":"product","link":"https:\/\/nbg.eu\/hr\/proizvod\/eberlestock-mission-lid-multicam\/","title":{"rendered":"Eberlestock Mission Lid &#8211; Multicam"},"content":{"rendered":"<h2>Eberlestock Mission Lid<\/h2>\n<p>Eberlestock Mission Lid je jednostavan i u\u010dinkovit dodatak za pohranu koji dr\u017ei vitalne predmete nadohvat ruke bez dodavanja volumena ili pove\u0107anja profila. Dizajniran za samostalnu upotrebu ili u kombinaciji s Mission Load Panel, Mission Lid zna\u010dajno pove\u0107ava sposobnost no\u0161enja tereta Mission Systema.<\/p>\n<h3>Klju\u010dne zna\u010dajke<\/h3>\n<ul>\n<li>400 c.i. storage<\/li>\n<li>6 oz lightweight<\/li>\n<li>Mission System compatible<\/li>\n<li>Works with Mission Load Panel<\/li>\n<li>Quick-access design<\/li>\n<li>Eberlestock Lifetime Warranty<\/li>\n<\/ul>\n<h3>Specifikacije<\/h3>\n<table>\n<tr>\n<td><strong>Volumen<\/strong><\/td>\n<td>400 c.i.<\/td>\n<\/tr>\n<tr>\n<td><strong>Te\u017eina<\/strong><\/td>\n<td>6 oz<\/td>\n<\/tr>\n<tr>\n<td><strong>Dimenzije<\/strong><\/td>\n<td>10&#8243;L x 12&#8243;W x 4&#8243;D<\/td>\n<\/tr>\n<tr>\n<td><strong>SKU-ovi<\/strong><\/td>\n<td>ML1MM, ML1MC, ML1MJ<\/td>\n<\/tr>\n<tr>\n<td><strong>Proizvo\u0111a\u010d<\/strong><\/td>\n<td>Eberlestock (Veteranska tvrtka)<\/td>\n<\/tr>\n<\/table>\n","protected":false},"excerpt":{"rendered":"<p>Eberlestock Mission Lid je jednostavan i u\u010dinkovit dodatak za pohranu koji dr\u017ei vitalne predmete nadohvat ruke bez dodavanja volumena ili pove\u0107anja profila. Dizajniran za samostalnu upotrebu ili u kombinaciji s Mission Load Panel, Mission Lid zna\u010dajno pove\u0107ava sposobnost no\u0161enja tereta Mission Systema.<\/p>\n","protected":false},"featured_media":750923,"template":"","meta":{"_acf_changed":false},"product_brand":[15140],"product_cat":[13513],"product_tag":[],"class_list":{"0":"post-750922","1":"product","2":"type-product","3":"status-publish","4":"has-post-thumbnail","6":"product_brand-eberlestock","7":"product_cat-ruksaci","9":"first","10":"outofstock","11":"taxable","12":"shipping-taxable","13":"purchasable","14":"product-type-simple"},"acf":[],"_links":{"self":[{"href":"https:\/\/nbg.eu\/hr\/wp-json\/wp\/v2\/product\/750922","targetHints":{"allow":["GET"]}}],"collection":[{"href":"https:\/\/nbg.eu\/hr\/wp-json\/wp\/v2\/product"}],"about":[{"href":"https:\/\/nbg.eu\/hr\/wp-json\/wp\/v2\/types\/product"}],"wp:featuredmedia":[{"embeddable":true,"href":"https:\/\/nbg.eu\/hr\/wp-json\/wp\/v2\/media\/750923"}],"wp:attachment":[{"href":"https:\/\/nbg.eu\/hr\/wp-json\/wp\/v2\/media?parent=750922"}],"wp:term":[{"taxonomy":"product_brand","embeddable":true,"href":"https:\/\/nbg.eu\/hr\/wp-json\/wp\/v2\/product_brand?post=750922"},{"taxonomy":"product_cat","embeddable":true,"href":"https:\/\/nbg.eu\/hr\/wp-json\/wp\/v2\/product_cat?post=750922"},{"taxonomy":"product_tag","embeddable":true,"href":"https:\/\/nbg.eu\/hr\/wp-json\/wp\/v2\/product_tag?post=750922"}],"curies":[{"name":"wp","href":"https:\/\/api.w.org\/{rel}","templated":true}]}}