{"id":75345,"date":"2024-10-30T18:50:16","date_gmt":"2024-11-01T09:25:43","guid":{"rendered":"https:\/\/nbg.eu\/product\/rhh-081-owb-magazine\/"},"modified":"2026-01-21T12:13:11","modified_gmt":"2026-01-21T09:13:11","slug":"rhh-081-owb-spremnik","status":"publish","type":"product","link":"https:\/\/nbg.eu\/hr\/proizvod\/rhh-081-owb-spremnik\/","title":{"rendered":"Rhh .081 OWB Spremnik"},"content":{"rendered":"<div class=\"product-description\">\n<h2>Rhh .081 OWB dr\u017ea\u010d za spremnik<\/h2>\n<p>Rhh .081 OWB dr\u017ea\u010d za spremnik je Kydex dr\u017ea\u010d dizajniran za udobnost i funkcionalnost. Glavne zna\u010dajke uklju\u010duju:<\/p>\n<ul>\n<li>2mm debela Kydex konstrukcija za izdr\u017eljivost<\/li>\n<li>Oblikovanje pod visokim tlakom za precizno pristajanje spremnika<\/li>\n<li>O\u0161tra udubljenja s glatkim ru\u010dno rezanim rubovima<\/li>\n<li>Mogu\u0107nost odabira boje<\/li>\n<li>Razne pozicije no\u0161enja (9-7 sati za de\u0161njake)<\/li>\n<li>Prikladan za streljane, te\u010dajeve obuke i natjecanja<\/li>\n<li>Vi\u0161e opcija za pri\u010dvr\u0161\u0107ivanje na pojas: Klasi\u010dne petlje, SpeedLoops ili MOLLE kop\u010de<\/li>\n<li>Opcionalna za\u0161tita od znoja<\/li>\n<li>Podesiva napetost dr\u0161ke<\/li>\n<\/ul>\n<p>Rhh .081 OWB dr\u017ea\u010d za spremnik nudi zadr\u017eavanje i jednostavno kori\u0161tenje.<\/p>\n<\/div>\n","protected":false},"excerpt":{"rendered":"<p>Izdr\u017eljiva Kydex OWB futrola za 2 spremnika. Prilagodljiva, sigurno pristajanje.<\/p>\n","protected":false},"featured_media":74389,"template":"","meta":{"_acf_changed":false},"product_brand":[11629],"product_cat":[13560,13575],"product_tag":[],"class_list":{"0":"post-75345","1":"product","2":"type-product","3":"status-publish","4":"has-post-thumbnail","6":"product_brand-rh-holsters","7":"product_cat-drzaci-spremnika","8":"product_cat-futrola","10":"first","11":"instock","12":"taxable","13":"shipping-taxable","14":"purchasable","15":"product-type-variable","16":"wvs-archive-product-wrapper"},"acf":[],"_links":{"self":[{"href":"https:\/\/nbg.eu\/hr\/wp-json\/wp\/v2\/product\/75345","targetHints":{"allow":["GET"]}}],"collection":[{"href":"https:\/\/nbg.eu\/hr\/wp-json\/wp\/v2\/product"}],"about":[{"href":"https:\/\/nbg.eu\/hr\/wp-json\/wp\/v2\/types\/product"}],"wp:featuredmedia":[{"embeddable":true,"href":"https:\/\/nbg.eu\/hr\/wp-json\/wp\/v2\/media\/74389"}],"wp:attachment":[{"href":"https:\/\/nbg.eu\/hr\/wp-json\/wp\/v2\/media?parent=75345"}],"wp:term":[{"taxonomy":"product_brand","embeddable":true,"href":"https:\/\/nbg.eu\/hr\/wp-json\/wp\/v2\/product_brand?post=75345"},{"taxonomy":"product_cat","embeddable":true,"href":"https:\/\/nbg.eu\/hr\/wp-json\/wp\/v2\/product_cat?post=75345"},{"taxonomy":"product_tag","embeddable":true,"href":"https:\/\/nbg.eu\/hr\/wp-json\/wp\/v2\/product_tag?post=75345"}],"curies":[{"name":"wp","href":"https:\/\/api.w.org\/{rel}","templated":true}]}}