{"id":755606,"date":"2026-05-13T13:36:46","date_gmt":"2026-05-13T10:36:46","guid":{"rendered":"https:\/\/nbg.eu\/product\/contessa-picatinny-sina-howa-1500-long-action\/"},"modified":"2026-05-13T14:51:05","modified_gmt":"2026-05-13T11:51:05","slug":"contessa-picatinny-sina-howa-1500-long-action","status":"publish","type":"product","link":"https:\/\/nbg.eu\/hr\/proizvod\/contessa-picatinny-sina-howa-1500-long-action\/","title":{"rendered":"Contessa Picatinny \u0161ina Howa 1500 Long Action"},"content":{"rendered":"<h2>Contessa Picatinny \u0161ina Howa 1500 Long Action<\/h2>\n<p>Precizno strojno obra\u0111ena Picatinny \u0161ina Contessa (Italija), izra\u0111ena posebno za Howa 1500 Long Action prijemnik. Od CNC obra\u0111enog \u010delika s tvrdim crnim premazom; stabilna platforma za optiku i dodatke na bolt-action pu\u0161kama dugih daljina.<\/p>\n<h3>Klju\u010dne zna\u010dajke<\/h3>\n<ul>\n<li>Odgovara Howa 1500 Long Action<\/li>\n<li>MIL-STD 1913 Picatinny profil<\/li>\n<li>CNC obra\u0111ena \u010deli\u010dna konstrukcija<\/li>\n<li>Tvrdi crni premaz<\/li>\n<li>Talijanska izrada Contessa<\/li>\n<\/ul>\n<h3>Specifikacije<\/h3>\n<table>\n<tr>\n<td><strong>Odgovara<\/strong><\/td>\n<td>Howa 1500 Long Action<\/td>\n<\/tr>\n<tr>\n<td><strong>Standard<\/strong><\/td>\n<td>MIL-STD 1913 Picatinny<\/td>\n<\/tr>\n<tr>\n<td><strong>Materijal<\/strong><\/td>\n<td>\u010celik, tvrdi crni premaz<\/td>\n<\/tr>\n<tr>\n<td><strong>Proizvo\u0111a\u010d<\/strong><\/td>\n<td>Contessa (Italija)<\/td>\n<\/tr>\n<\/table>\n","protected":false},"excerpt":{"rendered":"<p>Talijanska Contessa Picatinny \u0161ina za optiku za bolt-action pu\u0161ke Howa 1500 Long Action. Precizno CNC obra\u0111en \u010delik.<\/p>\n","protected":false},"featured_media":756285,"template":"","meta":{"_acf_changed":false},"product_brand":[],"product_cat":[14905,15790,13583],"product_tag":[],"class_list":{"0":"post-755606","1":"product","2":"type-product","3":"status-publish","4":"has-post-thumbnail","6":"product_cat-mounts-hr","7":"product_cat-picatinny-rails-hr","8":"product_cat-tracnice","10":"first","11":"instock","12":"taxable","13":"shipping-taxable","14":"purchasable","15":"product-type-simple"},"acf":[],"_links":{"self":[{"href":"https:\/\/nbg.eu\/hr\/wp-json\/wp\/v2\/product\/755606","targetHints":{"allow":["GET"]}}],"collection":[{"href":"https:\/\/nbg.eu\/hr\/wp-json\/wp\/v2\/product"}],"about":[{"href":"https:\/\/nbg.eu\/hr\/wp-json\/wp\/v2\/types\/product"}],"wp:featuredmedia":[{"embeddable":true,"href":"https:\/\/nbg.eu\/hr\/wp-json\/wp\/v2\/media\/756285"}],"wp:attachment":[{"href":"https:\/\/nbg.eu\/hr\/wp-json\/wp\/v2\/media?parent=755606"}],"wp:term":[{"taxonomy":"product_brand","embeddable":true,"href":"https:\/\/nbg.eu\/hr\/wp-json\/wp\/v2\/product_brand?post=755606"},{"taxonomy":"product_cat","embeddable":true,"href":"https:\/\/nbg.eu\/hr\/wp-json\/wp\/v2\/product_cat?post=755606"},{"taxonomy":"product_tag","embeddable":true,"href":"https:\/\/nbg.eu\/hr\/wp-json\/wp\/v2\/product_tag?post=755606"}],"curies":[{"name":"wp","href":"https:\/\/api.w.org\/{rel}","templated":true}]}}