{"id":131312,"date":"2024-11-02T06:45:52","date_gmt":"2024-11-02T06:45:52","guid":{"rendered":"https:\/\/nbg.eu\/product\/sprinco-usa-spring-kit-xp-buffer-spring-enhanced-4coil-bolt-extractor-spring\/"},"modified":"2026-01-21T12:05:17","modified_gmt":"2026-01-21T09:05:17","slug":"sprinco-usa-spring-kit-xp-buffer-spring-enhanced-4coil-bolt-extractor-spring","status":"publish","type":"product","link":"https:\/\/nbg.eu\/hu\/termek\/sprinco-usa-spring-kit-xp-buffer-spring-enhanced-4coil-bolt-extractor-spring\/","title":{"rendered":"SPRINCO USA Spring Kit-XP Buffer Spring &amp; Enhanced 4Coil Bolt Extractor Spring"},"content":{"rendered":"<div class=\"product-description\">\n<h2>SPRINCO USA Rug\u00f3k\u00e9szlet &#8211; XP Pufferrug\u00f3 \u00e9s Tov\u00e1bbfejlesztett 4 Menetes Z\u00e1rretesz Rug\u00f3<\/h2>\n<p>Az AR megb\u00edzhat\u00f3s\u00e1g\u00e1nak jav\u00edt\u00e1sa a SPRINCO USA Rug\u00f3k\u00e9szlettel, amely tartalmazza:<\/p>\n<ul>\n<li>Fokozott Erej\u0171 Pufferrug\u00f3 (Piros)<\/li>\n<li>Tov\u00e1bbfejlesztett 4 Menetes Z\u00e1rretesz Rug\u00f3<\/li>\n<\/ul>\n<p>Eredetileg 2006-ban tervezt\u00e9k egy Er\u0151korszer\u0171s\u00edt\u00e9si Csapat sz\u00e1m\u00e1ra, ez a k\u00e9szlet az M4 karab\u00e9ly megb\u00edzhat\u00f3s\u00e1gi probl\u00e9m\u00e1it kezeli kih\u00edv\u00e1st jelent\u0151 k\u00f6rnyezetekben. A piros rug\u00f3 k\u00f6r\u00fclbel\u00fcl 25%-kal nagyobb tervez\u00e9si terhel\u00e9st k\u00edn\u00e1l a feh\u00e9r rug\u00f3hoz k\u00e9pest, ami ide\u00e1liss\u00e1 teszi a k\u00f6vetkez\u0151kh\u00f6z:<\/p>\n<ul>\n<li>9mm, 6.8 SPC, 6.5 Grendel<\/li>\n<li>.450 BM, .450 SOCOM, .500 Beowulf<\/li>\n<li>Colt LE6920 minta karab\u00e9lyok<\/li>\n<\/ul>\n<p>Megjegyz\u00e9s: A teljes\u00edtm\u00e9ny v\u00e1ltozhat a nyom\u00e1s\u00e9rt\u00e9kek \u00e9s a l\u0151szerterhel\u00e9sek f\u00fcggv\u00e9ny\u00e9ben. Haszn\u00e1lat el\u0151tt tanulm\u00e1nyozza a hangol\u00e1si elj\u00e1r\u00e1s dokumentumait.<\/p>\n<\/div>\n","protected":false},"excerpt":{"rendered":"<p>Nagy teljes\u00edtm\u00e9ny\u0171 AR pufferrug\u00f3 a fokozott megb\u00edzhat\u00f3s\u00e1g \u00e9s er\u0151 \u00e9rdek\u00e9ben.<\/p>\n","protected":false},"featured_media":76511,"template":"","meta":{"_acf_changed":false},"product_brand":[14590],"product_cat":[12917,12935],"product_tag":[],"class_list":{"0":"post-131312","1":"product","2":"type-product","3":"status-publish","4":"has-post-thumbnail","6":"product_brand-sprinco-usa","7":"product_cat-kmr-alkatreszek","8":"product_cat-rugok","10":"first","11":"outofstock","12":"taxable","13":"shipping-taxable","14":"purchasable","15":"product-type-simple"},"acf":[],"_links":{"self":[{"href":"https:\/\/nbg.eu\/hu\/wp-json\/wp\/v2\/product\/131312","targetHints":{"allow":["GET"]}}],"collection":[{"href":"https:\/\/nbg.eu\/hu\/wp-json\/wp\/v2\/product"}],"about":[{"href":"https:\/\/nbg.eu\/hu\/wp-json\/wp\/v2\/types\/product"}],"wp:featuredmedia":[{"embeddable":true,"href":"https:\/\/nbg.eu\/hu\/wp-json\/wp\/v2\/media\/76511"}],"wp:attachment":[{"href":"https:\/\/nbg.eu\/hu\/wp-json\/wp\/v2\/media?parent=131312"}],"wp:term":[{"taxonomy":"product_brand","embeddable":true,"href":"https:\/\/nbg.eu\/hu\/wp-json\/wp\/v2\/product_brand?post=131312"},{"taxonomy":"product_cat","embeddable":true,"href":"https:\/\/nbg.eu\/hu\/wp-json\/wp\/v2\/product_cat?post=131312"},{"taxonomy":"product_tag","embeddable":true,"href":"https:\/\/nbg.eu\/hu\/wp-json\/wp\/v2\/product_tag?post=131312"}],"curies":[{"name":"wp","href":"https:\/\/api.w.org\/{rel}","templated":true}]}}