{"id":134518,"date":"2024-11-26T13:10:26","date_gmt":"2024-11-26T10:10:26","guid":{"rendered":"https:\/\/nbg.eu\/product\/geissele-ak-braided-spring\/"},"modified":"2026-04-22T11:25:18","modified_gmt":"2026-04-22T08:25:18","slug":"geissele-ak-fonott-rugo","status":"publish","type":"product","link":"https:\/\/nbg.eu\/hu\/termek\/geissele-ak-fonott-rugo\/","title":{"rendered":"Geissele Fonott F\u0151rug\u00f3 AK"},"content":{"rendered":"<h2>AK Fonott Rug\u00f3<\/h2>\n<p>Az ALG AK Fonott F\u0151rug\u00f3 az AK47\/74 platform\u00fa pusk\u00e1khoz val\u00f3 helyettes\u00edt\u0151 rug\u00f3. Ez a helyettes\u00edt\u0151 opci\u00f3 az Egyes\u00fclt \u00c1llamokban k\u00e9sz\u00fcl, h\u00e1rom sodrott dr\u00f3thuzalb\u00f3l. A fonott kialak\u00edt\u00e1s fokozott tart\u00f3ss\u00e1got \u00e9s megb\u00edzhat\u00f3s\u00e1got biztos\u00edt a hagyom\u00e1nyos AK f\u0151rug\u00f3khoz k\u00e9pest, \u00edgy biztos\u00edtva a puska sima \u00e9s k\u00f6vetkezetes m\u0171k\u00f6d\u00e9s\u00e9t.<\/p>\n<p>A kiv\u00e1l\u00f3 min\u0151s\u00e9g\u0171 anyagokb\u00f3l k\u00e9sz\u00fclt AK Fonott Rug\u00f3 kialak\u00edt\u00e1sa ellen\u00e1ll a neh\u00e9z haszn\u00e1lat \u00e9s a kedvez\u0151tlen k\u00f6r\u00fclm\u00e9nyek okozta megterhel\u00e9snek. Robusztus fel\u00e9p\u00edt\u00e9se cs\u00f6kkenti a rug\u00f3t\u00f6r\u00e9s kock\u00e1zat\u00e1t, ami hib\u00e1s l\u00f6v\u00e9sekhez vagy egy\u00e9b meghib\u00e1sod\u00e1sokhoz vezethet. Pusk\u00e1ja f\u0151rug\u00f3j\u00e1nak ezzel a megb\u00edzhat\u00f3 alkatr\u00e9sszel t\u00f6rt\u00e9n\u0151 fel\u00faj\u00edt\u00e1s\u00e1val fokozott teljes\u00edtm\u00e9nyt \u00e9lvezhet, \u00e9s nyugodt lehet afel\u0151l, hogy fegyvere a lehet\u0151 legjobban m\u0171k\u00f6dik.<\/p>\n<p>F\u00fcggetlen\u00fcl att\u00f3l, hogy versenyz\u0151 vagy taktikai m\u0171veleti felhaszn\u00e1l\u00f3, az AK Fonott Rug\u00f3 elengedhetetlen friss\u00edt\u00e9s az AK47\/74 platform\u00fa pusk\u00e1ja sz\u00e1m\u00e1ra. Kiv\u00e1l\u00f3 tervez\u00e9se \u00e9s gy\u00e1rt\u00e1si szabv\u00e1nyai miatt megb\u00edzhat\u00f3 v\u00e1laszt\u00e1s az ig\u00e9nyes fegyvertulajdonosok k\u00f6r\u00e9ben, akik a legmagasabb szint\u0171 megb\u00edzhat\u00f3s\u00e1got \u00e9s teljes\u00edtm\u00e9nyt k\u00f6vetelik meg felszerel\u00e9s\u00fckt\u0151l.<\/p>\n","protected":false},"excerpt":{"rendered":"<p>Az AK Sodrott Rug\u00f3 egy 3-sz\u00e1l\u00fa, sodort p\u00f3tl\u00f3ug\u00f3 az AK47\/74 g\u00e9pkarab\u00e9lyokhoz, amely az Egyes\u00fclt \u00c1llamokban k\u00e9sz\u00fcl.<\/p>\n","protected":false},"featured_media":81101,"template":"","meta":{"_acf_changed":false},"product_brand":[11393],"product_cat":[12935],"product_tag":[],"class_list":{"0":"post-134518","1":"product","2":"type-product","3":"status-publish","4":"has-post-thumbnail","6":"product_brand-geissele","7":"product_cat-rugok","9":"first","10":"instock","11":"taxable","12":"shipping-taxable","13":"product-type-simple"},"acf":[],"_links":{"self":[{"href":"https:\/\/nbg.eu\/hu\/wp-json\/wp\/v2\/product\/134518","targetHints":{"allow":["GET"]}}],"collection":[{"href":"https:\/\/nbg.eu\/hu\/wp-json\/wp\/v2\/product"}],"about":[{"href":"https:\/\/nbg.eu\/hu\/wp-json\/wp\/v2\/types\/product"}],"wp:featuredmedia":[{"embeddable":true,"href":"https:\/\/nbg.eu\/hu\/wp-json\/wp\/v2\/media\/81101"}],"wp:attachment":[{"href":"https:\/\/nbg.eu\/hu\/wp-json\/wp\/v2\/media?parent=134518"}],"wp:term":[{"taxonomy":"product_brand","embeddable":true,"href":"https:\/\/nbg.eu\/hu\/wp-json\/wp\/v2\/product_brand?post=134518"},{"taxonomy":"product_cat","embeddable":true,"href":"https:\/\/nbg.eu\/hu\/wp-json\/wp\/v2\/product_cat?post=134518"},{"taxonomy":"product_tag","embeddable":true,"href":"https:\/\/nbg.eu\/hu\/wp-json\/wp\/v2\/product_tag?post=134518"}],"curies":[{"name":"wp","href":"https:\/\/api.w.org\/{rel}","templated":true}]}}