{"id":170413,"date":"2024-11-06T23:55:17","date_gmt":"2024-11-06T20:55:17","guid":{"rendered":"https:\/\/nbg.eu\/product\/throw-lever-sai-optics\/"},"modified":"2026-01-21T12:11:15","modified_gmt":"2026-01-21T09:11:15","slug":"emelokar-sai-optics","status":"publish","type":"product","link":"https:\/\/nbg.eu\/hu\/termek\/emelokar-sai-optics\/","title":{"rendered":"Emel\u0151kar SAI Optics"},"content":{"rendered":"<div class=\"product-description\">\n<h2>Gyorskiold\u00f3s SAI optika<\/h2>\n<ul>\n<li>Gyors v\u00e1lt\u00e1s 1x \u00e9s 6x nagy\u00edt\u00e1s k\u00f6z\u00f6tt<\/li>\n<li>Ergonomikus kialak\u00edt\u00e1s a k\u00f6nny\u0171 kezel\u00e9s\u00e9rt<\/li>\n<\/ul>\n<p>Az SAI 6\u2122 gyorskiold\u00f3 kar lehet\u0151v\u00e9 teszi a nagy\u00edt\u00e1s gyors be\u00e1ll\u00edt\u00e1s\u00e1t an\u00e9lk\u00fcl, hogy elvesz\u00edten\u00e9nk a c\u00e9lpontot.<\/p>\n<\/div>\n","protected":false},"excerpt":{"rendered":"<p>Gyors 1x-6x nagy\u00edt\u00e1s v\u00e1lt\u00e1s.<\/p>\n","protected":false},"featured_media":78878,"template":"","meta":{"_acf_changed":false},"product_brand":[11707],"product_cat":[12918,12931],"product_tag":[],"class_list":{"0":"post-170413","1":"product","2":"type-product","3":"status-publish","4":"has-post-thumbnail","6":"product_brand-sai-optics","7":"product_cat-celzas","8":"product_cat-nagyitos-optikak","10":"first","11":"instock","12":"taxable","13":"shipping-taxable","14":"purchasable","15":"product-type-variable","16":"wvs-archive-product-wrapper"},"acf":[],"_links":{"self":[{"href":"https:\/\/nbg.eu\/hu\/wp-json\/wp\/v2\/product\/170413","targetHints":{"allow":["GET"]}}],"collection":[{"href":"https:\/\/nbg.eu\/hu\/wp-json\/wp\/v2\/product"}],"about":[{"href":"https:\/\/nbg.eu\/hu\/wp-json\/wp\/v2\/types\/product"}],"wp:featuredmedia":[{"embeddable":true,"href":"https:\/\/nbg.eu\/hu\/wp-json\/wp\/v2\/media\/78878"}],"wp:attachment":[{"href":"https:\/\/nbg.eu\/hu\/wp-json\/wp\/v2\/media?parent=170413"}],"wp:term":[{"taxonomy":"product_brand","embeddable":true,"href":"https:\/\/nbg.eu\/hu\/wp-json\/wp\/v2\/product_brand?post=170413"},{"taxonomy":"product_cat","embeddable":true,"href":"https:\/\/nbg.eu\/hu\/wp-json\/wp\/v2\/product_cat?post=170413"},{"taxonomy":"product_tag","embeddable":true,"href":"https:\/\/nbg.eu\/hu\/wp-json\/wp\/v2\/product_tag?post=170413"}],"curies":[{"name":"wp","href":"https:\/\/api.w.org\/{rel}","templated":true}]}}