{"id":176867,"date":"2024-11-01T10:30:55","date_gmt":"2024-11-01T07:30:55","guid":{"rendered":"https:\/\/nbg.eu\/product\/ipsc-mini-cardboard-targets\/"},"modified":"2026-01-21T12:16:48","modified_gmt":"2026-01-21T09:16:48","slug":"ipsc-mini-cardboard-targets","status":"publish","type":"product","link":"https:\/\/nbg.eu\/hu\/termek\/ipsc-mini-cardboard-targets\/","title":{"rendered":"IPSC Mini Cardboard Targets"},"content":{"rendered":"<div class=\"product-description\">\n<h2>IPSC Mini Karton C\u00e9lpontok &#8211; 100 darabos csomag<\/h2>\n<p>2\/3 m\u00e9ret\u0171 (60%-os) IPSC karton c\u00e9lpontok. Minden csomag 100 darabot tartalmaz.<\/p>\n<ul>\n<li>J\u00f3l l\u00e1that\u00f3 pontoz\u00f3 vonalak<\/li>\n<li>Stabil szerkezet a tart\u00f3ss\u00e1g \u00e9rdek\u00e9ben<\/li>\n<li>Feh\u00e9r h\u00e1toldal fedez\u00e9kk\u00e9nt vagy No-Shoot c\u00e9lpontk\u00e9nt val\u00f3 haszn\u00e1lathoz<\/li>\n<li>Hosszabb t\u00e1vols\u00e1gok szimul\u00e1l\u00e1s\u00e1ra alkalmas korl\u00e1tozott l\u0151t\u00e9ren<\/li>\n<li>Airsoft edz\u00e9sekhez is megfelel\u0151 r\u00f6videbb t\u00e1vols\u00e1gokon<\/li>\n<\/ul>\n<p>Ezek a c\u00e9lpontok t\u00f6bb tal\u00e1latot b\u00edrnak el csere el\u0151tt. A kisebb m\u00e9ret lehet\u0151v\u00e9 teszi a nagy t\u00e1vols\u00e1g\u00fa l\u00f6v\u00e9sek gyakorl\u00e1s\u00e1t kompakt l\u0151tereken is, seg\u00edtve a k\u00fcl\u00f6nb\u00f6z\u0151 l\u00f6v\u00e9szeti helyzetekre val\u00f3 felk\u00e9sz\u00fcl\u00e9st.<\/p>\n<\/div>\n","protected":false},"excerpt":{"rendered":"<p>IPSC Mini Karton C\u00e9lt\u00e1bl\u00e1k: Tart\u00f3s, sokoldal\u00fa, 60%-os m\u00e9ret\u0171 a val\u00f3s\u00e1gh\u0171 gyakorl\u00e1shoz.<\/p>\n","protected":false},"featured_media":75286,"template":"","meta":{"_acf_changed":false},"product_brand":[11267],"product_cat":[12923,12975,12902],"product_tag":[],"class_list":{"0":"post-176867","1":"product","2":"type-product","3":"status-publish","4":"has-post-thumbnail","6":"product_brand-doublealpha","7":"product_cat-celpontok","8":"product_cat-felszereles","9":"product_cat-papir-celpontok","11":"first","12":"outofstock","13":"taxable","14":"shipping-taxable","15":"purchasable","16":"product-type-simple"},"acf":[],"_links":{"self":[{"href":"https:\/\/nbg.eu\/hu\/wp-json\/wp\/v2\/product\/176867","targetHints":{"allow":["GET"]}}],"collection":[{"href":"https:\/\/nbg.eu\/hu\/wp-json\/wp\/v2\/product"}],"about":[{"href":"https:\/\/nbg.eu\/hu\/wp-json\/wp\/v2\/types\/product"}],"wp:featuredmedia":[{"embeddable":true,"href":"https:\/\/nbg.eu\/hu\/wp-json\/wp\/v2\/media\/75286"}],"wp:attachment":[{"href":"https:\/\/nbg.eu\/hu\/wp-json\/wp\/v2\/media?parent=176867"}],"wp:term":[{"taxonomy":"product_brand","embeddable":true,"href":"https:\/\/nbg.eu\/hu\/wp-json\/wp\/v2\/product_brand?post=176867"},{"taxonomy":"product_cat","embeddable":true,"href":"https:\/\/nbg.eu\/hu\/wp-json\/wp\/v2\/product_cat?post=176867"},{"taxonomy":"product_tag","embeddable":true,"href":"https:\/\/nbg.eu\/hu\/wp-json\/wp\/v2\/product_tag?post=176867"}],"curies":[{"name":"wp","href":"https:\/\/api.w.org\/{rel}","templated":true}]}}