{"id":200342,"date":"2024-08-16T18:04:47","date_gmt":"2025-02-11T17:40:25","guid":{"rendered":"https:\/\/nbg.eu\/product\/rcs-gear-plastic-hook-40mm\/"},"modified":"2026-01-21T12:17:00","modified_gmt":"2026-01-21T09:17:00","slug":"rcs-gear-muanyag-horog-40mm","status":"publish","type":"product","link":"https:\/\/nbg.eu\/hu\/termek\/rcs-gear-muanyag-horog-40mm\/","title":{"rendered":"RCS Gear M\u0171anyag Horog 40mm"},"content":{"rendered":"<div class=\"product-description\">\n<h2>RCS Gear m\u0171anyag akaszt\u00f3 40mm<\/h2>\n<p>Az RCS Gear m\u0171anyag akaszt\u00f3 40mm-es v\u00e1ltozata AIWB mell\u00e9kfegyvertart\u00f3 tokhoz haszn\u00e1lhat\u00f3 r\u00f6gz\u00edt\u0151 kieg\u00e9sz\u00edt\u0151.<\/p>\n<h2>F\u0151bb jellemz\u0151k:<\/h2>\n<ul>\n<li>Gyors csatlakoztat\u00e1s \u00e9s elt\u00e1vol\u00edt\u00e1s<\/li>\n<li>Tart\u00f3s m\u0171anyag szerkezet<\/li>\n<li>AIWB mell\u00e9kfegyvertart\u00f3 tokokkal kompatibilis<\/li>\n<li>40mm \u00e9s 45mm m\u00e9retben kaphat\u00f3<\/li>\n<li>0,02 kg s\u00faly\u00fa<\/li>\n<\/ul>\n<p>Az RCS Gear m\u0171anyag akaszt\u00f3 a tok r\u00f6gz\u00edt\u00e9s\u00e9re szolg\u00e1l. K\u00f6nnyen haszn\u00e1lhat\u00f3 \u00e9s er\u0151s szerkezet\u0171. L\u0151fegyver-tulajdonosok \u00e9s szakemberek sz\u00e1m\u00e1ra egyar\u00e1nt hasznos kieg\u00e9sz\u00edt\u0151.<\/p>\n<\/div>\n","protected":false},"excerpt":{"rendered":"<p>Tart\u00f3s 40 mm-es m\u0171anyag horog AIWB tokokhoz. Gyors csatlakoztat\u00e1s\u00fa kivitel.<\/p>\n","protected":false},"featured_media":31663,"template":"","meta":{"_acf_changed":false},"product_brand":[14528],"product_cat":[12954,12973],"product_tag":[],"class_list":{"0":"post-200342","1":"product","2":"type-product","3":"status-publish","4":"has-post-thumbnail","6":"product_brand-raven-concealment-systems","7":"product_cat-sport-tok","8":"product_cat-tok","10":"first","11":"instock","12":"taxable","13":"shipping-taxable","14":"purchasable","15":"product-type-simple"},"acf":[],"_links":{"self":[{"href":"https:\/\/nbg.eu\/hu\/wp-json\/wp\/v2\/product\/200342","targetHints":{"allow":["GET"]}}],"collection":[{"href":"https:\/\/nbg.eu\/hu\/wp-json\/wp\/v2\/product"}],"about":[{"href":"https:\/\/nbg.eu\/hu\/wp-json\/wp\/v2\/types\/product"}],"wp:featuredmedia":[{"embeddable":true,"href":"https:\/\/nbg.eu\/hu\/wp-json\/wp\/v2\/media\/31663"}],"wp:attachment":[{"href":"https:\/\/nbg.eu\/hu\/wp-json\/wp\/v2\/media?parent=200342"}],"wp:term":[{"taxonomy":"product_brand","embeddable":true,"href":"https:\/\/nbg.eu\/hu\/wp-json\/wp\/v2\/product_brand?post=200342"},{"taxonomy":"product_cat","embeddable":true,"href":"https:\/\/nbg.eu\/hu\/wp-json\/wp\/v2\/product_cat?post=200342"},{"taxonomy":"product_tag","embeddable":true,"href":"https:\/\/nbg.eu\/hu\/wp-json\/wp\/v2\/product_tag?post=200342"}],"curies":[{"name":"wp","href":"https:\/\/api.w.org\/{rel}","templated":true}]}}