{"id":208863,"date":"2024-09-02T10:47:02","date_gmt":"2024-09-02T10:47:02","guid":{"rendered":"https:\/\/nbg.eu\/product\/badger-ordnance-c1-modular-safety\/"},"modified":"2026-01-21T11:48:14","modified_gmt":"2026-01-21T08:48:14","slug":"badger-ordnance-c1-modularis-biztosito","status":"publish","type":"product","link":"https:\/\/nbg.eu\/hu\/termek\/badger-ordnance-c1-modularis-biztosito\/","title":{"rendered":"Badger Ordnance C1 Modul\u00e1ris Biztos\u00edt\u00f3"},"content":{"rendered":"<div class=\"product-description\">\n<h2>Badger Ordnance C1 Modul\u00e1ris Biztos\u00edt\u00f3<\/h2>\n<p>C1 f\u00e9lautomata biztos\u00edt\u00f3 M16\/AR-15\/AR-10\/SR-25 t\u00edpus\u00fa pusk\u00e1khoz. A modul\u00e1ris k\u00e9szlet tartalma:<\/p>\n<ul>\n<li>Egyoldalas vagy k\u00e9tkezes kezel\u00e9s<\/li>\n<li>Bal vagy jobb kezes m\u0171k\u00f6dtet\u00e9s<\/li>\n<li>60\u00b0 vagy 90\u00b0 elfordul\u00e1si lehet\u0151s\u00e9g<\/li>\n<li>Piros zom\u00e1nc jelz\u00e9s a vizu\u00e1lis ellen\u0151rz\u00e9shez<\/li>\n<\/ul>\n<p>A k\u00e9szlet tartalma:<\/p>\n<ul>\n<li>Hossz\u00fa kar a f\u0151 oldalra<\/li>\n<li>R\u00f6vid kar a m\u00e1sik oldalra<\/li>\n<li>\u00c1llapotjelz\u0151 sapka a m\u00e1sik oldalra<\/li>\n<li>Csapszegek \u00e9s biztos\u00edt\u00f3 r\u00f6gz\u00edt\u0151 (60Rc kem\u00e9nys\u00e9g\u0171re edzve)<\/li>\n<\/ul>\n<p>4140-es ac\u00e9lb\u00f3l k\u00e9sz\u00fclt, fel\u00fcletkezelve \u00e9s mang\u00e1n-foszf\u00e1t bevonattal ell\u00e1tva. Egyszer\u0171 beszerel\u00e9s.<\/p>\n<p><strong>Sz\u00edn:<\/strong> Fekete<br \/>\n |<br \/>\n<strong>Fegyverenged\u00e9ly sz\u00fcks\u00e9ges:<\/strong> Nem | <strong>Platformspecifikus:<\/strong> Nem<\/p>\n<\/div>\n","protected":false},"excerpt":{"rendered":"<p>Sokoldal\u00fa AR biztons\u00e1gi kar: k\u00e9tkezes haszn\u00e1lat, 60\u00b0\/90\u00b0 fokos mozg\u00e1s, piros jelz\u00e9sek<\/p>\n","protected":false},"featured_media":35387,"template":"","meta":{"_acf_changed":false},"product_brand":[11087],"product_cat":[12951,12972,12967,12928],"product_tag":[],"class_list":{"0":"post-208863","1":"product","2":"type-product","3":"status-publish","4":"has-post-thumbnail","6":"product_brand-badger-ordnance","7":"product_cat-ar-hangolas","8":"product_cat-biztonsagi-valasztok","9":"product_cat-puska","10":"product_cat-puska-tuning","12":"first","13":"instock","14":"taxable","15":"shipping-taxable","16":"purchasable","17":"product-type-simple"},"acf":[],"_links":{"self":[{"href":"https:\/\/nbg.eu\/hu\/wp-json\/wp\/v2\/product\/208863","targetHints":{"allow":["GET"]}}],"collection":[{"href":"https:\/\/nbg.eu\/hu\/wp-json\/wp\/v2\/product"}],"about":[{"href":"https:\/\/nbg.eu\/hu\/wp-json\/wp\/v2\/types\/product"}],"wp:featuredmedia":[{"embeddable":true,"href":"https:\/\/nbg.eu\/hu\/wp-json\/wp\/v2\/media\/35387"}],"wp:attachment":[{"href":"https:\/\/nbg.eu\/hu\/wp-json\/wp\/v2\/media?parent=208863"}],"wp:term":[{"taxonomy":"product_brand","embeddable":true,"href":"https:\/\/nbg.eu\/hu\/wp-json\/wp\/v2\/product_brand?post=208863"},{"taxonomy":"product_cat","embeddable":true,"href":"https:\/\/nbg.eu\/hu\/wp-json\/wp\/v2\/product_cat?post=208863"},{"taxonomy":"product_tag","embeddable":true,"href":"https:\/\/nbg.eu\/hu\/wp-json\/wp\/v2\/product_tag?post=208863"}],"curies":[{"name":"wp","href":"https:\/\/api.w.org\/{rel}","templated":true}]}}