{"id":211507,"date":"2024-01-24T19:30:39","date_gmt":"2025-02-19T13:02:11","guid":{"rendered":"https:\/\/nbg.eu\/product\/iosso-bolt-carrier-brush\/"},"modified":"2026-05-13T16:51:27","modified_gmt":"2026-05-13T13:51:27","slug":"iosso-zarszan-kefe","status":"publish","type":"product","link":"https:\/\/nbg.eu\/hu\/termek\/iosso-zarszan-kefe\/","title":{"rendered":"Iosso Z\u00e1rsz\u00e1n Kefe"},"content":{"rendered":"<p style=\"text-align: center\"><strong><span style=\"font-size: 170%\">losso Z\u00e1rdugatty\u00fa Kef\u00e9k<\/span><\/strong><\/p>\n<p>Ez a k\u00e9szlet z\u00e1rdugatty\u00fa \u00e9s kamra kef\u00e9ket tartalmaz. Pontosan m\u00e9retre k\u00e9sz\u00fcltek a prec\u00edz tiszt\u00edt\u00e1shoz. K\u00e9k sz\u00e1lakb\u00f3l k\u00e9sz\u00fcltek, amelyek vastagok, merevek \u00e9s j\u00f3l tartj\u00e1k alakjukat. Ez lehet\u0151v\u00e9 teszi az oda-vissza mozgat\u00e1st, ellent\u00e9tben a hagyom\u00e1nyos s\u00e1rgar\u00e9z \u00e9s bronz kef\u00e9kkel. T\u00f6bbsz\u00f6r is haszn\u00e1lhat\u00f3k, miel\u0151tt elkopn\u00e1nak.<\/p>\n<table width=\"305\">\n<tbody>\n<tr>\n<td width=\"305\"><strong>AR-15 Z\u00e1rdugatty\u00fa csappal, 2 darabos csomag<\/strong><\/td>\n<\/tr>\n<tr>\n<td><strong>AR.308 Puska Z\u00e1rdugatty\u00fa csappal, 2 darabos csomag<\/strong><\/td>\n<\/tr>\n<\/tbody>\n<\/table>\n","protected":false},"excerpt":{"rendered":"<p><strong>M\u00e9retezve sz\u0171k t\u0171r\u00e9shat\u00e1rral a prec\u00edz tiszt\u00edt\u00e1shoz<\/strong><\/p>\n","protected":false},"featured_media":107709,"template":"","meta":{"_acf_changed":false},"product_brand":[11475],"product_cat":[12909,12926],"product_tag":[],"class_list":{"0":"post-211507","1":"product","2":"type-product","3":"status-publish","4":"has-post-thumbnail","6":"product_brand-iosso","7":"product_cat-fegyvertisztitas","8":"product_cat-kefek","10":"first","11":"instock","12":"taxable","13":"shipping-taxable","14":"purchasable","15":"product-type-variable","16":"wvs-archive-product-wrapper"},"acf":[],"_links":{"self":[{"href":"https:\/\/nbg.eu\/hu\/wp-json\/wp\/v2\/product\/211507","targetHints":{"allow":["GET"]}}],"collection":[{"href":"https:\/\/nbg.eu\/hu\/wp-json\/wp\/v2\/product"}],"about":[{"href":"https:\/\/nbg.eu\/hu\/wp-json\/wp\/v2\/types\/product"}],"wp:featuredmedia":[{"embeddable":true,"href":"https:\/\/nbg.eu\/hu\/wp-json\/wp\/v2\/media\/107709"}],"wp:attachment":[{"href":"https:\/\/nbg.eu\/hu\/wp-json\/wp\/v2\/media?parent=211507"}],"wp:term":[{"taxonomy":"product_brand","embeddable":true,"href":"https:\/\/nbg.eu\/hu\/wp-json\/wp\/v2\/product_brand?post=211507"},{"taxonomy":"product_cat","embeddable":true,"href":"https:\/\/nbg.eu\/hu\/wp-json\/wp\/v2\/product_cat?post=211507"},{"taxonomy":"product_tag","embeddable":true,"href":"https:\/\/nbg.eu\/hu\/wp-json\/wp\/v2\/product_tag?post=211507"}],"curies":[{"name":"wp","href":"https:\/\/api.w.org\/{rel}","templated":true}]}}