{"id":214503,"date":"2024-09-02T10:51:57","date_gmt":"2025-02-19T16:46:37","guid":{"rendered":"https:\/\/nbg.eu\/product\/badger-ordnance-30mm-condition-one-accessory-ring-cap\/"},"modified":"2026-05-13T16:48:35","modified_gmt":"2026-05-13T13:48:35","slug":"badger-ordnance-30mm-condition-one-kiegeszito-gyuru-sapka","status":"publish","type":"product","link":"https:\/\/nbg.eu\/hu\/termek\/badger-ordnance-30mm-condition-one-kiegeszito-gyuru-sapka\/","title":{"rendered":"Badger Ordnance 30mm Condition One Kieg\u00e9sz\u00edt\u0151 Gy\u0171r\u0171 Sapka"},"content":{"rendered":"<div class=\"product-description\">\n<h2>BADGER ORDNANCE 30MM CONDITION ONE KIEG\u00c9SZ\u00cdT\u0150 GY\u0170R\u0170SAPKA<\/h2>\n<p>A Badger Ordnance 30MM Condition One kieg\u00e9sz\u00edt\u0151 gy\u0171r\u0171sapka jav\u00edtja az optikai rendszer\u00e9t. Ez a tartoz\u00e9k a megl\u00e9v\u0151 puska t\u00e1vcs\u0151tart\u00f3hoz illeszkedik, tov\u00e1bbi funkcionalit\u00e1st \u00e9s testreszab\u00e1si lehet\u0151s\u00e9geket biztos\u00edtva.<\/p>\n<ul>\n<li><strong>Sz\u00edn:<\/strong> Fekete<\/li>\n<li><strong>Anyag:<\/strong> 7075 T6 alum\u00ednium<\/li>\n<li><strong>Platform:<\/strong> Univerz\u00e1lis kialak\u00edt\u00e1s, nem specifikus egyetlen platformra sem<\/li>\n<li><strong>S\u00faly:<\/strong> 51 gramm<\/li>\n<\/ul>\n<p>Ez a kieg\u00e9sz\u00edt\u0151 gy\u0171r\u0171sapka biztons\u00e1gos \u00e9s megb\u00edzhat\u00f3 r\u00f6gz\u00edt\u00e9si megold\u00e1st k\u00edn\u00e1l k\u00fcl\u00f6nb\u00f6z\u0151 tartoz\u00e9kok sz\u00e1m\u00e1ra. A Badger Ordnance term\u00e9ke mind taktikai, mind versenyszer\u0171 l\u00f6v\u00e9szek ig\u00e9nyeinek megfelel.<\/p>\n<\/div>\n","protected":false},"excerpt":{"rendered":"<p>K\u00f6nny\u0171 alum\u00ednium gy\u0171r\u0171sapka 30 mm-es t\u00e1vcs\u00f6vekhez. Tart\u00f3s fekete bevonattal.<\/p>\n","protected":false},"featured_media":83050,"template":"","meta":{"_acf_changed":false},"product_brand":[11087],"product_cat":[12918,12931,12967,12928],"product_tag":[],"class_list":{"0":"post-214503","1":"product","2":"type-product","3":"status-publish","4":"has-post-thumbnail","6":"product_brand-badger-ordnance","7":"product_cat-celzas","8":"product_cat-nagyitos-optikak","9":"product_cat-puska","10":"product_cat-puska-tuning","12":"first","13":"instock","14":"taxable","15":"shipping-taxable","16":"purchasable","17":"product-type-simple"},"acf":[],"_links":{"self":[{"href":"https:\/\/nbg.eu\/hu\/wp-json\/wp\/v2\/product\/214503","targetHints":{"allow":["GET"]}}],"collection":[{"href":"https:\/\/nbg.eu\/hu\/wp-json\/wp\/v2\/product"}],"about":[{"href":"https:\/\/nbg.eu\/hu\/wp-json\/wp\/v2\/types\/product"}],"wp:featuredmedia":[{"embeddable":true,"href":"https:\/\/nbg.eu\/hu\/wp-json\/wp\/v2\/media\/83050"}],"wp:attachment":[{"href":"https:\/\/nbg.eu\/hu\/wp-json\/wp\/v2\/media?parent=214503"}],"wp:term":[{"taxonomy":"product_brand","embeddable":true,"href":"https:\/\/nbg.eu\/hu\/wp-json\/wp\/v2\/product_brand?post=214503"},{"taxonomy":"product_cat","embeddable":true,"href":"https:\/\/nbg.eu\/hu\/wp-json\/wp\/v2\/product_cat?post=214503"},{"taxonomy":"product_tag","embeddable":true,"href":"https:\/\/nbg.eu\/hu\/wp-json\/wp\/v2\/product_tag?post=214503"}],"curies":[{"name":"wp","href":"https:\/\/api.w.org\/{rel}","templated":true}]}}