{"id":22553,"date":"2024-08-19T20:28:32","date_gmt":"2024-08-19T17:28:32","guid":{"rendered":"https:\/\/nbg.eu\/product\/termek-2\/"},"modified":"2026-04-16T17:32:41","modified_gmt":"2026-04-16T14:32:41","slug":"csuszasgatlo-rugo-csap-kmr","status":"publish","type":"product","link":"https:\/\/nbg.eu\/hu\/termek\/csuszasgatlo-rugo-csap-kmr\/","title":{"rendered":"KMR Tol\u00f3z\u00e1r Fog\u00f3 Rug\u00f3 Csap"},"content":{"rendered":"<h2>KMR cs\u00fasz\u00e1smeg\u00e1ll\u00edt\u00f3 rug\u00f3s csap<\/h2>\n<p>Fokozza l\u0151fegyvere funkcionalit\u00e1s\u00e1t \u00e9s megb\u00edzhat\u00f3s\u00e1g\u00e1t a KMR cs\u00fasz\u00e1smeg\u00e1ll\u00edt\u00f3 rug\u00f3s csappal. Ez a prec\u00edzen m\u00e9rn\u00f6k\u00f6lt alkatr\u00e9sz arra lett tervezve, hogy biztons\u00e1gosan r\u00f6gz\u00edtse a cs\u00fasz\u00e1smeg\u00e1ll\u00edt\u00f3t, biztos\u00edtva a fegyver sima \u00e9s k\u00f6vetkezetes m\u0171k\u00f6d\u00e9s\u00e9t. Kiv\u00e1l\u00f3 min\u0151s\u00e9g\u0171 anyagokb\u00f3l k\u00e9sz\u00fclt, a KMR cs\u00fasz\u00e1smeg\u00e1ll\u00edt\u00f3 rug\u00f3s csap felk\u00e9sz\u00fclt a rendszeres haszn\u00e1lat \u00e9s a kem\u00e9ny k\u00f6rnyezet megpr\u00f3b\u00e1ltat\u00e1saira.<\/p>\n<p>Tart\u00f3s rug\u00f3s kialak\u00edt\u00e1s\u00e1nak k\u00f6sz\u00f6nhet\u0151en a KMR cs\u00fasz\u00e1smeg\u00e1ll\u00edt\u00f3 rug\u00f3s csap megb\u00edzhat\u00f3 teljes\u00edtm\u00e9nyt \u00e9s biztons\u00e1gos illeszked\u00e9st ny\u00fajt, megakad\u00e1lyozva a nem k\u00edv\u00e1nt cs\u00fasz\u00e1smozg\u00e1st vagy lekapcsol\u00f3d\u00e1st. Kompakt m\u00e9rete \u00e9s z\u00f6kken\u0151mentes illeszked\u00e9se miatt elengedhetetlen kieg\u00e9sz\u00edt\u0151je a fegyver karbantart\u00e1s\u00e1nak \u00e9s fel\u00faj\u00edt\u00e1s\u00e1nak.<\/p>\n<p>F\u00fcggetlen\u00fcl att\u00f3l, hogy gyakorlott l\u00f6v\u0151 vagy fegyverrajong\u00f3 vagy, a KMR cs\u00fasz\u00e1smeg\u00e1ll\u00edt\u00f3 rug\u00f3s csap elengedhetetlen tartoz\u00e9k a fegyvered optim\u00e1lis teljes\u00edtm\u00e9ny\u00e9nek fenntart\u00e1s\u00e1hoz. Friss\u00edtsd fel fegyveredet ezzel a megb\u00edzhat\u00f3 \u00e9s felhaszn\u00e1l\u00f3bar\u00e1t alkatr\u00e9sszel, \u00e9s tapasztald meg a k\u00fcl\u00f6nbs\u00e9get a l\u00f6v\u00e9sz\u00e9lm\u00e9nyben.<\/p>\n","protected":false},"excerpt":{"rendered":"<p>Megb\u00edzhat\u00f3, rug\u00f3fesz\u00edt\u00e9s\u0171 cs\u00fasz\u00f3k\u00e1r-r\u00f6gz\u00edt\u0151 csap a biztons\u00e1gos KMR r\u00f6gz\u00edt\u00e9shez.<\/p>\n","protected":false},"featured_media":60771,"template":"","meta":{"_acf_changed":false},"product_brand":[11502],"product_cat":[12917,12935],"product_tag":[],"class_list":{"0":"post-22553","1":"product","2":"type-product","3":"status-publish","4":"has-post-thumbnail","6":"product_brand-kmr-precision","7":"product_cat-kmr-alkatreszek","8":"product_cat-rugok","10":"first","11":"instock","12":"taxable","13":"shipping-taxable","14":"product-type-simple"},"acf":[],"_links":{"self":[{"href":"https:\/\/nbg.eu\/hu\/wp-json\/wp\/v2\/product\/22553","targetHints":{"allow":["GET"]}}],"collection":[{"href":"https:\/\/nbg.eu\/hu\/wp-json\/wp\/v2\/product"}],"about":[{"href":"https:\/\/nbg.eu\/hu\/wp-json\/wp\/v2\/types\/product"}],"wp:featuredmedia":[{"embeddable":true,"href":"https:\/\/nbg.eu\/hu\/wp-json\/wp\/v2\/media\/60771"}],"wp:attachment":[{"href":"https:\/\/nbg.eu\/hu\/wp-json\/wp\/v2\/media?parent=22553"}],"wp:term":[{"taxonomy":"product_brand","embeddable":true,"href":"https:\/\/nbg.eu\/hu\/wp-json\/wp\/v2\/product_brand?post=22553"},{"taxonomy":"product_cat","embeddable":true,"href":"https:\/\/nbg.eu\/hu\/wp-json\/wp\/v2\/product_cat?post=22553"},{"taxonomy":"product_tag","embeddable":true,"href":"https:\/\/nbg.eu\/hu\/wp-json\/wp\/v2\/product_tag?post=22553"}],"curies":[{"name":"wp","href":"https:\/\/api.w.org\/{rel}","templated":true}]}}