{"id":275137,"date":"2025-03-03T12:58:09","date_gmt":"2025-03-03T12:58:09","guid":{"rendered":"https:\/\/nbg.eu\/product\/bore-tech-extreme-grease-hd-10ml\/"},"modified":"2026-01-21T11:38:40","modified_gmt":"2026-01-21T08:38:40","slug":"bore-tech-extreme-grease-hd-10ml","status":"publish","type":"product","link":"https:\/\/nbg.eu\/hu\/termek\/bore-tech-extreme-grease-hd-10ml\/","title":{"rendered":"Bore Tech EXTREME GREASE HD 10ml"},"content":{"rendered":"<h2>Bore Tech EXTREME GREASE HD 10ml<\/h2>\n<p>A Bore Tech EXTREME GREASE HD egy szintetikus kever\u00e9k, amely l\u0151fegyverek m\u0171k\u00f6d\u00e9s\u00e9hez k\u00e9sz\u00fclt.<\/p>\n<ul>\n<li>M\u0171k\u00f6d\u00e9si h\u0151m\u00e9rs\u00e9klet tartom\u00e1ny: -65\u00b0C-t\u00f3l +371\u00b0C-ig<\/li>\n<li>Kiterjesztett h\u0151m\u00e9rs\u00e9klet tartom\u00e1ny: 1093\u00b0C-ig<\/li>\n<li>Nem ragad\u00f3s, nem foly\u00f3 \u00f6sszet\u00e9tel<\/li>\n<li>Ken\u00e9s \u00e9s ber\u00e1g\u00f3d\u00e1s megel\u0151z\u00e9se<\/li>\n<li>Alacsonyabb s\u00farl\u00f3d\u00e1si egy\u00fctthat\u00f3<\/li>\n<li>Rozsdag\u00e1tl\u00f3 adal\u00e9kok<\/li>\n<li>Nano-ker\u00e1mia h\u0151\u00e1ll\u00f3 ken\u0151anyagok<\/li>\n<\/ul>\n<p>Alkalmas reteszel\u0151 f\u00fclekhez, v\u00e1zsinekhez, zsan\u00e9rcsapokhoz \u00e9s b\u00fctyk\u00f6s mechanizmusokhoz. Biztos\u00edtja a sima m\u0171k\u00f6d\u00e9st \u00e9s az alkatr\u00e9szek hosszabb \u00e9lettartam\u00e1t extr\u00e9m k\u00f6r\u00fclm\u00e9nyek k\u00f6z\u00f6tt.<\/p>\n<p>10 ml-es m\u0171anyag tubus adagol\u00f3 heggyel \u00e9s csavaros kupakkal a k\u00f6nny\u0171 alkalmaz\u00e1shoz.<\/p>\n","protected":false},"excerpt":{"rendered":"<p>Ultra tapad\u00f3s szintetikus fegyverzs\u00edr extr\u00e9m k\u00f6r\u00fclm\u00e9nyekhez (-65\u00b0C \u00e9s 371\u00b0C k\u00f6z\u00f6tt)<\/p>\n","protected":false},"featured_media":235475,"template":"","meta":{"_acf_changed":false},"product_brand":[11153],"product_cat":[12909,12922],"product_tag":[],"class_list":{"0":"post-275137","1":"product","2":"type-product","3":"status-publish","4":"has-post-thumbnail","6":"product_brand-boretech","7":"product_cat-fegyvertisztitas","8":"product_cat-kenoanyagok","10":"first","11":"outofstock","12":"taxable","13":"shipping-taxable","14":"purchasable","15":"product-type-simple"},"acf":[],"_links":{"self":[{"href":"https:\/\/nbg.eu\/hu\/wp-json\/wp\/v2\/product\/275137","targetHints":{"allow":["GET"]}}],"collection":[{"href":"https:\/\/nbg.eu\/hu\/wp-json\/wp\/v2\/product"}],"about":[{"href":"https:\/\/nbg.eu\/hu\/wp-json\/wp\/v2\/types\/product"}],"wp:featuredmedia":[{"embeddable":true,"href":"https:\/\/nbg.eu\/hu\/wp-json\/wp\/v2\/media\/235475"}],"wp:attachment":[{"href":"https:\/\/nbg.eu\/hu\/wp-json\/wp\/v2\/media?parent=275137"}],"wp:term":[{"taxonomy":"product_brand","embeddable":true,"href":"https:\/\/nbg.eu\/hu\/wp-json\/wp\/v2\/product_brand?post=275137"},{"taxonomy":"product_cat","embeddable":true,"href":"https:\/\/nbg.eu\/hu\/wp-json\/wp\/v2\/product_cat?post=275137"},{"taxonomy":"product_tag","embeddable":true,"href":"https:\/\/nbg.eu\/hu\/wp-json\/wp\/v2\/product_tag?post=275137"}],"curies":[{"name":"wp","href":"https:\/\/api.w.org\/{rel}","templated":true}]}}