{"id":275976,"date":"2025-03-03T22:22:36","date_gmt":"2025-03-03T19:22:36","guid":{"rendered":"https:\/\/nbg.eu\/product\/qwik-dri-dry-lubricant-1-oz\/"},"modified":"2026-01-21T11:41:29","modified_gmt":"2026-01-21T08:41:29","slug":"qwik-dri-szaraz-kenoanyag-1-oz","status":"publish","type":"product","link":"https:\/\/nbg.eu\/hu\/termek\/qwik-dri-szaraz-kenoanyag-1-oz\/","title":{"rendered":"QWIK-DRI SZ\u00c1RAZ KEN\u0150ANYAG, 1 Oz"},"content":{"rendered":"<h2>QWIK-DRI SZ\u00c1RAZ KEN\u0150ANYAG, 30 ml<\/h2>\n<p>A Bore Tech Qwik-Dri\u2122 egy sz\u00e1raz filmet k\u00e9pz\u0151 ken\u0151anyag l\u0151fegyverek karbantart\u00e1s\u00e1hoz. Ez a 30 ml-es \u00fcveg szubmikron PTFE r\u00e9szecsk\u00e9ket tartalmaz gyorsan p\u00e1rolog\u00f3 hordoz\u00f3anyagban.<\/p>\n<ul>\n<li>M\u00e9lyen behatol a f\u00e9m p\u00f3rusaiba<\/li>\n<li>Tart\u00f3s sz\u00e1raz filmet k\u00e9pez<\/li>\n<li>Sz\u00e9ls\u0151s\u00e9ges h\u0151m\u00e9rs\u00e9kleten m\u0171k\u00f6dik (-73\u00b0C-t\u00f3l 316\u00b0C-ig)<\/li>\n<li>95%-kal cs\u00f6kkenti a s\u00farl\u00f3d\u00e1st \u00e9s kop\u00e1st<\/li>\n<li>Tasz\u00edtja a port \u00e9s szennyez\u0151d\u00e9seket<\/li>\n<li>Nem olajos, tiszta alkalmaz\u00e1s<\/li>\n<\/ul>\n<p>Alkalmas pisztolycs\u00faszk\u00e1khoz, ravaszokhoz, pusk\u00e1k z\u00e1rszerkezet\u00e9hez, t\u00e1raihoz \u00e9s egyebekhez. A Qwik-Dri\u2122 biztos\u00edtja a sima m\u0171k\u00f6d\u00e9st. Tokban hordott fegyverekhez is megfelel\u0151, nem hagy foltot a ruh\u00e1n \u00e9s nem vonzza a sz\u00f6sz\u00f6ket. Az Egyes\u00fclt \u00c1llamokban gy\u00e1rtj\u00e1k.<\/p>\n<p><strong>V\u00e1lassza a Bore Tech Qwik-Dri\u2122-t!<\/strong><\/p>\n","protected":false},"excerpt":{"rendered":"<p>QWIK-DRI: Gyorsan sz\u00e1rad\u00f3 PTFE ken\u0151anyag extr\u00e9m h\u0151m\u00e9rs\u00e9kletekhez. Tasz\u00edtja a szennyez\u0151d\u00e9seket.<\/p>\n","protected":false},"featured_media":235678,"template":"","meta":{"_acf_changed":false},"product_brand":[11153],"product_cat":[12909,12922,12982],"product_tag":[],"class_list":{"0":"post-275976","1":"product","2":"type-product","3":"status-publish","4":"has-post-thumbnail","6":"product_brand-boretech","7":"product_cat-fegyvertisztitas","8":"product_cat-kenoanyagok","9":"product_cat-tisztitok","11":"first","12":"instock","13":"taxable","14":"shipping-taxable","15":"purchasable","16":"product-type-simple"},"acf":[],"_links":{"self":[{"href":"https:\/\/nbg.eu\/hu\/wp-json\/wp\/v2\/product\/275976","targetHints":{"allow":["GET"]}}],"collection":[{"href":"https:\/\/nbg.eu\/hu\/wp-json\/wp\/v2\/product"}],"about":[{"href":"https:\/\/nbg.eu\/hu\/wp-json\/wp\/v2\/types\/product"}],"wp:featuredmedia":[{"embeddable":true,"href":"https:\/\/nbg.eu\/hu\/wp-json\/wp\/v2\/media\/235678"}],"wp:attachment":[{"href":"https:\/\/nbg.eu\/hu\/wp-json\/wp\/v2\/media?parent=275976"}],"wp:term":[{"taxonomy":"product_brand","embeddable":true,"href":"https:\/\/nbg.eu\/hu\/wp-json\/wp\/v2\/product_brand?post=275976"},{"taxonomy":"product_cat","embeddable":true,"href":"https:\/\/nbg.eu\/hu\/wp-json\/wp\/v2\/product_cat?post=275976"},{"taxonomy":"product_tag","embeddable":true,"href":"https:\/\/nbg.eu\/hu\/wp-json\/wp\/v2\/product_tag?post=275976"}],"curies":[{"name":"wp","href":"https:\/\/api.w.org\/{rel}","templated":true}]}}