{"id":277922,"date":"2025-03-07T22:09:14","date_gmt":"2025-03-07T19:09:14","guid":{"rendered":"https:\/\/nbg.eu\/product\/vortex-strike-eagle-1-8x24-ffp\/"},"modified":"2026-01-21T11:46:17","modified_gmt":"2026-01-21T08:46:17","slug":"vortex-strike-eagle-1-8x24-ffp","status":"publish","type":"product","link":"https:\/\/nbg.eu\/hu\/termek\/vortex-strike-eagle-1-8x24-ffp\/","title":{"rendered":"Vortex &#8211; Strike Eagle\u00ae &#8211; 1-8&#215;24 FFP"},"content":{"rendered":"<div class=\"product-description\">\n<h1>Vortex &#8211; Strike Eagle\u00ae &#8211; 1-8&#215;24 FFP<\/h1>\n<p>A Strike Eagle\u00ae egy sokoldal\u00fa c\u00e9lt\u00e1vcs\u0151, amely k\u00fcl\u00f6nb\u00f6z\u0151 l\u00f6v\u00e9szeti helyzetekben haszn\u00e1lhat\u00f3. Alkalmas k\u00f6zeli \u00e9s ak\u00e1r 1000 yardos t\u00e1vols\u00e1gokra is.<\/p>\n<h2>F\u0151 jellemz\u0151k:<\/h2>\n<ul>\n<li>Nagy\u00edt\u00e1s: 1-8x<\/li>\n<li>Objekt\u00edv \u00e1tm\u00e9r\u0151: 24 mm<\/li>\n<li>Els\u0151 f\u00f3kuszs\u00edk (FFP)<\/li>\n<li>EBR-8 MOA sz\u00e1lkereszt<\/li>\n<li>Szemt\u00e1vols\u00e1g: 3,9&#8243;<\/li>\n<li>L\u00e1t\u00f3mez\u0151: 113,6&#8242; &#8211; 14,1&#8242; 100 yardon<\/li>\n<li>30 mm-es tubus<\/li>\n<li>1\/4 MOA \u00e1ll\u00edt\u00e1si l\u00e9pt\u00e9k<\/li>\n<li>145 MOA maxim\u00e1lis magass\u00e1gi \u00e9s oldalir\u00e1ny\u00fa \u00e1ll\u00edt\u00e1s<\/li>\n<li>S\u00faly: 23,9 oz<\/li>\n<\/ul>\n<h2>EBR-8 sz\u00e1lkereszt:<\/h2>\n<p>Az EBR-8 MOA els\u0151 f\u00f3kuszs\u00edk\u00fa, \u00fcvegre maratott, megvil\u00e1g\u00edtott sz\u00e1lkereszt lehet\u0151v\u00e9 teszi a gyors l\u00f6v\u00e9st 0-600 yardig .223\/5.56mm \u00e9s .308\/7.62mm l\u0151szerekkel. M\u00e1s kaliberekhez is haszn\u00e1lhat\u00f3 a BDC jel\u00f6l\u00e9sekkel.<\/p>\n<h2>Tart\u00f3ss\u00e1g \u00e9s tisztas\u00e1g:<\/h2>\n<ul>\n<li>Rep\u00fcl\u0151g\u00e9p-min\u0151s\u00e9g\u0171 alum\u00ednium szerkezet<\/li>\n<li>ArmorTek\u00ae karc\u00e1ll\u00f3 bevonat<\/li>\n<li>T\u00f6bbr\u00e9teg\u0171 bevonat\u00fa lencs\u00e9k az optim\u00e1lis f\u00e9ny\u00e1tereszt\u00e9shez<\/li>\n<li>\u00dct\u00e9s\u00e1ll\u00f3 kialak\u00edt\u00e1s<\/li>\n<\/ul>\n<h2>Tov\u00e1bbi jellemz\u0151k:<\/h2>\n<ul>\n<li>Z\u00e1r\u00f3kupakos \u00e1ll\u00edt\u00f3tornyok<\/li>\n<li>25 MOA elmozdul\u00e1s fordulatonk\u00e9nt<\/li>\n<li>Parallaxis be\u00e1ll\u00edt\u00e1s: 125 yard<\/li>\n<li>Mell\u00e9kelt nagy\u00edt\u00e1s\u00e1ll\u00edt\u00f3 kar<\/li>\n<\/ul>\n<p>A Vortex Strike Eagle\u00ae 1-8&#215;24 FFP egy sokoldal\u00fa c\u00e9lt\u00e1vcs\u0151, amely alkalmas k\u00f6zeli \u00e9s t\u00e1voli c\u00e9lokra egyar\u00e1nt.<\/p>\n<\/div>\n","protected":false},"excerpt":{"rendered":"<p>Sokoldal\u00fa 1-8&#215;24-es FFP t\u00e1vcs\u0151 EBR-8 sz\u00e1lkereszttel. Strapab\u00edr\u00f3, nagy teljes\u00edtm\u00e9ny\u0171 optika taktikai l\u00f6v\u00e9szethez.<\/p>\n","protected":false},"featured_media":249205,"template":"","meta":{"_acf_changed":false},"product_brand":[11963],"product_cat":[12918,12931],"product_tag":[],"class_list":{"0":"post-277922","1":"product","2":"type-product","3":"status-publish","4":"has-post-thumbnail","6":"product_brand-vortex","7":"product_cat-celzas","8":"product_cat-nagyitos-optikak","10":"first","11":"outofstock","12":"taxable","13":"shipping-taxable","14":"purchasable","15":"product-type-simple"},"acf":[],"_links":{"self":[{"href":"https:\/\/nbg.eu\/hu\/wp-json\/wp\/v2\/product\/277922","targetHints":{"allow":["GET"]}}],"collection":[{"href":"https:\/\/nbg.eu\/hu\/wp-json\/wp\/v2\/product"}],"about":[{"href":"https:\/\/nbg.eu\/hu\/wp-json\/wp\/v2\/types\/product"}],"wp:featuredmedia":[{"embeddable":true,"href":"https:\/\/nbg.eu\/hu\/wp-json\/wp\/v2\/media\/249205"}],"wp:attachment":[{"href":"https:\/\/nbg.eu\/hu\/wp-json\/wp\/v2\/media?parent=277922"}],"wp:term":[{"taxonomy":"product_brand","embeddable":true,"href":"https:\/\/nbg.eu\/hu\/wp-json\/wp\/v2\/product_brand?post=277922"},{"taxonomy":"product_cat","embeddable":true,"href":"https:\/\/nbg.eu\/hu\/wp-json\/wp\/v2\/product_cat?post=277922"},{"taxonomy":"product_tag","embeddable":true,"href":"https:\/\/nbg.eu\/hu\/wp-json\/wp\/v2\/product_tag?post=277922"}],"curies":[{"name":"wp","href":"https:\/\/api.w.org\/{rel}","templated":true}]}}