{"id":278307,"date":"2025-03-07T17:59:41","date_gmt":"2025-03-07T17:59:41","guid":{"rendered":"https:\/\/nbg.eu\/product\/sellier-bellot-40sw-fmj-11-7g-180gr\/"},"modified":"2026-01-21T12:16:25","modified_gmt":"2026-01-21T09:16:25","slug":"sellier-bellot-40sw-fmj-117g-180gr","status":"publish","type":"product","link":"https:\/\/nbg.eu\/hu\/termek\/sellier-bellot-40sw-fmj-117g-180gr\/","title":{"rendered":"Sellier &#038; Bellot &#8211; 40S&#038;W FMJ &#8211; 11.7g \/ 180gr"},"content":{"rendered":"<p>A Sellier &amp; Bellot 40S&amp;W Teljes F\u00e9mk\u00f6penyes l\u0151szer c\u00e9lba l\u00f6v\u00e9shez \u00e9s gyakorl\u00e1shoz haszn\u00e1lhat\u00f3. Minden t\u00f6lt\u00e9ny 180 grain FMJ l\u00f6ved\u00e9kkel rendelkezik, amely konzisztens teljes\u00edtm\u00e9nyt \u00e9s megb\u00edzhat\u00f3 adagol\u00e1st biztos\u00edt a .40 S&amp;W pisztolyokban.<\/p>\n<ul>\n<li>Kaliber: .40 S&amp;W<\/li>\n<li>L\u00f6ved\u00e9k s\u00falya: 180 grain (11,7g)<\/li>\n<li>L\u00f6ved\u00e9k t\u00edpusa: Teljes F\u00e9mk\u00f6peny (FMJ)<\/li>\n<li>Torkolati sebess\u00e9g: 968 l\u00e1b\/m\u00e1sodperc<\/li>\n<li>Torkolati energia: 400 l\u00e1b-font<\/li>\n<li>H\u00fcvely: S\u00e1rgar\u00e9z<\/li>\n<\/ul>\n<p>Ez a l\u0151szer 50 darabos dobozokban kaphat\u00f3, egy l\u00e1d\u00e1ban 20 doboz van. A s\u00e1rgar\u00e9z h\u00fcvely biztos\u00edtja a sima m\u0171k\u00f6d\u00e9st \u00e9s lehet\u0151v\u00e9 teszi az \u00fajrat\u00f6lt\u00e9st. 940 l\u00e1b\/m\u00e1sodperc sebess\u00e9ggel ezek a t\u00f6lt\u00e9nyek megb\u00edzhat\u00f3 teljes\u00edtm\u00e9nyt ny\u00fajtanak c\u00e9ll\u00f6v\u00e9szethez \u00e9s l\u0151t\u00e9ri gyakorl\u00e1shoz. A Sellier &amp; Bellot konzisztens l\u0151szert k\u00edn\u00e1l .40 S&amp;W fegyver\u00e9hez.<\/p>\n","protected":false},"excerpt":{"rendered":"<p>40 S&amp;W 180gr FMJ l\u0151szer c\u00e9lbal\u00f6v\u00e9shez. R\u00e9z h\u00fcvely, 968 l\u00e1b\/m\u00e1sodperc, 50 db\/doboz.<\/p>\n","protected":false},"featured_media":248748,"template":"","meta":{"_acf_changed":false},"product_brand":[11778],"product_cat":[12970,12960],"product_tag":[],"class_list":{"0":"post-278307","1":"product","2":"type-product","3":"status-publish","4":"has-post-thumbnail","6":"product_brand-sellier-and-bellot","7":"product_cat-loszer","8":"product_cat-pisztoly-loszer","10":"first","11":"instock","12":"taxable","13":"shipping-taxable","14":"purchasable","15":"product-type-simple"},"acf":[],"_links":{"self":[{"href":"https:\/\/nbg.eu\/hu\/wp-json\/wp\/v2\/product\/278307","targetHints":{"allow":["GET"]}}],"collection":[{"href":"https:\/\/nbg.eu\/hu\/wp-json\/wp\/v2\/product"}],"about":[{"href":"https:\/\/nbg.eu\/hu\/wp-json\/wp\/v2\/types\/product"}],"wp:featuredmedia":[{"embeddable":true,"href":"https:\/\/nbg.eu\/hu\/wp-json\/wp\/v2\/media\/248748"}],"wp:attachment":[{"href":"https:\/\/nbg.eu\/hu\/wp-json\/wp\/v2\/media?parent=278307"}],"wp:term":[{"taxonomy":"product_brand","embeddable":true,"href":"https:\/\/nbg.eu\/hu\/wp-json\/wp\/v2\/product_brand?post=278307"},{"taxonomy":"product_cat","embeddable":true,"href":"https:\/\/nbg.eu\/hu\/wp-json\/wp\/v2\/product_cat?post=278307"},{"taxonomy":"product_tag","embeddable":true,"href":"https:\/\/nbg.eu\/hu\/wp-json\/wp\/v2\/product_tag?post=278307"}],"curies":[{"name":"wp","href":"https:\/\/api.w.org\/{rel}","templated":true}]}}