{"id":282076,"date":"2025-03-06T10:01:39","date_gmt":"2025-03-24T12:40:51","guid":{"rendered":"https:\/\/nbg.eu\/product\/clawgear-m-lok-10-slot-rail-qd-integrated\/"},"modified":"2026-01-21T11:39:35","modified_gmt":"2026-01-21T08:39:35","slug":"clawgear-m-lok-10-reszes-sin-qd-integralt","status":"publish","type":"product","link":"https:\/\/nbg.eu\/hu\/termek\/clawgear-m-lok-10-reszes-sin-qd-integralt\/","title":{"rendered":"Clawgear M-LOK 10 R\u00e9szes S\u00edn QD Integr\u00e1lt"},"content":{"rendered":"<h2>Clawgear M-LOK 10 s\u00ednfoglalatos s\u00edn be\u00e9p\u00edtett QD r\u00f6gz\u00edt\u00e9ssel<\/h2>\n<p>Ez a Picatinny s\u00edn M-LOK fel\u00fclethez illeszkedik. 10 foglalata van \u00e9s be\u00e9p\u00edtett QD r\u00f6gz\u00edt\u00e9si pontja sz\u00edjak sz\u00e1m\u00e1ra. Er\u0151s alum\u00edniumb\u00f3l k\u00e9sz\u00fclt, kem\u00e9ny elox\u00e1lt bevonattal, ami megfelel a katonai el\u0151\u00edr\u00e1soknak.<\/p>\n<ul>\n<li>Tartalmazza a r\u00f6gz\u00edt\u0151 elemeket rozsdamentes ac\u00e9l T any\u00e1kkal<\/li>\n<li>Korr\u00f3zi\u00f3\u00e1ll\u00f3 kialak\u00edt\u00e1s<\/li>\n<li>Maxim\u00e1lis nyomat\u00e9k: 4Nm vagy 35in\/lb<\/li>\n<\/ul>\n<p><strong>Tipp:<\/strong> Ha nincs nyomat\u00e9kkulcs, haszn\u00e1lja az imbuszkulcs r\u00f6vid sz\u00e1r\u00e1t a megh\u00faz\u00e1shoz.<\/p>\n<p><em>M\u00e9retek (csomagolva):<\/em> 17 x 10,7 x 1 cm<br \/>\n<em>S\u00faly:<\/em> 45g (53g csomagolva)<\/p>\n","protected":false},"excerpt":{"rendered":"<p>10 slottal \u00e9s QD r\u00f6gz\u00edt\u00e9ssel ell\u00e1tott M-LOK Picatinny s\u00edn. Tart\u00f3s alum\u00edniumb\u00f3l k\u00e9sz\u00fclt.<\/p>\n","protected":false},"featured_media":240505,"template":"","meta":{"_acf_changed":false},"product_brand":[11216],"product_cat":[12903,14958,12967,12928,12981],"product_tag":[],"class_list":{"0":"post-282076","1":"product","2":"type-product","3":"status-publish","4":"has-post-thumbnail","6":"product_brand-clawgear","7":"product_cat-hevederek","8":"product_cat-m-lok-rail-systems-hu","9":"product_cat-puska","10":"product_cat-puska-tuning","11":"product_cat-sinek","13":"first","14":"instock","15":"taxable","16":"shipping-taxable","17":"purchasable","18":"product-type-simple"},"acf":[],"_links":{"self":[{"href":"https:\/\/nbg.eu\/hu\/wp-json\/wp\/v2\/product\/282076","targetHints":{"allow":["GET"]}}],"collection":[{"href":"https:\/\/nbg.eu\/hu\/wp-json\/wp\/v2\/product"}],"about":[{"href":"https:\/\/nbg.eu\/hu\/wp-json\/wp\/v2\/types\/product"}],"wp:featuredmedia":[{"embeddable":true,"href":"https:\/\/nbg.eu\/hu\/wp-json\/wp\/v2\/media\/240505"}],"wp:attachment":[{"href":"https:\/\/nbg.eu\/hu\/wp-json\/wp\/v2\/media?parent=282076"}],"wp:term":[{"taxonomy":"product_brand","embeddable":true,"href":"https:\/\/nbg.eu\/hu\/wp-json\/wp\/v2\/product_brand?post=282076"},{"taxonomy":"product_cat","embeddable":true,"href":"https:\/\/nbg.eu\/hu\/wp-json\/wp\/v2\/product_cat?post=282076"},{"taxonomy":"product_tag","embeddable":true,"href":"https:\/\/nbg.eu\/hu\/wp-json\/wp\/v2\/product_tag?post=282076"}],"curies":[{"name":"wp","href":"https:\/\/api.w.org\/{rel}","templated":true}]}}