{"id":284905,"date":"2024-01-30T18:08:20","date_gmt":"2024-01-30T18:08:20","guid":{"rendered":"https:\/\/nbg.eu\/product\/area-419-mini-pad-the-gripchanger\/"},"modified":"2026-01-21T12:04:24","modified_gmt":"2026-01-21T09:04:24","slug":"area-419-mini-parna-markolat-cserelo","status":"publish","type":"product","link":"https:\/\/nbg.eu\/hu\/termek\/area-419-mini-parna-markolat-cserelo\/","title":{"rendered":"Area 419 &#8211; Mini P\u00e1rna, Markolat Cser\u00e9l\u0151"},"content":{"rendered":"<div class=\"product-description\">\n<h2>Area 419 &#8211; Mini Pad, GripChanger<\/h2>\n<p>A GripChanger a RailChanger term\u00e9kcsal\u00e1d \u00faj tagja. Ez a kompakt, tapad\u00f3s \u00e9s s\u0171r\u0171n t\u00f6lt\u00f6tt t\u00e1ska gyors poz\u00edcion\u00e1l\u00e1sra vagy kis ny\u00edl\u00e1sokban val\u00f3 haszn\u00e1latra alkalmas.<\/p>\n<h3>Jellemz\u0151k:<\/h3>\n<ul>\n<li>S\u00falya k\u00f6r\u00fclbel\u00fcl 0,45 kg<\/li>\n<li>B\u00e1rmilyen fel\u00fcleten megtapad<\/li>\n<li>Stabil alapot biztos\u00edt gyors be\u00e1ll\u00edt\u00e1sokhoz<\/li>\n<\/ul>\n<h3>A k\u00e9szlet tartalma:<\/h3>\n<ul>\n<li>1 Area 419 GripChanger t\u00e1ska<\/li>\n<li>1 ARCALOCK szor\u00edt\u00f3<\/li>\n<li>1 Area 419 Rail Changer kar<\/li>\n<\/ul>\n<h3>Specifik\u00e1ci\u00f3k:<\/h3>\n<ul>\n<li>S\u00faly: 0,45 kg<\/li>\n<li>M\u00e9retek: 25,4 \u00d7 7,62 \u00d7 5,08 cm<\/li>\n<li>Gy\u00e1rt\u00f3: Armageddon Gear<\/li>\n<\/ul>\n<\/div>\n","protected":false},"excerpt":{"rendered":"<p>&#8220;Kompakt, tapad\u00f3s 0,45 kg-os t\u00e1ska gyors, stabil l\u00f6v\u00e9si poz\u00edci\u00f3khoz. Tartalmaz r\u00f6gz\u00edt\u0151t \u00e9s kart.&#8221;<\/p>\n","protected":false},"featured_media":233568,"template":"","meta":{"_acf_changed":false},"product_brand":[11039],"product_cat":[12967],"product_tag":[],"class_list":{"0":"post-284905","1":"product","2":"type-product","3":"status-publish","4":"has-post-thumbnail","6":"product_brand-area-419","7":"product_cat-puska","9":"first","10":"instock","11":"taxable","12":"shipping-taxable","13":"purchasable","14":"product-type-simple"},"acf":[],"_links":{"self":[{"href":"https:\/\/nbg.eu\/hu\/wp-json\/wp\/v2\/product\/284905","targetHints":{"allow":["GET"]}}],"collection":[{"href":"https:\/\/nbg.eu\/hu\/wp-json\/wp\/v2\/product"}],"about":[{"href":"https:\/\/nbg.eu\/hu\/wp-json\/wp\/v2\/types\/product"}],"wp:featuredmedia":[{"embeddable":true,"href":"https:\/\/nbg.eu\/hu\/wp-json\/wp\/v2\/media\/233568"}],"wp:attachment":[{"href":"https:\/\/nbg.eu\/hu\/wp-json\/wp\/v2\/media?parent=284905"}],"wp:term":[{"taxonomy":"product_brand","embeddable":true,"href":"https:\/\/nbg.eu\/hu\/wp-json\/wp\/v2\/product_brand?post=284905"},{"taxonomy":"product_cat","embeddable":true,"href":"https:\/\/nbg.eu\/hu\/wp-json\/wp\/v2\/product_cat?post=284905"},{"taxonomy":"product_tag","embeddable":true,"href":"https:\/\/nbg.eu\/hu\/wp-json\/wp\/v2\/product_tag?post=284905"}],"curies":[{"name":"wp","href":"https:\/\/api.w.org\/{rel}","templated":true}]}}