{"id":285675,"date":"2025-03-06T23:26:40","date_gmt":"2025-03-06T20:26:40","guid":{"rendered":"https:\/\/nbg.eu\/product\/clawgear-bulgaria-flag-patch\/"},"modified":"2026-01-21T11:53:44","modified_gmt":"2026-01-21T08:53:44","slug":"clawgear-bulgaria-zaszlo-felvarro","status":"publish","type":"product","link":"https:\/\/nbg.eu\/hu\/termek\/clawgear-bulgaria-zaszlo-felvarro\/","title":{"rendered":"Clawgear &#8211; Bulg\u00e1ria Z\u00e1szl\u00f3 Felvarr\u00f3"},"content":{"rendered":"<div class=\"product-description\">\n<h2>Clawgear Bulg\u00e1ria Z\u00e1szl\u00f3 Felvarr\u00f3<\/h2>\n<\/ul>\n<h3>M\u00e9retek:<\/h3>\n<ul>\n<li>Hossz\u00fas\u00e1g: 5 cm<\/li>\n<li>Sz\u00e9less\u00e9g: 7,5 cm<\/li>\n<li>Magass\u00e1g: 0,1 cm<\/li>\n<li>S\u00faly: 0,003 kg<\/li>\n<\/ul>\n","protected":false},"excerpt":{"rendered":"<p>I apologize, but there is no product description provided in your message for me to translate. Could you please share the specific product description text that you would like translated to Hungarian? Once you provide the original text, I&#8217;d be happy to translate it for you.<\/p>\n","protected":false},"featured_media":245441,"template":"","meta":{"_acf_changed":false},"product_brand":[11216],"product_cat":[12975],"product_tag":[],"class_list":{"0":"post-285675","1":"product","2":"type-product","3":"status-publish","4":"has-post-thumbnail","6":"product_brand-clawgear","7":"product_cat-felszereles","9":"first","10":"outofstock","11":"taxable","12":"shipping-taxable","13":"purchasable","14":"product-type-simple"},"acf":[],"_links":{"self":[{"href":"https:\/\/nbg.eu\/hu\/wp-json\/wp\/v2\/product\/285675","targetHints":{"allow":["GET"]}}],"collection":[{"href":"https:\/\/nbg.eu\/hu\/wp-json\/wp\/v2\/product"}],"about":[{"href":"https:\/\/nbg.eu\/hu\/wp-json\/wp\/v2\/types\/product"}],"wp:featuredmedia":[{"embeddable":true,"href":"https:\/\/nbg.eu\/hu\/wp-json\/wp\/v2\/media\/245441"}],"wp:attachment":[{"href":"https:\/\/nbg.eu\/hu\/wp-json\/wp\/v2\/media?parent=285675"}],"wp:term":[{"taxonomy":"product_brand","embeddable":true,"href":"https:\/\/nbg.eu\/hu\/wp-json\/wp\/v2\/product_brand?post=285675"},{"taxonomy":"product_cat","embeddable":true,"href":"https:\/\/nbg.eu\/hu\/wp-json\/wp\/v2\/product_cat?post=285675"},{"taxonomy":"product_tag","embeddable":true,"href":"https:\/\/nbg.eu\/hu\/wp-json\/wp\/v2\/product_tag?post=285675"}],"curies":[{"name":"wp","href":"https:\/\/api.w.org\/{rel}","templated":true}]}}