{"id":287622,"date":"2025-03-05T11:35:14","date_gmt":"2025-03-05T11:35:14","guid":{"rendered":"https:\/\/nbg.eu\/prodcut\/clawgear-ak-akm-pistol-grip\/"},"modified":"2026-01-21T11:59:57","modified_gmt":"2026-01-21T08:59:57","slug":"clawgear-ak-akm-pisztoly-markolat","status":"publish","type":"product","link":"https:\/\/nbg.eu\/hu\/termek\/clawgear-ak-akm-pisztoly-markolat\/","title":{"rendered":"Clawgear AK-AKM Pisztoly Markolat"},"content":{"rendered":"<h2>Clawgear AK-AKM Pisztolymarkolat<\/h2>\n<p>Jav\u00edtsa AK vagy AKM pusk\u00e1ja ergon\u00f3mi\u00e1j\u00e1t a Clawgear AK-AKM Pisztolymarkolattal. Ez a kompakt \u00e9s k\u00f6nny\u0171 markolat jobb ir\u00e1ny\u00edt\u00e1st \u00e9s k\u00e9nyelmet biztos\u00edt hosszabb l\u00f6v\u00e9szetek sor\u00e1n.<\/p>\n<h2>F\u0151 jellemz\u0151k:<\/h2>\n<ul>\n<li>Ergonomikus kialak\u00edt\u00e1s a jobb kezelhet\u0151s\u00e9g\u00e9rt<\/li>\n<li>Tart\u00f3s szerkezet<\/li>\n<li>Egyszer\u0171 felszerel\u00e9s<\/li>\n<li>Kompatibilis AK \u00e9s AKM platformokkal<\/li>\n<\/ul>\n<h2>Term\u00e9k specifik\u00e1ci\u00f3k:<\/h2>\n<table>\n<tbody>\n<tr>\n<th>M\u00e9retek<\/th>\n<th>Kicsomagolva<\/th>\n<th>Csomagolva<\/th>\n<\/tr>\n<tr>\n<td>Hossz\u00fas\u00e1g<\/td>\n<td>11,5 cm<\/td>\n<td>21,5 cm<\/td>\n<\/tr>\n<tr>\n<td>Sz\u00e9less\u00e9g<\/td>\n<td>5,4 cm<\/td>\n<td>12,4 cm<\/td>\n<\/tr>\n<tr>\n<td>Magass\u00e1g<\/td>\n<td>2,9 cm<\/td>\n<td>2,9 cm<\/td>\n<\/tr>\n<tr>\n<td>S\u00faly<\/td>\n<td>0,07 kg<\/td>\n<td>0,08 kg<\/td>\n<\/tr>\n<\/tbody>\n<\/table>\n<p>Jav\u00edtsa pusk\u00e1ja teljes\u00edtm\u00e9ny\u00e9t \u00e9s k\u00e9nyelm\u00e9t a Clawgear AK-AKM Pisztolymarkolattal.<\/p>\n","protected":false},"excerpt":{"rendered":"<p>Ergonomikus AK-AKM pisztolymarkolat. K\u00f6nny\u0171, kompakt kialak\u00edt\u00e1s a jobb ir\u00e1ny\u00edthat\u00f3s\u00e1g \u00e9rdek\u00e9ben.<\/p>\n","protected":false},"featured_media":240041,"template":"","meta":{"_acf_changed":false},"product_brand":[11216],"product_cat":[12967,12925,12928],"product_tag":[],"class_list":{"0":"post-287622","1":"product","2":"type-product","3":"status-publish","4":"has-post-thumbnail","6":"product_brand-clawgear","7":"product_cat-puska","8":"product_cat-puska-markolatok","9":"product_cat-puska-tuning","11":"first","12":"instock","13":"taxable","14":"shipping-taxable","15":"purchasable","16":"product-type-simple"},"acf":[],"_links":{"self":[{"href":"https:\/\/nbg.eu\/hu\/wp-json\/wp\/v2\/product\/287622","targetHints":{"allow":["GET"]}}],"collection":[{"href":"https:\/\/nbg.eu\/hu\/wp-json\/wp\/v2\/product"}],"about":[{"href":"https:\/\/nbg.eu\/hu\/wp-json\/wp\/v2\/types\/product"}],"wp:featuredmedia":[{"embeddable":true,"href":"https:\/\/nbg.eu\/hu\/wp-json\/wp\/v2\/media\/240041"}],"wp:attachment":[{"href":"https:\/\/nbg.eu\/hu\/wp-json\/wp\/v2\/media?parent=287622"}],"wp:term":[{"taxonomy":"product_brand","embeddable":true,"href":"https:\/\/nbg.eu\/hu\/wp-json\/wp\/v2\/product_brand?post=287622"},{"taxonomy":"product_cat","embeddable":true,"href":"https:\/\/nbg.eu\/hu\/wp-json\/wp\/v2\/product_cat?post=287622"},{"taxonomy":"product_tag","embeddable":true,"href":"https:\/\/nbg.eu\/hu\/wp-json\/wp\/v2\/product_tag?post=287622"}],"curies":[{"name":"wp","href":"https:\/\/api.w.org\/{rel}","templated":true}]}}