{"id":288421,"date":"2025-03-06T13:37:19","date_gmt":"2025-03-06T10:37:19","guid":{"rendered":"https:\/\/nbg.eu\/prodcut\/ftcs-custom-ak-mod-9-handguard-m-lok-forward-curved\/"},"modified":"2026-05-13T16:48:38","modified_gmt":"2026-05-13T13:48:38","slug":"ftcs-egyedi-ak-mod-9-eloagy-m-lok-elore-ivelt","status":"publish","type":"product","link":"https:\/\/nbg.eu\/hu\/termek\/ftcs-egyedi-ak-mod-9-eloagy-m-lok-elore-ivelt\/","title":{"rendered":"FTCS &#8211; Egyedi AK Mod 9 El\u0151agy &#8211; M-LOK &#8211; El\u0151re \u00cdvelt"},"content":{"rendered":"","protected":false},"excerpt":{"rendered":"","protected":false},"featured_media":241322,"template":"","meta":{"_acf_changed":false},"product_brand":[11316],"product_cat":[14822,14800,12967,12928,12981],"product_tag":[],"class_list":{"0":"post-288421","1":"product","2":"type-product","3":"status-publish","4":"has-post-thumbnail","6":"product_brand-ftcs","7":"product_cat-ak-kezvedok","8":"product_cat-kezvedok","9":"product_cat-puska","10":"product_cat-puska-tuning","11":"product_cat-sinek","13":"first","14":"instock","15":"taxable","16":"shipping-taxable","17":"purchasable","18":"product-type-simple"},"acf":[],"_links":{"self":[{"href":"https:\/\/nbg.eu\/hu\/wp-json\/wp\/v2\/product\/288421","targetHints":{"allow":["GET"]}}],"collection":[{"href":"https:\/\/nbg.eu\/hu\/wp-json\/wp\/v2\/product"}],"about":[{"href":"https:\/\/nbg.eu\/hu\/wp-json\/wp\/v2\/types\/product"}],"wp:featuredmedia":[{"embeddable":true,"href":"https:\/\/nbg.eu\/hu\/wp-json\/wp\/v2\/media\/241322"}],"wp:attachment":[{"href":"https:\/\/nbg.eu\/hu\/wp-json\/wp\/v2\/media?parent=288421"}],"wp:term":[{"taxonomy":"product_brand","embeddable":true,"href":"https:\/\/nbg.eu\/hu\/wp-json\/wp\/v2\/product_brand?post=288421"},{"taxonomy":"product_cat","embeddable":true,"href":"https:\/\/nbg.eu\/hu\/wp-json\/wp\/v2\/product_cat?post=288421"},{"taxonomy":"product_tag","embeddable":true,"href":"https:\/\/nbg.eu\/hu\/wp-json\/wp\/v2\/product_tag?post=288421"}],"curies":[{"name":"wp","href":"https:\/\/api.w.org\/{rel}","templated":true}]}}