{"id":37475,"date":"2024-09-02T19:50:00","date_gmt":"2024-09-02T16:50:00","guid":{"rendered":"https:\/\/nbg.eu\/product\/slr-rifleworks-micro-gas-block-750-set-screw-steel\/"},"modified":"2026-01-21T12:09:56","modified_gmt":"2026-01-21T09:09:56","slug":"slr-rifleworks-micro-gas-block-750-set-screw-steel","status":"publish","type":"product","link":"https:\/\/nbg.eu\/hu\/termek\/slr-rifleworks-micro-gas-block-750-set-screw-steel\/","title":{"rendered":"SLR RIFLEWORKS Micro Gas Block .750 Set Screw Steel"},"content":{"rendered":"<div class=\"product-description\">\n<h2>SLR RIFLEWORKS Micro G\u00e1zblokk .750 Csavarral R\u00f6gz\u00edthet\u0151 Ac\u00e9l<\/h2>\n<p>Korszer\u0171s\u00edtse pusk\u00e1j\u00e1t az SLR RIFLEWORKS GB-7 Micro G\u00e1zblokkal, amelyet .750-es cs\u00f6vekhez terveztek. Ez a kiv\u00e1l\u00f3 min\u0151s\u00e9g\u0171 g\u00e1zblokk precizit\u00e1st \u00e9s tart\u00f3ss\u00e1got k\u00edn\u00e1l az ig\u00e9nyes l\u00f6v\u00e9szek sz\u00e1m\u00e1ra.<\/p>\n<ul>\n<li>4140-es billencs ac\u00e9lb\u00f3l k\u00e9sz\u00fclt a kiv\u00e1l\u00f3 szil\u00e1rds\u00e1g \u00e9s \u00e9lettartam \u00e9rdek\u00e9ben<\/li>\n<li>Melonite QPQ fel\u00fclet kiv\u00e1l\u00f3 korr\u00f3zi\u00f3\u00e1ll\u00f3s\u00e1got \u00e9s cs\u00f6kkentett s\u00farl\u00f3d\u00e1st biztos\u00edt<\/li>\n<li>.400&#8243; csavaroz\u00e1si t\u00e1vols\u00e1g a biztons\u00e1gos r\u00f6gz\u00edt\u00e9shez<\/li>\n<li>Tartalmazza a r\u00f6gz\u00edt\u0151csavarokat \u00e9s a csapszeget a k\u00f6nny\u0171 beszerel\u00e9shez<\/li>\n<li>Kompakt kialak\u00edt\u00e1s minimaliz\u00e1lja a s\u00falyt \u00e9s a profilt<\/li>\n<\/ul>\n<p>Tapasztalja meg a fokozott teljes\u00edtm\u00e9nyt \u00e9s megb\u00edzhat\u00f3s\u00e1got ezzel a pr\u00e9mium mikro g\u00e1zblokkal. T\u00f6k\u00e9letes egyedi \u00e9p\u00edt\u00e9sekhez \u00e9s fejleszt\u00e9sekhez, az SLR RIFLEWORKS GB-7 ide\u00e1lis v\u00e1laszt\u00e1s komoly l\u00f6v\u00e9szek \u00e9s lelkes sportl\u00f6v\u0151k sz\u00e1m\u00e1ra egyar\u00e1nt.<\/p>\n<\/div>\n","protected":false},"excerpt":{"rendered":"<p>Kompakt, kiv\u00e1l\u00f3 min\u0151s\u00e9g\u0171 .750-es g\u00e1zblokk. 4140-es ac\u00e9lb\u00f3l k\u00e9sz\u00fclt, Melonite bevonattal. R\u00f6gz\u00edt\u0151csavarokkal egy\u00fctt.<\/p>\n","protected":false},"featured_media":37403,"template":"","meta":{"_acf_changed":false},"product_brand":[11723],"product_cat":[12951,12912,12967,12928],"product_tag":[],"class_list":{"0":"post-37475","1":"product","2":"type-product","3":"status-publish","4":"has-post-thumbnail","6":"product_brand-slr-rifleworks","7":"product_cat-ar-hangolas","8":"product_cat-gazblokkok","9":"product_cat-puska","10":"product_cat-puska-tuning","12":"first","13":"outofstock","14":"taxable","15":"shipping-taxable","16":"purchasable","17":"product-type-simple"},"acf":[],"_links":{"self":[{"href":"https:\/\/nbg.eu\/hu\/wp-json\/wp\/v2\/product\/37475","targetHints":{"allow":["GET"]}}],"collection":[{"href":"https:\/\/nbg.eu\/hu\/wp-json\/wp\/v2\/product"}],"about":[{"href":"https:\/\/nbg.eu\/hu\/wp-json\/wp\/v2\/types\/product"}],"wp:featuredmedia":[{"embeddable":true,"href":"https:\/\/nbg.eu\/hu\/wp-json\/wp\/v2\/media\/37403"}],"wp:attachment":[{"href":"https:\/\/nbg.eu\/hu\/wp-json\/wp\/v2\/media?parent=37475"}],"wp:term":[{"taxonomy":"product_brand","embeddable":true,"href":"https:\/\/nbg.eu\/hu\/wp-json\/wp\/v2\/product_brand?post=37475"},{"taxonomy":"product_cat","embeddable":true,"href":"https:\/\/nbg.eu\/hu\/wp-json\/wp\/v2\/product_cat?post=37475"},{"taxonomy":"product_tag","embeddable":true,"href":"https:\/\/nbg.eu\/hu\/wp-json\/wp\/v2\/product_tag?post=37475"}],"curies":[{"name":"wp","href":"https:\/\/api.w.org\/{rel}","templated":true}]}}